{"id":11,"date":"2009-03-09T10:50:00","date_gmt":"2009-03-09T09:50:00","guid":{"rendered":"http:\/\/benessereanimale.izsler-wp.glauco.it\/attivita\/"},"modified":"2026-03-16T09:39:18","modified_gmt":"2026-03-16T08:39:18","slug":"attivita","status":"publish","type":"page","link":"https:\/\/www.izsler.it\/benessereanimale\/attivita\/","title":{"rendered":"Attivit\u00e0"},"content":{"rendered":"<div>Il Centro di Referenza Nazionale per il Benessere Animale (<a href=\"https:\/\/www.izsler.it\/benessereanimale\/\">CReNBA<\/a>), istituito con D.M. 13.02.2003 e affidato alla Dott.ssa Francesca Fusi, fornisce supporto tecnico-scientifico al Ministero della Salute (MINSAL) e all\u2019Autorit\u00e0 Competente in materia di benessere degli animali, siano essi da allevamento, da compagnia o selvatici, sia in libert\u00e0 che in cattivit\u00e0. Grazie all\u2019esperienza maturata, \u00e8 diventato membro attivo del Centro di Referenza Europeo per il benessere degli avicoli e di altri piccoli animali da reddito (<a href=\"https:\/\/www.eurcaw-poultry-sfa.eu\/en\/minisite\/sfawc\/welcome-european-reference-centre-animal-welfare-poultry-and-other-small-farmed\">EURCAW-Poultry-SFA<\/a>), offrendo consulenza anche ai Centri di Referenza Europei per il benessere dei ruminanti e degli equidi (<a href=\"https:\/\/www.eurcaw-ruminants-equines.eu\/\">EURCAW-RE<\/a>) e dei suini (<a href=\"https:\/\/eurcaw-pigs.eu\/\">EURCAW-Pigs<\/a>). \u00c8 inoltre coinvolto, in qualit\u00e0 di Unit\u00e0 Operativa, in progetti di ricerca europei promossi da <a href=\"https:\/\/www.efsa.europa.eu\/it\">EFSA<\/a> (Autorit\u00e0 Europea per la Sicurezza Alimentare) e da <a href=\"https:\/\/www.eupahw.eu\/\">EUP AH&amp;W<\/a> (la Partnership Europea per la Salute e il Benessere Animale). A livello nazionale partecipa a Progetti di Ricerca Corrente (PRC), sia come Capofila che come Unit\u00e0 Operativa, in collaborazione con altri Enti di Ricerca (IIZZSS, Universit\u00e0, ERSAF, CREA).<\/p>\n<p style=\"text-align: left\">Inoltre, il CReNBA collabora attivamente con il MINSAL e le Regioni per diffondere le proprie competenze sul benessere animale, attraverso l\u2019organizzazione di convegni, le attivit\u00e0 di docenza e la pubblicazione di articoli scientifici. Sempre con il MINSAL, ha realizzato la piattaforma <a href=\"http:\/\/www.classyfarm.it\">Classyfarm<\/a>,\u00a0 che raccoglie ed elabora dati provenienti dalle valutazioni in campo del benessere animale e della biosicurezza negli allevamenti, consumo di antibiotici, rilevazioni di dati al macello.\u00a0 L\u2019utilizzo del sistema permette anche di accedere al Sistema di Qualit\u00e0 Nazionale per il Benessere Animale (SQNBA), che introduce criteri certificabili e visibili in etichetta Per garantire il funzionamento del Sistema, il CReNBA elabora e aggiorna costantemente manuali relativi al benessere e alla biosicurezza degli animali da reddito, corredati da check-list utili per la loro valutazione; inoltre, promuove corsi sia in presenza che online per illustrarne l\u2019applicazione pratica sul campo. Il Centro \u00e8 responsabile della formazione e dell\u2019abilitazione dei Veterinari Ufficiali e Aziendali per la valutazione del benessere animale, oltre che del rilascio del certificato di idoneit\u00e0 alla macellazione per gli operatori. Cura, inoltre, la formazione e l\u2019aggiornamento dei conducenti e dei guardiani di animali per il trasporto, e si occupa della rendicontazione delle manifestazioni popolari che prevedono l\u2019impiego di equidi. Infine, il Centro offre servizi di analisi biochimiche ed ematologiche per campioni biologici di animali provenienti da cittadini, ASL\/ATS forze dell\u2019ordine, tramite il laboratorio accreditato e specializzato in Benessere Animale, Biochimica Clinica e Immunologia Veterinaria.<\/p>\n<\/div>\n<p>&nbsp;<\/p>\n<p>Responsabile: <em><strong>Francesca Fusi<\/strong><\/em><\/p>\n<p>Tel. 030 2290529<\/p>\n<p><a href=\"francesca.fusi@izsler.it\">francesca.fusi@izsler.it<\/a><\/p>\n<p>Direttore in uscita: <em><strong>Luigi Bertocchi<\/strong><\/em><\/p>\n<p>Tel. 030 2290342<\/p>\n<p><a href=\"mailto:luigi.bertocchi@izsler.it\">luigi.bertocchi@izsler.it<\/a><\/p>\n<p>Referente trasporto e macellazione rituale: <em><strong>Sara Rota Nodari<\/strong><\/em><\/p>\n<p>Tel. 030 2290637<\/p>\n<p><a href=\"mailto:sara.rotanodari@izsler.it\">sara.rotanodari@izsler.it<\/a><\/p>\n<p>Referente specie ruminanti: <em><strong>Francesca Fusi<\/strong><\/em><\/p>\n<p>Tel. 030 2290529<\/p>\n<p><a href=\"francesca.fusi@izsler.it\">francesca.fusi@izsler.it<\/a><\/p>\n<p>Referente specie aviare: <em><strong>Leonardo James Vinco<\/strong><\/em><\/p>\n<p>Tel. 030 2290626<\/p>\n<p><a href=\"mailto:leonardojames.vinco@izsler.it\">leonardojames.vinco@izsler.it<\/a><\/p>\n<p>Referente biochimica clinica e immunologia: <em><strong>Riccardo Villa<\/strong><\/em><\/p>\n<p>Tel. 030 2290365<\/p>\n","protected":false},"excerpt":{"rendered":"<p>Il Centro di Referenza Nazionale per il Benessere Animale (CReNBA), istituito con D.M. 13.02.2003 e affidato alla Dott.ssa Francesca Fusi, fornisce supporto tecnico-scientifico al Ministero della Salute (MINSAL) e all\u2019Autorit\u00e0 Competente in materia di benessere degli animali, siano essi da allevamento, da compagnia o selvatici, sia in libert\u00e0 che in cattivit\u00e0. Grazie all\u2019esperienza maturata, \u00e8 [&hellip;]<\/p>\n","protected":false},"author":18,"featured_media":0,"parent":0,"menu_order":0,"comment_status":"open","ping_status":"open","template":"","meta":{"ip_address":"","user_agent":"","level":"","revision":"","cookie_id":"","page_referer":"","html_form":""},"_links":{"self":[{"href":"https:\/\/www.izsler.it\/benessereanimale\/wp-json\/wp\/v2\/pages\/11"}],"collection":[{"href":"https:\/\/www.izsler.it\/benessereanimale\/wp-json\/wp\/v2\/pages"}],"about":[{"href":"https:\/\/www.izsler.it\/benessereanimale\/wp-json\/wp\/v2\/types\/page"}],"author":[{"embeddable":true,"href":"https:\/\/www.izsler.it\/benessereanimale\/wp-json\/wp\/v2\/users\/18"}],"replies":[{"embeddable":true,"href":"https:\/\/www.izsler.it\/benessereanimale\/wp-json\/wp\/v2\/comments?post=11"}],"version-history":[{"count":11,"href":"https:\/\/www.izsler.it\/benessereanimale\/wp-json\/wp\/v2\/pages\/11\/revisions"}],"predecessor-version":[{"id":7187,"href":"https:\/\/www.izsler.it\/benessereanimale\/wp-json\/wp\/v2\/pages\/11\/revisions\/7187"}],"wp:attachment":[{"href":"https:\/\/www.izsler.it\/benessereanimale\/wp-json\/wp\/v2\/media?parent=11"}],"curies":[{"name":"wp","href":"https:\/\/api.w.org\/{rel}","templated":true}]}}