{"id":10,"date":"2019-05-15T11:36:00","date_gmt":"2019-05-15T09:36:00","guid":{"rendered":"http:\/\/cdrn.izsler-wp.glauco.it\/attivita\/"},"modified":"2025-01-28T11:13:44","modified_gmt":"2025-01-28T10:13:44","slug":"attivita","status":"publish","type":"page","link":"https:\/\/www.izsler.it\/cdrn\/attivita\/","title":{"rendered":"Attivit\u00e0"},"content":{"rendered":"<p>Il Centro svolge la sua attivit\u00e0 di servizio organizzando eventi formativi per i centri di referenza di IZSLER , per il Ministero della Salute, per le Regioni di Competenza<\/p>\n<p>Il Centro Nazionale di Referenza per la Formazione in Sanit\u00e0 Pubblica Veterinaria, strumento strategico di aggiornamento, svolge la propria attivit\u00e0 utilizzando diverse metodologie didattiche (formazione residenziale, sul campo, training individualizzati, gruppi di miglioramento, attivit\u00e0 di ricerca,\u00a0<em>e-learning, collaborative learning, problem based learning<\/em>)<em>.<\/em><\/p>\n<p>Il Centro ha rinnovato la Certificazione nell\u2019ambito della Norma UNI EN ISO 9001:2015.L\u2019audit, sostenuto in data 24-07-2018, ha avuto esito positivo. <em>Campo di applicazione della certificazione: Progettazione ed erogazione di corsi di formazione e aggiornamento professionale. Gestione ed incremento del patrimonio documentale e informativo. Gestione dei servizi bibliotecari<\/em><\/p>\n<p>Il personale del Centro di Formazione si occupa di attivit\u00e0 sia progettuali che amministrative ai fini della corretta gestione dei vari processi del sistema formazione. Inoltre, l&#8217;attivit\u00e0 progettuale del Centro di Formazione \u00e8 fortemente allineata alla normativa del Sistema ECM.<br \/>\nE&#8217; quindi necessaria una costante attivit\u00e0 di aggiornamento al fine di fornire informazioni precise e corrette agli utenti del sistema, nonch\u00e9 di adeguare la propria attivit\u00e0 ai cambiamenti normativi del sistema di educazione continua in medicina.<\/p>\n<p>&nbsp;<\/p>\n<p>&nbsp;<\/p>\n","protected":false},"excerpt":{"rendered":"<p>Il Centro svolge la sua attivit\u00e0 di servizio organizzando eventi formativi per i centri di referenza di IZSLER , per il Ministero della Salute, per le Regioni di Competenza Il Centro Nazionale di Referenza per la Formazione in Sanit\u00e0 Pubblica Veterinaria, strumento strategico di aggiornamento, svolge la propria attivit\u00e0 utilizzando diverse metodologie didattiche (formazione residenziale, [&hellip;]<\/p>\n","protected":false},"author":18,"featured_media":69,"parent":0,"menu_order":0,"comment_status":"open","ping_status":"open","template":"","meta":{"ip_address":"","user_agent":"","level":"","revision":"","cookie_id":"","page_referer":"","html_form":""},"_links":{"self":[{"href":"https:\/\/www.izsler.it\/cdrn\/wp-json\/wp\/v2\/pages\/10"}],"collection":[{"href":"https:\/\/www.izsler.it\/cdrn\/wp-json\/wp\/v2\/pages"}],"about":[{"href":"https:\/\/www.izsler.it\/cdrn\/wp-json\/wp\/v2\/types\/page"}],"author":[{"embeddable":true,"href":"https:\/\/www.izsler.it\/cdrn\/wp-json\/wp\/v2\/users\/18"}],"replies":[{"embeddable":true,"href":"https:\/\/www.izsler.it\/cdrn\/wp-json\/wp\/v2\/comments?post=10"}],"version-history":[{"count":4,"href":"https:\/\/www.izsler.it\/cdrn\/wp-json\/wp\/v2\/pages\/10\/revisions"}],"predecessor-version":[{"id":1967,"href":"https:\/\/www.izsler.it\/cdrn\/wp-json\/wp\/v2\/pages\/10\/revisions\/1967"}],"wp:featuredmedia":[{"embeddable":true,"href":"https:\/\/www.izsler.it\/cdrn\/wp-json\/wp\/v2\/media\/69"}],"wp:attachment":[{"href":"https:\/\/www.izsler.it\/cdrn\/wp-json\/wp\/v2\/media?parent=10"}],"curies":[{"name":"wp","href":"https:\/\/api.w.org\/{rel}","templated":true}]}}