{"id":5,"date":"2023-05-15T12:00:52","date_gmt":"2023-05-15T10:00:52","guid":{"rendered":"http:\/\/cdrparatubercolosi.izsler-wp.glauco.it\/?page_id=5"},"modified":"2023-05-15T12:00:52","modified_gmt":"2023-05-15T10:00:52","slug":"cdr-paratubercolosi","status":"publish","type":"page","link":"https:\/\/www.izsler.it\/cdrparatubercolosi\/","title":{"rendered":"CDR paratubercolosi"},"content":{"rendered":"<p><strong>Centro di referenza nazionale per la paratubercolosi<\/strong><\/p>\n<p><strong><em>Origini<\/em><\/strong><br \/>\nL&#8217;attivit\u00e0 della Sezione di Piacenza nel campo della paratubercolosi \u00e8 iniziata a met\u00e0 degli anni &#8217;80 quando un gruppo di allevatori piacentini di bovini di Razza Limousine, a seguito dei ripetuti casi di malattia segnalati in bovini importati dalla Francia, ha sollecitato un intervento della Sezione di Piacenza per la messa a punto dei metodi diagnostici e per la realizzazione di un piano di controllo volontario.<br \/>\nSuccessivamente il Centro di Referenza ha lavorato per migliorare le metodiche diagnostiche e ha introdotto, a fianco delle classiche metodiche sierologiche e colturali, tecniche di biologia molecolare, volte sia alla diagnosi diretta che alla tipizzazione dei ceppi isolati.<\/p>\n<p><strong><em>Riconoscimento<\/em><\/strong><\/p>\n<p>Il Ministero della Salute ha attivato il Centro di Referenza Nazionale (CRN) della paratubercolosi presso la Sezione di Piacenza dell&#8217;IZSLER, con decreto del 13.2.2003, pubblicato sulla G.U. n.81 del 7.4.2003.<\/p>\n","protected":false},"excerpt":{"rendered":"<p>Centro di referenza nazionale per la paratubercolosi Origini L&#8217;attivit\u00e0 della Sezione di Piacenza nel campo della paratubercolosi \u00e8 iniziata a met\u00e0 degli anni &#8217;80 quando un gruppo di allevatori piacentini di bovini di Razza Limousine, a seguito dei ripetuti casi di malattia segnalati in bovini importati dalla Francia, ha sollecitato un intervento della Sezione di [&hellip;]<\/p>\n","protected":false},"author":18,"featured_media":0,"parent":0,"menu_order":0,"comment_status":"closed","ping_status":"closed","template":"","meta":{"ip_address":"","user_agent":"","level":"","revision":"","cookie_id":"","page_referer":"","html_form":""},"_links":{"self":[{"href":"https:\/\/www.izsler.it\/cdrparatubercolosi\/wp-json\/wp\/v2\/pages\/5"}],"collection":[{"href":"https:\/\/www.izsler.it\/cdrparatubercolosi\/wp-json\/wp\/v2\/pages"}],"about":[{"href":"https:\/\/www.izsler.it\/cdrparatubercolosi\/wp-json\/wp\/v2\/types\/page"}],"author":[{"embeddable":true,"href":"https:\/\/www.izsler.it\/cdrparatubercolosi\/wp-json\/wp\/v2\/users\/18"}],"replies":[{"embeddable":true,"href":"https:\/\/www.izsler.it\/cdrparatubercolosi\/wp-json\/wp\/v2\/comments?post=5"}],"version-history":[{"count":1,"href":"https:\/\/www.izsler.it\/cdrparatubercolosi\/wp-json\/wp\/v2\/pages\/5\/revisions"}],"predecessor-version":[{"id":6,"href":"https:\/\/www.izsler.it\/cdrparatubercolosi\/wp-json\/wp\/v2\/pages\/5\/revisions\/6"}],"wp:attachment":[{"href":"https:\/\/www.izsler.it\/cdrparatubercolosi\/wp-json\/wp\/v2\/media?parent=5"}],"curies":[{"name":"wp","href":"https:\/\/api.w.org\/{rel}","templated":true}]}}