{"id":12,"date":"2010-06-25T14:19:00","date_gmt":"2010-06-25T12:19:00","guid":{"rendered":"http:\/\/cerves.izsler-wp.glauco.it\/malattia-vescicolare-del-suino\/"},"modified":"2024-12-04T15:01:23","modified_gmt":"2024-12-04T14:01:23","slug":"malattia-vescicolare-del-suino","status":"publish","type":"page","link":"https:\/\/www.izsler.it\/cerves\/malattie-vescicolari\/malattia-vescicolare-del-suino\/","title":{"rendered":"MALATTIA VESCICOLARE DEL SUINO"},"content":{"rendered":"<p>La malattia vescicolare del suino (MVS) \u00e8 una malattia infettiva e contagiosa ad eziologia virale caratterizzata da alta morbilit\u00e0 e bassa mortalit\u00e0. Segnalata per la prima volta nel 1966, e oggetto di un piano di sorveglianza ed eradicazione a partire dal 1995, al momento risulta ufficialmente eradicata. Nel 2019 l\u2019Italia ha infatti ottenuto il riconoscimento di Stato membro ufficialmente indenne per MVS da parte dell\u2019Unione Europea<\/p>\n<p><a href=\"https:\/\/www.izsler.it\/cerves\/malattie-vescicolari\/malattia-vescicolare-del-suino\/malattia\/\">Malattia<\/a><\/p>\n<p><a href=\"https:\/\/www.izsler.it\/cerves\/malattie-vescicolari\/malattia-vescicolare-del-suino\/malattia-vescicolare-del-suino-mvs-moduli-e-manuali\/\">Legislazione e documentazione<\/a><\/p>\n","protected":false},"excerpt":{"rendered":"<p>La malattia vescicolare del suino (MVS) \u00e8 una malattia infettiva e contagiosa ad eziologia virale caratterizzata da alta morbilit\u00e0 e bassa mortalit\u00e0. Segnalata per la prima volta nel 1966, e oggetto di un piano di sorveglianza ed eradicazione a partire dal 1995, al momento risulta ufficialmente eradicata. Nel 2019 l\u2019Italia ha infatti ottenuto il riconoscimento [&hellip;]<\/p>\n","protected":false},"author":18,"featured_media":0,"parent":399,"menu_order":0,"comment_status":"open","ping_status":"open","template":"","meta":{"ip_address":"","user_agent":"","level":"","revision":"","cookie_id":"","page_referer":"","html_form":""},"_links":{"self":[{"href":"https:\/\/www.izsler.it\/cerves\/wp-json\/wp\/v2\/pages\/12"}],"collection":[{"href":"https:\/\/www.izsler.it\/cerves\/wp-json\/wp\/v2\/pages"}],"about":[{"href":"https:\/\/www.izsler.it\/cerves\/wp-json\/wp\/v2\/types\/page"}],"author":[{"embeddable":true,"href":"https:\/\/www.izsler.it\/cerves\/wp-json\/wp\/v2\/users\/18"}],"replies":[{"embeddable":true,"href":"https:\/\/www.izsler.it\/cerves\/wp-json\/wp\/v2\/comments?post=12"}],"version-history":[{"count":4,"href":"https:\/\/www.izsler.it\/cerves\/wp-json\/wp\/v2\/pages\/12\/revisions"}],"predecessor-version":[{"id":728,"href":"https:\/\/www.izsler.it\/cerves\/wp-json\/wp\/v2\/pages\/12\/revisions\/728"}],"up":[{"embeddable":true,"href":"https:\/\/www.izsler.it\/cerves\/wp-json\/wp\/v2\/pages\/399"}],"wp:attachment":[{"href":"https:\/\/www.izsler.it\/cerves\/wp-json\/wp\/v2\/media?parent=12"}],"curies":[{"name":"wp","href":"https:\/\/api.w.org\/{rel}","templated":true}]}}