{"id":430,"date":"2024-10-29T11:09:19","date_gmt":"2024-10-29T10:09:19","guid":{"rendered":"https:\/\/www.izsler.it\/cerves\/?page_id=430"},"modified":"2024-11-21T16:46:19","modified_gmt":"2024-11-21T15:46:19","slug":"metodi","status":"publish","type":"page","link":"https:\/\/www.izsler.it\/cerves\/attivita\/metodi\/","title":{"rendered":"METODI"},"content":{"rendered":"<p>L\u2019IZSLER applica un <a href=\"https:\/\/www.izsler.it\/izs_home_page\/servizi\/00000098_Qualita.html\" target=\"_blank\" rel=\"noopener\"><strong>Sistema di Gestione per la Qualit\u00e0<\/strong><\/a> finalizzato alla affidabilit\u00e0 del risultato analitico, che si fonda sui requisiti per l\u2019Accreditamento dei laboratori di prova e taratura definiti nella norma internazionale <strong>UNI CEI EN ISO\/IEC 17025.<\/strong> L\u2019adesione ai suddetti standard costituisce garanzia della competenza tecnica e dell\u2019impazialit\u00e0 del laboratorio nella effettuazione delle prove ed \u00e8, in ragione di ci\u00f2, anche strumento per il mutuo riconoscimento dei risultati di prova in ambito internazionale.<\/p>\n<p>Oggi l\u2019IZSLER, iscritto al registro dei laboratori accreditati, \u00e8 il pi\u00f9 grande laboratorio multisito italiano con oltre 1600 prove accreditate svolte nella Sede centrale di Brescia e nelle 17 Sezioni territoriali della Lombardia ed Emilia-Romagna e risponde con appropriatezza ed efficienza alle\u00a0 esigenze di controllo e di supporto alle attivit\u00e0 produttive nell\u2019ambito della Sicurezza Alimentare, della Sanit\u00e0 e del Benessere Animale. La lista dei metodi accreditati \u00e8 consultabile <a href=\"https:\/\/www.izsler.it\/chi-siamo\/per-chi-e-con-chi-lavoriamo\/qualita\/sedi-e-prove-accreditate\/\">qui<\/a>.<\/p>\n<p>La competenza dei Laboratori IZSLER\u00a0 \u00e8 attestata in tutti i diversi settori tecnici di prova e si avvalora di un costante perfezionamento ed ampliamento attraverso l\u2019attenzione all\u2019evoluzione delle tecnologie e lo stimolo alla ricerca interna, che consolida e rinnova anche l\u2019attivit\u00e0 di produzione di reagenti diagnostici. L\u2019accreditamento<strong> UNI CEI EN ISO\/IEC 17025<\/strong> assume anche, in virt\u00f9 dei contenuti di visione della norma, valore di impegno per il laboratorio al miglioramento continuo del servizio e alla soddisfazione del Cliente.<\/p>\n<p>I Metodi di Prova adottati seguono, ove esistenti, riferimenti normativi specifici, il pi\u00f9 importante dei quali \u00e8 il &#8220;<em>Manual of Diagnostic Tests and Vaccines for Terrestrial Animals<\/em>&#8221; e le sue successive revisioni, che norma i principi dei test sierologici e virologici per l&#8217;<a href=\"https:\/\/www.woah.org\/fileadmin\/Home\/eng\/Health_standards\/tahm\/3.01.08_FMD.pdf\" target=\"_blank\" rel=\"noopener\">Afta Epizootica<\/a>, per la <a href=\"https:\/\/www.woah.org\/fileadmin\/Home\/eng\/Health_standards\/tahm\/3.09.07_SVD.pdf\" target=\"_blank\" rel=\"noopener\">Malattia Vescicolare del Suino<\/a> e per la <a href=\"https:\/\/www.woah.org\/fileadmin\/Home\/eng\/Health_standards\/tahm\/3.01.25_VESICULAR_STOMATITIS.pdf\" target=\"_blank\" rel=\"noopener\">Stomatite Vescicolare<\/a><\/p>\n<p>Tutte le prove diagnostiche basate su metodiche ELISA sono state sviluppate dal Centro di Referenza, con l\u2019utilizzo di anticorpi monoclonali prodotti e caratterizzati nell\u2019arco di anni.<\/p>\n<p>Le metodiche sono state sottoposte a processo di validazione riconosciuto a livello internazionale.<\/p>\n<p>I MMPP per Afta e Malattia Vescicolare del Suino sono soggetti a verifica annuale nel corso dei Proficiency Test internazionali organizzati dal EURL (ANSES, Francia) e dal WRL (The Pirbright Institute, UK). I test di Sieroneutralizzazione e Real Time RT-PCR per Stomatite Vescicolare sono verificati mediante circuito interlaboratorio biennale organizzato dal EURL (ANSES, Francia).<\/p>\n<p>Nelle tabelle seguenti \u00a0sono riportati e descritti i test diagnostici utilizzati<\/p>\n<ul>\n<li><em>\u00a0<\/em><em>Test Virologici e Sierologici in uso per la diagnosi di <strong>Afta Epizootica <\/strong><\/em>(<a href=\"https:\/\/www.izsler.it\/cerves\/wp-content\/uploads\/sites\/14\/2024\/11\/fmdv.pdf\">test FMD<\/a>)<\/li>\n<li><em>Test Virologici e Sierologici in uso per diagnosi di <strong>Malattia Vescicolare del Suino <\/strong><\/em>(<a href=\"https:\/\/www.izsler.it\/cerves\/wp-content\/uploads\/sites\/14\/2024\/11\/mvs.pdf\">test MVS<\/a>)<\/li>\n<li><em>Test Virologici e Sierologici in uso per la diagnosi di <strong>Stomatite Vescicolare <\/strong><\/em>(<a href=\"https:\/\/www.izsler.it\/cerves\/wp-content\/uploads\/sites\/14\/2024\/11\/vs.pdf\">test VS<\/a>)<\/li>\n<li><em>Test Virologici e Sierologici in uso per la diagnosi di <strong>Encefalomiocardite virale del suino <\/strong><\/em>(<a href=\"https:\/\/www.izsler.it\/cerves\/wp-content\/uploads\/sites\/14\/2024\/11\/EMCV.pdf\">test EMCV<\/a>)<\/li>\n<li><em>Test Virologici in uso per la diagnosi di <strong>Seneca Valley Virus <\/strong><\/em>(<a href=\"https:\/\/www.izsler.it\/cerves\/wp-content\/uploads\/sites\/14\/2024\/11\/svv.pdf\">test SVV<\/a>)<\/li>\n<\/ul>\n<p><strong><em>\u00a0<\/em><\/strong>Il dettaglio delle tariffe di ciascun metodo di prova si pu\u00f2 trovare <a href=\"https:\/\/www.izsler.it\/izs_home_page\/servizi\/00000112_Tariffario_e_riferimento_ai_metodi_di_prova.html\" target=\"_blank\" rel=\"noopener\">qui<\/a>.<\/p>\n","protected":false},"excerpt":{"rendered":"<p>L\u2019IZSLER applica un Sistema di Gestione per la Qualit\u00e0 finalizzato alla affidabilit\u00e0 del risultato analitico, che si fonda sui requisiti per l\u2019Accreditamento dei laboratori di prova e taratura definiti nella norma internazionale UNI CEI EN ISO\/IEC 17025. L\u2019adesione ai suddetti standard costituisce garanzia della competenza tecnica e dell\u2019impazialit\u00e0 del laboratorio nella effettuazione delle prove ed [&hellip;]<\/p>\n","protected":false},"author":8,"featured_media":0,"parent":440,"menu_order":0,"comment_status":"closed","ping_status":"closed","template":"","meta":{"ip_address":"","user_agent":"","level":"","revision":"","cookie_id":"","page_referer":"","html_form":""},"_links":{"self":[{"href":"https:\/\/www.izsler.it\/cerves\/wp-json\/wp\/v2\/pages\/430"}],"collection":[{"href":"https:\/\/www.izsler.it\/cerves\/wp-json\/wp\/v2\/pages"}],"about":[{"href":"https:\/\/www.izsler.it\/cerves\/wp-json\/wp\/v2\/types\/page"}],"author":[{"embeddable":true,"href":"https:\/\/www.izsler.it\/cerves\/wp-json\/wp\/v2\/users\/8"}],"replies":[{"embeddable":true,"href":"https:\/\/www.izsler.it\/cerves\/wp-json\/wp\/v2\/comments?post=430"}],"version-history":[{"count":15,"href":"https:\/\/www.izsler.it\/cerves\/wp-json\/wp\/v2\/pages\/430\/revisions"}],"predecessor-version":[{"id":555,"href":"https:\/\/www.izsler.it\/cerves\/wp-json\/wp\/v2\/pages\/430\/revisions\/555"}],"up":[{"embeddable":true,"href":"https:\/\/www.izsler.it\/cerves\/wp-json\/wp\/v2\/pages\/440"}],"wp:attachment":[{"href":"https:\/\/www.izsler.it\/cerves\/wp-json\/wp\/v2\/media?parent=430"}],"curies":[{"name":"wp","href":"https:\/\/api.w.org\/{rel}","templated":true}]}}