{"id":172,"date":"2019-05-28T11:41:00","date_gmt":"2019-05-28T09:41:00","guid":{"rendered":"http:\/\/creflatte.izsler-wp.glauco.it\/formazione\/"},"modified":"2019-05-28T11:41:00","modified_gmt":"2019-05-28T09:41:00","slug":"formazione","status":"publish","type":"page","link":"https:\/\/www.izsler.it\/creflatte\/formazione\/","title":{"rendered":"Formazione"},"content":{"rendered":"<p>In assenza di una specifica patologia di riferimento il CNR si occupa dell&#8217;insieme degli aspetti igienico-sanitari e di qualit\u00e0 delle produzioni per l&#8217;intera filiera produttiva lattiero-casearia. In quest&#8217;ottica rientrano le attivit\u00e0 di formazione realizzate nel corso degli anni a differenti tipologie di &#8220;addetti ai lavori&#8221;; partendo ovviamente da addetti alla mungitura ed allevatori, passando agli addetti al prelievo del latte ed agli operatori dei caseifici, per arrivare quindi ai tecnici di laboratorio dei diversi IZS, ai veterinari delle ASL o liberi professionisti, fino ai normali consumatori e a studenti universitari o delle scuole superiori.\u00a0 La maggior parte delle attivit\u00e0 \u00e8 ovviamente\u00a0 collegata agli aspetti specifici delle analisi di laboratorio (metodiche, interpretazione dei risultati etc.) ma nel corso degli anni sono stati affrontati spesso temi specialistici e di pratica applicazione nei settori della sanit\u00e0 animale (es: i prevenzione mastiti) e sicurezza alimentare (sistemi di autocontrollo, azioni correttive, conformit\u00e0 alla normativa) ed infine di alimentazione umana (informazioni nutrizionali, salubrit\u00e0 della conservazione alimentare).<\/p>\n","protected":false},"excerpt":{"rendered":"<p>In assenza di una specifica patologia di riferimento il CNR si occupa dell&#8217;insieme degli aspetti igienico-sanitari e di qualit\u00e0 delle produzioni per l&#8217;intera filiera produttiva lattiero-casearia. In quest&#8217;ottica rientrano le attivit\u00e0 di formazione realizzate nel corso degli anni a differenti tipologie di &#8220;addetti ai lavori&#8221;; partendo ovviamente da addetti alla mungitura ed allevatori, passando agli [&hellip;]<\/p>\n","protected":false},"author":18,"featured_media":0,"parent":0,"menu_order":0,"comment_status":"open","ping_status":"open","template":"","meta":{"ip_address":"","user_agent":"","level":"","revision":"","cookie_id":"","page_referer":"","html_form":""},"_links":{"self":[{"href":"https:\/\/www.izsler.it\/creflatte\/wp-json\/wp\/v2\/pages\/172"}],"collection":[{"href":"https:\/\/www.izsler.it\/creflatte\/wp-json\/wp\/v2\/pages"}],"about":[{"href":"https:\/\/www.izsler.it\/creflatte\/wp-json\/wp\/v2\/types\/page"}],"author":[{"embeddable":true,"href":"https:\/\/www.izsler.it\/creflatte\/wp-json\/wp\/v2\/users\/18"}],"replies":[{"embeddable":true,"href":"https:\/\/www.izsler.it\/creflatte\/wp-json\/wp\/v2\/comments?post=172"}],"version-history":[{"count":0,"href":"https:\/\/www.izsler.it\/creflatte\/wp-json\/wp\/v2\/pages\/172\/revisions"}],"wp:attachment":[{"href":"https:\/\/www.izsler.it\/creflatte\/wp-json\/wp\/v2\/media?parent=172"}],"curies":[{"name":"wp","href":"https:\/\/api.w.org\/{rel}","templated":true}]}}