{"id":30,"date":"2009-03-05T10:41:00","date_gmt":"2009-03-05T09:41:00","guid":{"rendered":"http:\/\/creflatte.izsler-wp.glauco.it\/dati-analitici-qualita-del-latte\/"},"modified":"2023-06-28T17:12:21","modified_gmt":"2023-06-28T15:12:21","slug":"dati-analitici-qualita-del-latte","status":"publish","type":"page","link":"https:\/\/www.izsler.it\/creflatte\/dati-analitici-qualita-del-latte\/","title":{"rendered":"Dati Analitici Qualita del latte"},"content":{"rendered":"<p style=\"text-align: center;\"><strong>SISTEMA PAGAMENTO LATTE IN BASE ALLA QUALITA&#8217;<\/strong><br \/>\n<strong>Attivita analitica svolta dal &#8220;Reparto Produzione Primaria&#8221; dell&#8217;IZSLER .<br \/>\nDirigente Responsabile<\/strong> : Dr. Giorgio Zanardi<br \/>\nTelefono : 030 2290284-225 E-mail : <a href=\"mailto:latte@izsler.it\">latte@izsler.it<\/a><\/p>\n<p style=\"text-align: center;\">&#8212;&#8212;&#8212;&#8212;&#8212;&#8212;&#8212;&#8212;&#8212;&#8212;&#8212;&#8212;&#8212;&#8212;&#8212;&#8212;&#8212;&#8212;&#8212;&#8212;&#8212;&#8212;&#8212;&#8212;&#8212;&#8212;&#8211;<\/p>\n<p style=\"text-align: center;\"><strong>BASE OPERATIVA ED ATTIVITA&#8217; COMPLESSIVA<\/strong>:<\/p>\n<p style=\"text-align: center;\"><strong>PAGAMENTO LATTE QUALITA&#8217; ANNI 2000-2019<\/strong><br \/>\nElaborazione Dati: Dr. G. Bolzoni e C. Baiguera<\/p>\n<table border=\"0\" cellspacing=\"0\" cellpadding=\"0\">\n<tbody>\n<tr>\n<td><a title=\" - clicca per ingrandire\" href=\"\/pls\/izs_bs\/v3_s2ew_consultazione.fotina?didascalia=&amp;url=%2Fizs_bs%2Fallegati%2F525%2FCampioniTotali%2Ejpg&amp;id_pagina=525\"><img decoding=\"async\" style=\"width: 350px;\" src=\"\/izs_bs\/allegati\/525\/CampioniTotali.jpg\" alt=\"\" \/><\/a><br \/>\nPremere sul grafico per ingrandire<\/td>\n<td><a title=\" - clicca per ingrandire\" href=\"\/pls\/izs_bs\/v3_s2ew_consultazione.fotina?didascalia=&amp;url=%2Fizs_bs%2Fallegati%2F525%2FAnalisiTotali%2Ejpg&amp;id_pagina=525\"><img decoding=\"async\" style=\"width: 350px;\" src=\"\/izs_bs\/allegati\/525\/AnalisiTotali.jpg\" alt=\"\" \/><\/a><br \/>\nPremere sul grafico per ingrandire<\/td>\n<\/tr>\n<\/tbody>\n<\/table>\n<p><em>Il numero di Primi Acquirenti \/ Caseifici Destinatari coinvolti nel programma, \u00e8 sostanzialmente costante da alcuni anni, mentre sono aumentati i produttori\/autotrasformatori che afferiscono al sistema per la realizzazione del proprio piano di autocontrollo. Continua invece la progressiva seppur ormai limitata riduzione dei campioni analizzati nel corso dell&#8217;anno. Ci\u00f2 testimonia che, malgrado l&#8217;incremento dei campioni mensili che alcuni Acquirenti realizzano passando da 2 a 3 o 4, il numero di allevamenti attivi in regione continua a ridursi. Siamo ormai a meno del 50 % rispetto alla quota che caratterizzava il settore alla fine del passato millennio. Come \u00e8 noto il fenomeno deriva da una serie di fattori differenti, tra i quali sicuramente i pi\u00f9 rilevanti riguardano aspetti sociali ( et\u00e0 media degli operatori in forte aumento) ed economici ( redditivit\u00e0 dell&#8217;attivit\u00e0 produttiva) e, soprattutto negli ultimi anni, condizionamenti di natura ambientale e normativa che rende\u00a0 sempre pi\u00f9 difficoltosa l&#8217;attivit\u00e0 di produzione se non in grandi aziende ( il numero medio di bovine per allevamento \u00e8 infatti in costante crescita ormai da un ventennio). A nostro avviso infine il quadro appare ulteriormente complicato dal fatto che l&#8217;impatto economico del sistema di pagamento qualit\u00e0 (cio\u00e8 l&#8217;entit\u00e0 di premi e penalit\u00e0 sul prezzo dell&#8217;atte) appare sempre pi\u00f9 marginale (e spesso nemmeno applicato) mentre il sistema viene sempre pi\u00f9 utilizzato come sistema organizzato di autocontrollo a scopo sanitario. Ci\u00f2 incrementa ovviamente l&#8217;affidabilit\u00e0 del sistema di tenuta sotto controllo complessivo per le finalit\u00e0 di sicurezza alimentare ma, nel contempo, va riducendo la flessibilit\u00e0 del sistema, la sua adattabilit\u00e0 a filiere produttive diverse, la rapidit\u00e0 con cui si realizzano cambiamenti, aggiornamenti, e &#8220;customizzazioni&#8221; del sistema. In altre parole, le esigenze economico-commerciali risultano sempre pi\u00f9 condizionate e limitate da quelle normative. Il sistema di pagamento latte qualit\u00e0 quindi, rispetto alle sue origine, ha progressivamente perso di efficacia in termini tecnico-caseari, ma ha visto crescere notevolmente la sua importanza in termini di conformit\u00e0 alla Normativa e di strumento di controllo<\/em>.<\/p>\n<p><em>Il numero di analisi eseguite si presenta invece proporzionalmente meno ridotto rispetto al passato in relazione al fatto che, per ciascun campione analizzato, vengono richieste sempre pi\u00f9 spesso le analisi accessorie facoltative (10,23 in media nel 2019 rispetto ad esempio a 8,8 parametri nel 2003) con crescenti richieste per Enterobatteri, Attitudine alla Coagulazione, Agenti contagiosi, Aflatossina M1, Cloruri ed Acidi Grassi Saturi, Insaturi. E&#8217; del resto questa la direzione obbligata per passare gradualmente dal concetto di &#8220;qualit\u00e0 di base&#8221; valida in generale per tutto il latte prodotto, a quello di &#8220;qualit\u00e0 finalizzata&#8221; specificamente definita in funzione del tipo di trasformazione cui il latte \u00e8 destinato.<\/em><\/p>\n<p><em>Riteniamo infine importante sottolineare che sebbene sia ormai pi\u00f9 che evidente che l&#8217;utilizzo del sistema di pagamento del latte in base alla qualit\u00e0 si sia progressivamente indirizzato verso finalit\u00e0 diverse da quelle puramente produttive e casearie, resta\u00a0 pur sempre il primo passo, fondamentale, per conoscere le caratteristiche della materia prima utilizzata nei diversi e variegati settori di trasformazione; \u00e8 quindi evidente che una sempre maggior diversificazione die parametri utilizzati per definire il prezzo del singolo litro di latte sia la direzione da seguire per una miglior rapporto tra costo della materia prima e &#8220;resa&#8221; della trasformazione.<\/em><\/p>\n<p>&#8211; <strong> DATI DI ANALISI<\/strong> :<\/p>\n<ul>\n<li><a href=\"http:\/\/www.izsler.it\/creflatte\/dati-analitici-qualita-del-latte\/cellule-somatiche\/\">Cellule somatiche<\/a><\/li>\n<li><a href=\"http:\/\/www.izsler.it\/creflatte\/dati-analitici-qualita-del-latte\/carica-batterica-totale\/\">CARICA BATTERICA TOTALE<\/a><\/li>\n<li><a href=\"http:\/\/www.izsler.it\/creflatte\/dati-analitici-qualita-del-latte\/grasso-e-lattosio\/\">GRASSO E LATTOSIO<\/a><\/li>\n<li><a href=\"http:\/\/www.izsler.it\/creflatte\/dati-analitici-qualita-del-latte\/proteine-e-caseine\/\">PROTEINE E CASEINE<\/a><\/li>\n<li><a href=\"http:\/\/www.izsler.it\/creflatte\/dati-analitici-qualita-del-latte\/sporigeni-anaerobi\/\">SPORIGENI ANAEROBI<\/a><\/li>\n<li><a href=\"http:\/\/www.izsler.it\/creflatte\/dati-analitici-qualita-del-latte\/sostanze-inibenti\/\">SOSTANZE INIBENTI<\/a><\/li>\n<li><a href=\"http:\/\/www.izsler.it\/creflatte\/dati-analitici-qualita-del-latte\/enterobatteri-coliformi\/\">ENTEROBATTERI \/ COLIFORMI<\/a><\/li>\n<li><a href=\"http:\/\/www.izsler.it\/creflatte\/dati-analitici-qualita-del-latte\/punto-crioscopico\/\">PUNTO CRIOSCOPICO<\/a><\/li>\n<li><a href=\"http:\/\/www.izsler.it\/creflatte\/dati-analitici-qualita-del-latte\/urea\/\">UREA<\/a><\/li>\n<li><a href=\"http:\/\/www.izsler.it\/creflatte\/dati-analitici-qualita-del-latte\/altri-parametri-ed-acidi-grassi-new\/\">ALTRI PARAMETRI ED ACIDI GRASSI &#8211; NEW!!<\/a><\/li>\n<\/ul>\n<ul>\n<li><strong><a href=\"http:\/\/www.izsler.it\/creflatte\/dati-analitici-qualita-del-latte\/dati-izsler-lab-latte-piacenza\/\">NEW: Dati IZSLER Lab. Latte PIACENZA<\/a><\/strong><\/li>\n<li><strong><a href=\"http:\/\/www.izsler.it\/creflatte\/dati-analitici-qualita-del-latte\/confronto-lombardia-ed-emilia-romagna\/\">NEW: CONFRONTO LOMBARDIA ED EMILIA ROMAGNA<\/a><\/strong><\/li>\n<\/ul>\n","protected":false},"excerpt":{"rendered":"<p>SISTEMA PAGAMENTO LATTE IN BASE ALLA QUALITA&#8217; Attivita analitica svolta dal &#8220;Reparto Produzione Primaria&#8221; dell&#8217;IZSLER . Dirigente Responsabile : Dr. Giorgio Zanardi Telefono : 030 2290284-225 E-mail : latte@izsler.it &#8212;&#8212;&#8212;&#8212;&#8212;&#8212;&#8212;&#8212;&#8212;&#8212;&#8212;&#8212;&#8212;&#8212;&#8212;&#8212;&#8212;&#8212;&#8212;&#8212;&#8212;&#8212;&#8212;&#8212;&#8212;&#8212;&#8211; BASE OPERATIVA ED ATTIVITA&#8217; COMPLESSIVA: PAGAMENTO LATTE QUALITA&#8217; ANNI 2000-2019 Elaborazione Dati: Dr. G. Bolzoni e C. Baiguera Premere sul grafico per ingrandire Premere sul [&hellip;]<\/p>\n","protected":false},"author":18,"featured_media":0,"parent":0,"menu_order":0,"comment_status":"open","ping_status":"open","template":"","meta":{"ip_address":"","user_agent":"","level":"","revision":"","cookie_id":"","page_referer":"","html_form":""},"_links":{"self":[{"href":"https:\/\/www.izsler.it\/creflatte\/wp-json\/wp\/v2\/pages\/30"}],"collection":[{"href":"https:\/\/www.izsler.it\/creflatte\/wp-json\/wp\/v2\/pages"}],"about":[{"href":"https:\/\/www.izsler.it\/creflatte\/wp-json\/wp\/v2\/types\/page"}],"author":[{"embeddable":true,"href":"https:\/\/www.izsler.it\/creflatte\/wp-json\/wp\/v2\/users\/18"}],"replies":[{"embeddable":true,"href":"https:\/\/www.izsler.it\/creflatte\/wp-json\/wp\/v2\/comments?post=30"}],"version-history":[{"count":1,"href":"https:\/\/www.izsler.it\/creflatte\/wp-json\/wp\/v2\/pages\/30\/revisions"}],"predecessor-version":[{"id":224,"href":"https:\/\/www.izsler.it\/creflatte\/wp-json\/wp\/v2\/pages\/30\/revisions\/224"}],"wp:attachment":[{"href":"https:\/\/www.izsler.it\/creflatte\/wp-json\/wp\/v2\/media?parent=30"}],"curies":[{"name":"wp","href":"https:\/\/api.w.org\/{rel}","templated":true}]}}