{"id":34,"date":"2009-03-24T17:11:00","date_gmt":"2009-03-24T16:11:00","guid":{"rendered":"http:\/\/creflatte.izsler-wp.glauco.it\/dati-analitici-qualita-del-latte\/proteine-e-caseine\/"},"modified":"2009-03-24T17:11:00","modified_gmt":"2009-03-24T16:11:00","slug":"proteine-e-caseine","status":"publish","type":"page","link":"https:\/\/www.izsler.it\/creflatte\/dati-analitici-qualita-del-latte\/proteine-e-caseine\/","title":{"rendered":"PROTEINE E CASEINE"},"content":{"rendered":"<p>Anche questi sono parametri merceologici, rilevanti per l&#8217;apporto nutritivo di latte e prodotti derivati, ma sono soprattutto determinanti per la resa casearia del latte.<br \/>\n E&#8217; dalla quantit\u00e0 di caseine (in particolare della Caseina K) che dipende, principalmente anche se non esclusivamente, la quantit\u00e0 di formaggio ottenibile dal litro di latte, in qualunque processo produttivo caseario.<br \/>\n Anche per questo, il tenore in proteine \u00e8 da sempre il parametro &#8220;pi\u00f9 premiato e pi\u00f9 penalizzato&#8221; nei sistemi di calcolo del pagamento del latte. La determinazione della frazione caseinica (che l&#8217;IZSLER per primo in Italia ha reso possibile con metodiche analitiche di screening applicabili a grandi numeri di campioni a partire dal 2004) ha consentito di affinare ulteriormente la corretta valutazione di questo aspetto compositivo del latte: \u00e8 indubbio infatti che la frazione caseinica, pi\u00f9 di quella proteica in generale, sia direttamente correlata alla resa casearia.<\/p>\n<p><a href=\"\/pls\/izs_bs\/v3_s2ew_consultazione.fotina?didascalia=&#038;url=%2Fizs_bs%2Fallegati%2F525%2FProteineCaseineAnnuale%2Ejpg&#038;id_pagina=525\" onclick=\"window.open(' \/pls\/izs_bs\/v3_s2ew_consultazione.fotina?didascalia=&#038;url=%2Fizs_bs%2Fallegati%2F525%2FProteineCaseineAnnuale%2Ejpg&#038;id_pagina=525','foto','width=300,height=310,left=80,top=80,scrollbars=no,resizable=yes,');return(false);\" title=\" - clicca per ingrandire\"><img decoding=\"async\" alt=\"\" src=\"\/izs_bs\/allegati\/525\/ProteineCaseineAnnuale.jpg\" style=\"width: 350px;\" \/><\/a><br \/>\n \u00a0<br \/>\n Premere sul grafico per ingrandire<br \/>\n \u00a0<\/p>\n<p>Il valore medio annuale delle proteine dopo i notevoli incrementi osservati nei primi anni &#8217;90, in parte determinati proprio dal sistema di pagamento differenziato, ha mostrato una tendenza di continuo, lento e progressivo miglioramento. Da questo punto di vista il leggero incremento che si osserva negli ultimi cinque anni assume ancor maggior significato in quanto, come noto, migliorare situazioni gi\u00e0 buone \u00e8 decisamente pi\u00f9 difficile di ottenere risultati in condizioni insufficienti. Fattori climatici, scelte nutrizionali e soprattutto selezione degli animali e livello di spinta produttiva sono i fattori che incidono contemporaneamente su questi parametri. Tenendo presente che stiamo comunque riferendoci a dati medi complessivi a livello regionale \u00e8 evidente che, con la ineliminabile variabilit\u00e0, questo miglioramento \u00e8 da considerare generalizzato e sostanzialmente ormai acquisito.<\/p>\n<p> Proprio per questo riteniamo ormai indispensabile cercare di realizzare un ulteriore passo in avanti in questa direzione. Ormai pi\u00f9 che assodate (ed in parte gi\u00e0 realizzate) le potenzialit\u00e0 della selezione genetica sui &#8220;tori miglioratori&#8221; pare infatti giunto il momento di estendere la selezione alla componente genetica delle femmine in relazione alla tipizzazione degli alleli genetici per i differenti componenti della caseina K. Gli strumenti analitici per questo tipo di indagine sono gi\u00e0 disponibili: sia a livello di latte di massa per una prima categorizzazione delle mandrie sia a livello di singolo animale per la selezione delle rimonte.\u00a0<\/p>\n<p><a href=\"\/pls\/izs_bs\/v3_s2ew_consultazione.fotina?didascalia=&#038;url=%2Fizs_bs%2Fallegati%2F525%2FProteineCaseineMensile0203%2Ejpg&#038;id_pagina=525\" onclick=\"window.open(' \/pls\/izs_bs\/v3_s2ew_consultazione.fotina?didascalia=&#038;url=%2Fizs_bs%2Fallegati%2F525%2FProteineCaseineMensile0203%2Ejpg&#038;id_pagina=525','foto','width=300,height=310,left=80,top=80,scrollbars=no,resizable=yes,');return(false);\" title=\" - clicca per ingrandire\"><img decoding=\"async\" alt=\"\" src=\"\/izs_bs\/allegati\/525\/ProteineCaseineMensile0203.jpg\" style=\"width: 350px;\" \/><\/a><br \/>\n \u00a0<br \/>\n Premere sul grafico per ingrandire<br \/>\n \u00a0<\/p>\n<p>Anche per questi parametri si osserva che il calo tradizionale calo dei mesi caldi seppur con minor intensit\u00e0 rispetto a quello del grasso. Nell&#8217;ultimo anno \u00e8 possibile apprezzare un livello di caseine leggermente superiore a quello degli anni precedenti, meno evidente invece nel caso delle proteine (da cui l&#8217;incremento osservato nell&#8217;indice di caseina calcolato per l&#8217;anno).<\/p>\n","protected":false},"excerpt":{"rendered":"<p>Anche questi sono parametri merceologici, rilevanti per l&#8217;apporto nutritivo di latte e prodotti derivati, ma sono soprattutto determinanti per la resa casearia del latte. E&#8217; dalla quantit\u00e0 di caseine (in particolare della Caseina K) che dipende, principalmente anche se non esclusivamente, la quantit\u00e0 di formaggio ottenibile dal litro di latte, in qualunque processo produttivo caseario. [&hellip;]<\/p>\n","protected":false},"author":18,"featured_media":0,"parent":30,"menu_order":0,"comment_status":"open","ping_status":"open","template":"","meta":{"ip_address":"","user_agent":"","level":"","revision":"","cookie_id":"","page_referer":"","html_form":""},"_links":{"self":[{"href":"https:\/\/www.izsler.it\/creflatte\/wp-json\/wp\/v2\/pages\/34"}],"collection":[{"href":"https:\/\/www.izsler.it\/creflatte\/wp-json\/wp\/v2\/pages"}],"about":[{"href":"https:\/\/www.izsler.it\/creflatte\/wp-json\/wp\/v2\/types\/page"}],"author":[{"embeddable":true,"href":"https:\/\/www.izsler.it\/creflatte\/wp-json\/wp\/v2\/users\/18"}],"replies":[{"embeddable":true,"href":"https:\/\/www.izsler.it\/creflatte\/wp-json\/wp\/v2\/comments?post=34"}],"version-history":[{"count":0,"href":"https:\/\/www.izsler.it\/creflatte\/wp-json\/wp\/v2\/pages\/34\/revisions"}],"up":[{"embeddable":true,"href":"https:\/\/www.izsler.it\/creflatte\/wp-json\/wp\/v2\/pages\/30"}],"wp:attachment":[{"href":"https:\/\/www.izsler.it\/creflatte\/wp-json\/wp\/v2\/media?parent=34"}],"curies":[{"name":"wp","href":"https:\/\/api.w.org\/{rel}","templated":true}]}}