{"id":38,"date":"2009-03-24T17:33:00","date_gmt":"2009-03-24T16:33:00","guid":{"rendered":"http:\/\/creflatte.izsler-wp.glauco.it\/dati-analitici-qualita-del-latte\/punto-crioscopico\/"},"modified":"2009-03-24T17:33:00","modified_gmt":"2009-03-24T16:33:00","slug":"punto-crioscopico","status":"publish","type":"page","link":"https:\/\/www.izsler.it\/creflatte\/dati-analitici-qualita-del-latte\/punto-crioscopico\/","title":{"rendered":"PUNTO CRIOSCOPICO"},"content":{"rendered":"<div><em>La determinazione del Punto Crioscopico del latte ha una finalit\u00e0 essenzialmente commerciale: individuare, nel latte di consegna, la presenza di anomale quantit\u00e0 di acqua estranea sia derivata da malfunzionamenti o errati utilizzi dell&#8217;impianto di mungitura e di conservazione del latte (lavaggi, disinfezioni), sia dalla eventuale aggiunta volontaria.<br \/>\n Non \u00e8 tra i parametri obbligatori previsti dagli accordi regionali, ma pu\u00f2 essere inserito di comune accordo dal singolo caseificio e dagli allevatori suoi conferenti.<br \/>\n Il parametro ha perso la valenza ufficiale che derivava dall&#8217;essere ricompreso tra i parametri di controllo previsti dal DPR 54\/97 (non rientra infatti tra quelli previsti dai Regolamentari Comunitari del Pacchetto Igiene) conservando quindi la sola rilevanza commerciale.<br \/>\n L&#8217;introduzione del parametro &#8220;cloruri&#8221; tra le analisi eseguite sui campioni di latte di massa conferiti al laboratorio fornisce un &#8216;ulteriore informazione di approfondimento sul tema.<br \/>\n E&#8217; infatti grazie al confronto tra i valori di questi due parametri (insieme ai dati storici di allevamento e alla verifica degli altri parametri compositivi) che \u00e8 possibile approfondire il livello di sorveglianza sulle composizioni anomale del prodotto.\u00a0<\/em><\/div>\n<div>\n<table border=\"0\" cellpadding=\"0\" cellspacing=\"0\">\n<tbody>\n<tr>\n<td>\u00a0\u00a0<a href=\"\/pls\/izs_bs\/v3_s2ew_consultazione.fotina?didascalia=&#038;url=%2Fizs_bs%2Fallegati%2F525%2FCrioscopiaAnnuale%2Ejpg&#038;id_pagina=525\" onclick=\"window.open(' \/pls\/izs_bs\/v3_s2ew_consultazione.fotina?didascalia=&#038;url=%2Fizs_bs%2Fallegati%2F525%2FCrioscopiaAnnuale%2Ejpg&#038;id_pagina=525','foto','width=300,height=310,left=80,top=80,scrollbars=no,resizable=yes,');return(false);\" title=\" - clicca per ingrandire\"><img decoding=\"async\" alt=\"\" src=\"\/izs_bs\/allegati\/525\/CrioscopiaAnnuale.jpg\" style=\"width: 350px;\" \/><\/a><br \/>\n \t\t\tPremere sul grafico per ingrandire\u00a0\u00a0\u00a0<\/td>\n<td>\u00a0\u00a0<a href=\"\/pls\/izs_bs\/v3_s2ew_consultazione.fotina?didascalia=&#038;url=%2Fizs_bs%2Fallegati%2F525%2FCrioNONConformi%2Ejpg&#038;id_pagina=525\" onclick=\"window.open(' \/pls\/izs_bs\/v3_s2ew_consultazione.fotina?didascalia=&#038;url=%2Fizs_bs%2Fallegati%2F525%2FCrioNONConformi%2Ejpg&#038;id_pagina=525','foto','width=300,height=310,left=80,top=80,scrollbars=no,resizable=yes,');return(false);\" title=\" - clicca per ingrandire\"><img decoding=\"async\" alt=\"\" src=\"\/izs_bs\/allegati\/525\/CrioNONConformi.jpg\" style=\"width: 350px;\" \/><\/a><br \/>\n \t\t\tPremere sul grafico per ingrandire\u00a0\u00a0\u00a0<\/td>\n<\/tr>\n<\/tbody>\n<\/table><\/div>\n<div><\/div>\n<div>\n Il valore medio osservato negli ultimi anni appare ormai costante e stabilizzato (attorno a -0,525) in modo da poter rappresentare un riferimento tecnico piuttosto sicuro di genuinit\u00e0 del prodotto a livello quantomeno regionale. E&#8217; comunque importante sottolineare che la variabilit\u00e0 attorno a questo valore risulta essere tradizionalmente molto ampia sia per un fattore tecnologico ( il tipo di impianto di mungitura condiziona fortemente la presenza tollerata di acqua estranea ) sia di tipo pi\u00f9 fisiologico ( il valore varia anche nella medesima mandria nel corso dell&#8217;anno ed in funzione di diversi fattori tra cui l&#8217;alimentazione, la fase di lattazione) sia infine di tipo zootecnico (la razza e la linea genetica degli animali). Tutto ci\u00f2 porta a affrontare il tema della &#8220;sofisticazione&#8221; del latte con molta prudenza. La quota di campioni che annualmente fornisce valori di crioscopia &#8220;non conformi&#8221; come vediamo dal secondo grafico sembrerebbe attestarsi attorno al 8-9% , quindi in apparenza una quota decisamente significativa e preoccupante. In realt\u00e0 l&#8217;analisi di questo dato (e ovviamente ancor di pi\u00f9 quando si faccia riferimento alla situazione di un singolo allevamento) deve necessariamente tener conto di numerosi fattori condizionanti: il metodo analitico utilizzato per i campioni del pagamento qualit\u00e0 \u00e8 meno preciso di quello di riferimento; trattandosi di un metodo indiretto infatti la sua precisione \u00e8 fortemente influenzata dalla quantit\u00e0 di campione in rapporto al conservante e dalla composizione complessiva del latte. Il suo utilizzo pertanto dovrebbe essere quello di selezionare nel tempo quegli allevamenti che con maggior frequenza presentano risultati non soddisfacenti. Da questa selezione si potranno poi individuare attraverso specifici controlli e verifiche in azienda quelli che realmente consegnano una quota eccessiva di acqua estranea (sicuramente una quota limitata del 8% indicato in precedenza) da quelli per i quali invece si pu\u00f2 &#8220;giustificare e spiegare&#8221; la comparsa di risultati inferiori al limite in assenza di un reale annacquamento. Il problema \u00e8 evidentemente complesso e non pu\u00f2 essere esaurito in poche righe \u00e8 per\u00f2 importante differenziare le informazioni che si producono attraverso le analisi di laboratorio tra quelle di tipo diretto e relativamente definitivo e conclusivo rispetto a quelle (in genere definite di screening) che servono appunto ad indirizzare gli approfondimenti necessari limitando il raggio di azione di controlli pi\u00f9 complessi e indaginosi.<br \/>\n Anche per questo motivo abbiamo pi\u00f9 volte espresso una certa perplessit\u00e0 per quei contratti di compravendita che definiscono limiti rigidi e uniformi per la penalizzazione economica anche in presenza di limitati &#8220;sforamenti&#8221; di questo parametro; ci\u00f2 vale ancor di pi\u00f9 quando sulla base di un esito analitico di screening si voglia quantificare l&#8217;acqua aggiunta e determinare di conseguenza una &#8220;danno commerciale&#8221; in termini quantitativi.<\/p>\n<p> La dinamica del parametro nel corso degli ultimi anni mostra una sostanziale stabilit\u00e0 nel corso degli anni ed una limitata variabilit\u00e0 stagionale che pu\u00f2 per\u00f2 apparire di maggior entit\u00e0 quando si analizzino gli andamenti di singoli allevamenti.<\/p><\/div>\n<p><a href=\"\/pls\/izs_bs\/v3_s2ew_consultazione.fotina?didascalia=&#038;url=%2Fizs_bs%2Fallegati%2F525%2FCrioscopiaMensile0203%2Ejpg&#038;id_pagina=525\" onclick=\"window.open(' \/pls\/izs_bs\/v3_s2ew_consultazione.fotina?didascalia=&#038;url=%2Fizs_bs%2Fallegati%2F525%2FCrioscopiaMensile0203%2Ejpg&#038;id_pagina=525','foto','width=300,height=310,left=80,top=80,scrollbars=no,resizable=yes,');return(false);\" title=\" - clicca per ingrandire\"><img decoding=\"async\" alt=\"\" src=\"\/izs_bs\/allegati\/525\/CrioscopiaMensile0203.jpg\" style=\"width: 350px;\" \/><\/a><br \/>\n \u00a0<br \/>\n Premere sul grafico per ingrandire<br \/>\n \u00a0<\/p><\/p>\n","protected":false},"excerpt":{"rendered":"<p>La determinazione del Punto Crioscopico del latte ha una finalit\u00e0 essenzialmente commerciale: individuare, nel latte di consegna, la presenza di anomale quantit\u00e0 di acqua estranea sia derivata da malfunzionamenti o errati utilizzi dell&#8217;impianto di mungitura e di conservazione del latte (lavaggi, disinfezioni), sia dalla eventuale aggiunta volontaria. Non \u00e8 tra i parametri obbligatori previsti dagli [&hellip;]<\/p>\n","protected":false},"author":18,"featured_media":0,"parent":30,"menu_order":0,"comment_status":"open","ping_status":"open","template":"","meta":{"ip_address":"","user_agent":"","level":"","revision":"","cookie_id":"","page_referer":"","html_form":""},"_links":{"self":[{"href":"https:\/\/www.izsler.it\/creflatte\/wp-json\/wp\/v2\/pages\/38"}],"collection":[{"href":"https:\/\/www.izsler.it\/creflatte\/wp-json\/wp\/v2\/pages"}],"about":[{"href":"https:\/\/www.izsler.it\/creflatte\/wp-json\/wp\/v2\/types\/page"}],"author":[{"embeddable":true,"href":"https:\/\/www.izsler.it\/creflatte\/wp-json\/wp\/v2\/users\/18"}],"replies":[{"embeddable":true,"href":"https:\/\/www.izsler.it\/creflatte\/wp-json\/wp\/v2\/comments?post=38"}],"version-history":[{"count":0,"href":"https:\/\/www.izsler.it\/creflatte\/wp-json\/wp\/v2\/pages\/38\/revisions"}],"up":[{"embeddable":true,"href":"https:\/\/www.izsler.it\/creflatte\/wp-json\/wp\/v2\/pages\/30"}],"wp:attachment":[{"href":"https:\/\/www.izsler.it\/creflatte\/wp-json\/wp\/v2\/media?parent=38"}],"curies":[{"name":"wp","href":"https:\/\/api.w.org\/{rel}","templated":true}]}}