{"id":40,"date":"2009-03-24T17:44:00","date_gmt":"2009-03-24T16:44:00","guid":{"rendered":"http:\/\/creflatte.izsler-wp.glauco.it\/dati-analitici-qualita-del-latte\/altri-parametri-ed-acidi-grassi-new\/"},"modified":"2009-03-24T17:44:00","modified_gmt":"2009-03-24T16:44:00","slug":"altri-parametri-ed-acidi-grassi-new","status":"publish","type":"page","link":"https:\/\/www.izsler.it\/creflatte\/dati-analitici-qualita-del-latte\/altri-parametri-ed-acidi-grassi-new\/","title":{"rendered":"ALTRI PARAMETRI ED ACIDI GRASSI &#8211; NEW!!"},"content":{"rendered":"<div>\n<p>Sui campioni di latte conferiti da singoli caseifici nell&#8217;ambito del sistema di pagamento del latte in base alla qualit\u00e0, vengono determinati su specifica richiesta anche alcuni altri parametri facoltativi che, a seconda dei casi, sono utilizzati dai produttori o trasformatori per differenti finalit\u00e0. Tra questi vogliamo citare:<\/p>\n<p> <strong>Residuo Secco Magro<\/strong> &#8211; Indicatore complessivo della componente nutritiva del latte con andamento tipicamente stagionale che ricalca quello di Proteine e Lattosio e ricomprende quello della componente salina.<\/p>\n<p><a href=\"\/pls\/izs_bs\/v3_s2ew_consultazione.fotina?didascalia=&#038;url=%2Fizs_bs%2Fallegati%2F525%2FRSMMensile%2Ejpg&#038;id_pagina=525\" onclick=\"window.open(' \/pls\/izs_bs\/v3_s2ew_consultazione.fotina?didascalia=&#038;url=%2Fizs_bs%2Fallegati%2F525%2FRSMMensile%2Ejpg&#038;id_pagina=525','foto','width=300,height=310,left=80,top=80,scrollbars=no,resizable=yes,');return(false);\" title=\" - clicca per ingrandire\"><img decoding=\"async\" alt=\"\" src=\"\/izs_bs\/allegati\/525\/RSMMensile.jpg\" style=\"width: 350px;\" \/><\/a><br \/>\n \u00a0<br \/>\n Premere sul grafico per ingrandire<br \/>\n \u00a0<\/p>\n<p><strong>Acidit\u00e0 SH \/ pH<\/strong> &#8211; Indicatori dello stato di &#8220;freschezza&#8221; del latte (e del campione conferito) fortemente collegabile al tipo di contaminazione batterica prevalente ma anche, se valutato in associazione ad altri parametri, della condizione metabolico-sanitaria delle bovine. L&#8217;uso diffuso del conservante nei campionamenti del pagamento latte qualit\u00e0 ha reso per\u00f2 queste determinazioni ormai marginali per il nostro laboratorio (di fatto si tratta di verifiche che sono routinariamente e molto semplicemente realizzate direttamente in caseifico).<\/p>\n<p> <strong>Lattodinamografia \/ Attitudine alla coagulazione<\/strong> &#8211; tradizionalmente riservato al latte destinato alla trasformazione in formaggi grana fornisce elementi di giudizio sulla adattabilit\u00e0 del latte alla caseificazione caratterizzandolo rispetto alle modalit\u00e0 di applicazione delle diverse fasi di processo in caseificio. Storicamente questo parametro permetteva una sorta di &#8220;selezione&#8221; degli allevamenti pi\u00f9 adatti alle esigenze casearie per i formaggi a pasta cotta a lunga stagionatura. Oggi che questa esigenza \u00e8 in genere superata, le caseificazioni sono infatti orami standardizzate, permette di mantenere una specie di monitoraggio sul latte ritirato (massa aziendale o caldaia) in grado di evidenziare dinamiche stagionali o negli anni che favorevoli o sfavorevoli per il caseificio. Su questo parametro sono in corso sperimentazioni al fine di realizzarne una versione di screening molto pi\u00f9 rapida, economica ed applicabile anche su grandi numeri di campioni rispetto alla metodica tradizionale.<\/p>\n<p> <strong>Acido Lattico<\/strong> &#8211; Utilizzato in passato come indicatore differenziale nei casi di eccessiva carica batterica, \u00e8 rimasto come parametro distintivo per la produzione del latte fresco pastorizzato di alta qualit\u00e0, ma aldil\u00e0 di considerazioni normative ha perso di significativit\u00e0 in relazione ai livelli ormai bassissimi di contaminazione batterica del latte prodotto in regione.<\/p>\n<p> <strong>Cloruri<\/strong> &#8211; Parametro sperimentalmente introdotto tra i controlli facoltativi qualche anno fa consente di selezionare tra gli allevamenti quelli in cui val la pena di approfondire indagini e controlli per composizioni anomale. In particolare, gli eccessi di contenuto in cloruri e, soprattutto, i cambiamenti repentini nel tempo possono indirizzare verso situazioni di incremento delle mastiti (non evidenziati attraverso le cellule somatiche per interventi non consentiti sul latte) oppure di aggiunta di soluzioni saline (non evidenziate attraverso la determinazione della crioscopia). Considerato il complessivo andamento stagionale, con variazioni intense nel caso di stalle che utilizzano il pascolo oppure in quelle con mandrie di minime dimensioni, \u00e8 possibile tramite questa determinazione di screening monitorare tra i conferenti l&#8217;apparire di occasionali e significative variazioni rispetto all&#8217;andamento storico; limitando in questo modo i casi meritevoli di approfondimenti sia tramite sopralluoghi in loco che attraverso verifiche di laboratorio con metodi di riferimento. Proprio per quanto detto le osservazioni degli andamenti medi mensili non forniscono informazioni degne di nota trattandosi di un parametro il cui significato \u00e8 strettamente relativo alla situazione specifica di un singolo allevamento.<\/p>\n<p><a href=\"\/pls\/izs_bs\/v3_s2ew_consultazione.fotina?didascalia=&#038;url=%2Fizs_bs%2Fallegati%2F525%2FCLORURIMensile%2Ejpg&#038;id_pagina=525\" onclick=\"window.open(' \/pls\/izs_bs\/v3_s2ew_consultazione.fotina?didascalia=&#038;url=%2Fizs_bs%2Fallegati%2F525%2FCLORURIMensile%2Ejpg&#038;id_pagina=525','foto','width=300,height=310,left=80,top=80,scrollbars=no,resizable=yes,');return(false);\" title=\" - clicca per ingrandire\"><img decoding=\"async\" alt=\"\" src=\"\/izs_bs\/allegati\/525\/CLORURIMensile.jpg\" style=\"width: 350px;\" \/><\/a><br \/>\n \u00a0<br \/>\n Premere sul grafico per ingrandire<br \/>\n \u00a0<\/p>\n<p><strong>Aflatossina M1<\/strong> &#8211; Per questo specifico parametro andrebbe fatto un&#8217;ampia trattazione che esula degli scopi del presente lavoro. Tra i numerosi contaminanti chimici che, in teoria, possono determinare contaminazioni del latte sia per origine ambientale che derivati da foraggi e mangimi, quella della Aflatossina M1 \u00e8 sicuramente quello pi\u00f9 &#8220;noto&#8221;.<br \/>\n Di fatto la stessa Normativa vigente sulla Sicurezza Alimentare fa riferimenti generici a questa tipologia di rischio sanitario per il consumatore. Dal punto di vista pratico infatti l&#8217;individuazione di questi contaminanti risulta fortemente dipendente a seconda dei casi, dalle caratteristiche ambientali e climatiche dell&#8217;area di allevamento, da modalit\u00e0 di allevamento e dal tipo di alimentazione, da particolari situazioni stagionali e ancora dal tipo di prodotti alimentari finali , dai trattamenti cui vengono sottoposti e dalle modalit\u00e0 di conservazione e consumo; a ci\u00f2 si deve aggiungere ovviamente la possibilit\u00e0 di eseguire attivit\u00e0 analitiche e l&#8217;esistenza di limiti normativi specifici . Da tutto ci\u00f2 (e quindi in sostanza da una analisi del rischio) dipende quindi la decisione di porre sotto controllo un determinato contaminante chimico, di definirne la periodicit\u00e0 e gli eventuali interventi correttivi. Nello specifico per la AFM1 \u00e8 infatti definito un limite di conformit\u00e0 per il latte: 0,050 \u00b5g\/kg per il latte Reg (UE) n. 1881\/2006<br \/>\n Per quanto riguarda l&#8217;area della Pianura Padana, non vi \u00e8 dubbio, che l&#8217;attenzione si \u00e8 concentrata particolarmente sulla presenza di Aflatossina M1 fin dall&#8217;emergenza del 2003 e poi ripetutamente in occasione di annate climaticamente svantaggiose nell&#8217;ultimo decennio.\u00a0 Questo contaminante (derivato dalla Aflatossina B presente in alcuni foraggio o mangimi ed in particolare in quelli a base di mais) \u00e8 infatti considerato &#8220;tipico&#8221; della nostra area geografica sia per le condizioni climatiche che si possono determinare in alcune annate nel periodo caldo, sia perch\u00e9 il mais (pur non essendo l&#8217;unico alimento che si pu\u00f2 contaminare) costituisce uno degli elementi base delle bovine da latte. Proprio per questo nel corso degli ultimi anni, a livello regionale, \u00e8 stato realizzato un costante ed approfondito sistema di monitoraggio del latte (esteso anche a foraggi, mangimi, e formaggi) basato sia su controlli ufficiali (alla stalla, sulle cisterne, sulle partite di mangimi e alimenti) sia sui sistemi di autocontrollo di allevatori e caseifici.<br \/>\n Dal 2017 pertanto il nostro laboratorio ha pertanto iniziato a fornire questa determinazione analitica anche sui campioni conferiti per il Sistema di pagamento latte qualit\u00e0 con periodicit\u00e0 mensile su specifica richiesta dei primi Acquirenti (che si aggiungono quindi a quelli richiesti in regime di autocontrollo da singoli allevatori).\u00a0<br \/>\n Riteniamo questa attivit\u00e0 importante per i seguenti motivi:<\/p>\n<ul>\n<li>Disponibilit\u00e0 di un monitoraggio continuo e ripetuto nel corso dell&#8217;anno in grado di preavvisare di eventuali incrementi, puntuali o generalizzati in un ambito territoriale ampio;<\/li>\n<li>Incremento delle probabilit\u00e0 di individuare singole situazioni di non conformit\u00e0 in aggiunta ai controlli ufficiali ed alle altre modalit\u00e0 di autocontrollo messe in atto dai mangimifici, dai produttori e dai trasformatori di latte.<\/li>\n<\/ul>\n<p>Per informazioni pi\u00f9 particolareggiate si veda, in questo stesso sito, la specifica sezione destinata ai risultati complessivi osservati dai laboratori IZSLER su tutti i campioni conferiti dal quale si riporta un grafico esemplificativo:<\/p>\n<p><a href=\"\/pls\/izs_bs\/v3_s2ew_consultazione.fotina?didascalia=&#038;url=%2Fizs_bs%2Fallegati%2F2312%2FAndamento%20M1%2Ejpg&#038;id_pagina=2312\" onclick=\"window.open(' \/pls\/izs_bs\/v3_s2ew_consultazione.fotina?didascalia=&#038;url=%2Fizs_bs%2Fallegati%2F2312%2FAndamento%20M1%2Ejpg&#038;id_pagina=2312','foto','width=300,height=310,left=80,top=80,scrollbars=no,resizable=yes,');return(false);\" title=\" - clicca per ingrandire\"><img decoding=\"async\" alt=\"\" src=\"\/izs_bs\/allegati\/2312\/Andamento M1.JPG\" style=\"width: 350px;\" \/><\/a><\/p>\n<p> Premere sul grafico per ingrandire<\/p>\n<p> Lo stesso tipo di rappresentazione, anche se su un numero decisamente pi\u00f9 limitato di campioni, ma con scansione mensile, viene fornito di seguito per i meno numerosi campioni conferititi nell&#8217;ambito del sistema di pagamento latte qualit\u00e0.<\/p>\n<p> \u00a0<\/p>\n<p><a href=\"\/pls\/izs_bs\/v3_s2ew_consultazione.fotina?didascalia=&#038;url=%2Fizs_bs%2Fallegati%2F2312%2FGrafico%207%2Ejpg&#038;id_pagina=2312\" onclick=\"window.open(' \/pls\/izs_bs\/v3_s2ew_consultazione.fotina?didascalia=&#038;url=%2Fizs_bs%2Fallegati%2F2312%2FGrafico%207%2Ejpg&#038;id_pagina=2312','foto','width=300,height=310,left=80,top=80,scrollbars=no,resizable=yes,');return(false);\" title=\" - clicca per ingrandire\"><img decoding=\"async\" alt=\"\" src=\"\/izs_bs\/allegati\/2312\/Grafico 7.JPG\" style=\"width: 350px;\" \/><\/a><\/p>\n<p> Premere sul grafico per ingrandire<\/p>\n<p> <strong>Patogeni Contagiosi<\/strong> &#8211; Anche in questo caso le verifiche periodiche sul latte di massa sono elementi conoscitivi importanti per la valutazione dello stato sanitario degli allevamenti: conferma di indennit\u00e0, controllo di reintroduzione, verifica dell&#8217;andamento progressivo della diffusione dell&#8217;infezione. Le determinazioni analitiche di questo tipo sfruttano l&#8217;elevato livello di sensibilit\u00e0 raggiunto grazie a metodiche innovative di biologia molecolare applicate, attualmente, nei confronti di <em>S. aureus<\/em>, <em>Str. agalactiae<\/em>, <em>Myc bovis<\/em>, <em>Myc agalactiae<\/em> e <em>Prototheca spp<\/em>.<\/p>\n<p> <strong>Patogeni\u00a0Alimentari<\/strong> &#8211; Discorso simile si pu\u00f2 fare nei confronti di microrganismi che, indipendentemente dal loro potere patogeno per le bovine, possono assumere rilevanza nei confronti della salute del consumatore (in particolare ovviamente nel caso di prodotti a latte crudo) quali, ad esempio: <em>Listeria monocytogens<\/em>, <em>E. coli VTEC<\/em>, <em>S. aureus<\/em>, <em>Campylobacter termotolleranti<\/em>.<\/p>\n<p> <strong>Acidi Grassi<\/strong> &#8211; Dal 2012 la composizione in acidi grassi (differenziati nelle 4 componenti Saturi, Insaturi, Monoinsaturi e Polinsaturi) pu\u00f2 essere stimata in modo rapido e semplice su tutti i campioni di massa aziendale conferiti per il pagamento qualit\u00e0 tramite analisi di screening.\u00a0 Questi parametri, anche se stimati come detto con metodiche non specialistiche e pertanto con un livello di accuratezza limitato, forniscono a nostro avviso informazioni, preliminari e complessive, ma fondamentali per avviare un processo di caratterizzazione del latte (e dei prodotti derivati) in funzione di componenti nutritive\/salutistiche che attirano sempre di pi\u00f9 l&#8217;attenzione dei consumatori.<br \/>\n E&#8217; su questi aspetti del resto che si sta progressivamente concentrando l&#8217;attenzione degli Operatori del settore nel caso dei prodotti tipici tradizionali che, come \u00e8 noto, costituiscono gran parte delle nostre esportazioni casearie. Va considerato anche che, a differenza di altri parametri, la composizione in acidi grassi pu\u00f2 essere significativamente migliorata attraverso adeguamenti della nutrizione animale e, pertanto, la disponibilit\u00e0 di un indicatore sintetico dell&#8217;andamento in un allevamento pu\u00f2 risultare particolarmente interessante per verifiche di lungo periodo.<\/p>\n<p> <!--\n\n<p><a href=\"\/pls\/izs_bs\/v3_s2ew_consultazione.fotina?didascalia=&url=%2Fizs_bs%2Fallegati%2F525%2FAcidiGrassi%2EJPG&id_pagina=525\" onclick=\"window.open(' \/pls\/izs_bs\/v3_s2ew_consultazione.fotina?didascalia=&url=%2Fizs_bs%2Fallegati%2F525%2FAcidiGrassi%2EJPG&id_pagina=525','foto','width=300,height=310,left=80,top=80,scrollbars=no,resizable=yes,');return(false);\" title=\" - clicca per ingrandire\"><img decoding=\"async\" alt=\"\" src=\"\/izs_bs\/allegati\/525\/AcidiGrassi.JPG\" style=\"width: 350px;\" \/><\/a><br \/>\u00a0<br \/>Premere sul grafico per ingrandire<\/p>\n\n--><\/p>\n<\/p><\/div>\n","protected":false},"excerpt":{"rendered":"<p>Sui campioni di latte conferiti da singoli caseifici nell&#8217;ambito del sistema di pagamento del latte in base alla qualit\u00e0, vengono determinati su specifica richiesta anche alcuni altri parametri facoltativi che, a seconda dei casi, sono utilizzati dai produttori o trasformatori per differenti finalit\u00e0. Tra questi vogliamo citare: Residuo Secco Magro &#8211; Indicatore complessivo della componente [&hellip;]<\/p>\n","protected":false},"author":18,"featured_media":0,"parent":30,"menu_order":0,"comment_status":"open","ping_status":"open","template":"","meta":{"ip_address":"","user_agent":"","level":"","revision":"","cookie_id":"","page_referer":"","html_form":""},"_links":{"self":[{"href":"https:\/\/www.izsler.it\/creflatte\/wp-json\/wp\/v2\/pages\/40"}],"collection":[{"href":"https:\/\/www.izsler.it\/creflatte\/wp-json\/wp\/v2\/pages"}],"about":[{"href":"https:\/\/www.izsler.it\/creflatte\/wp-json\/wp\/v2\/types\/page"}],"author":[{"embeddable":true,"href":"https:\/\/www.izsler.it\/creflatte\/wp-json\/wp\/v2\/users\/18"}],"replies":[{"embeddable":true,"href":"https:\/\/www.izsler.it\/creflatte\/wp-json\/wp\/v2\/comments?post=40"}],"version-history":[{"count":0,"href":"https:\/\/www.izsler.it\/creflatte\/wp-json\/wp\/v2\/pages\/40\/revisions"}],"up":[{"embeddable":true,"href":"https:\/\/www.izsler.it\/creflatte\/wp-json\/wp\/v2\/pages\/30"}],"wp:attachment":[{"href":"https:\/\/www.izsler.it\/creflatte\/wp-json\/wp\/v2\/media?parent=40"}],"curies":[{"name":"wp","href":"https:\/\/api.w.org\/{rel}","templated":true}]}}