{"id":43,"date":"2009-03-04T17:58:00","date_gmt":"2009-03-04T16:58:00","guid":{"rendered":"http:\/\/creflatte.izsler-wp.glauco.it\/attivita\/"},"modified":"2023-06-29T10:47:07","modified_gmt":"2023-06-29T08:47:07","slug":"attivita","status":"publish","type":"page","link":"https:\/\/www.izsler.it\/creflatte\/attivita\/","title":{"rendered":"Attivit\u00e0"},"content":{"rendered":"<p><strong>PROGETTO UNIFICAZIONE CONVERSIONE BACTOSCAN<\/strong><\/p>\n<p>Il Centro di Referenza con la collaborazione di tutti i Laboratori Latte degli IIZZSS intende avviare nel corso del 2008 un progetto di lavoro con l&#8217;obbiettivo di definire una modalit\u00e0 comune per la conversione dei dati Bactoscan in Unit\u00e0 Formanti Colonie. Tale problema, ormai ventennale, \u00e8 stato discusso in pi\u00f9 occasioni negli anni precedenti ed \u00e8 noto a tutti gli addetti ai lavori. Il punto della situazione e le possibili modalit\u00e0 di lavoro vengono sinteticamente presentate nel documento allegato : &#8220;<strong><a href=\"\/wp-content\/uploads\/sites\/16\/2023\/06\/CONVERSIONE_BACTOSCAN.pdf\">Conversione Bactoscan<\/a><\/strong>&#8221; (.pdf 145 KB).<\/p>\n<p>Tale iniziativa \u00e8 stata inoltre divulgata in occasione del VIII\u00b0 Meeting A.I.A. in Montegrotto (PD) nel Dicembre del 2007; in tale occasione si \u00e8 ottenuta l&#8217;adesione al progetto da parte del Lab. Standard Latte e di alcuni Laboratori del circuito A.R.A.\/A.P.A su tutto il territorio nazionale La relazione presentata in tale occasione dal Dr. Bolzoni \u00e8 visionabile nel file &#8220;<strong><a href=\"\/wp-content\/uploads\/sites\/16\/2023\/06\/AIA_202007.pdf\">A.I.A.2007<\/a><\/strong>&#8220;(.pdf 96 KB).<\/p>\n<p>Il progetto \u00e8 stato avviato nei primi mesi del 2008 con la partecipazione iniziale di 22 Laboratori che hanno realizzato il lavoro previsto secondo il protocollo operativo stabilito\u00a0 &#8220;<a href=\"\/wp-content\/uploads\/sites\/16\/2023\/06\/NOTE_APPLICATIVE2.pdf\"><strong>NOTE_APPLICATIVE2.pdf<\/strong><\/a>&#8220;(.pdf 84,2KB).<\/p>\n<p>I risultati ottenuti sono stati presentati nel corso del Convegno Work-Shop tenutosi a Brescia il 27 Marzo 2009 cui hanno partecipato tutti i Laboratori che hanno collaborato al progetto , ma anche addetti ai lavori cointeressati al problema. Le presentazioni illustrate nel corso della giornata sono visualizzabili in &#8220;<a href=\"\/wp-content\/uploads\/sites\/16\/2023\/06\/CONVERSIONE_1_2008.pdf\"><strong>Conversione1 2008<\/strong><\/a>&#8220;(.pdf 53,3KB) , &#8220;<a href=\"\/wp-content\/uploads\/sites\/16\/2023\/06\/CONVERSIONE_2_2008.pdf\"><strong>Conversione 2 2008<\/strong><\/a>&#8220;(.pdf 202KB) , &#8220;<a href=\"\/wp-content\/uploads\/sites\/16\/2023\/06\/CBT_aia.pdf\"><strong>CBT aia<\/strong><\/a>&#8220;(.pdf 568KB), &#8220;<a href=\"\/wp-content\/uploads\/sites\/16\/2023\/06\/CONVERSIONE_3.pdf\"><strong>Conversione 3<\/strong><\/a>&#8220;(.pdf 769KB) e &#8220;<a href=\"\/wp-content\/uploads\/sites\/16\/2023\/06\/CONVERSIONE_4_2008.pdf\"><strong>Conversione 4 2008<\/strong><\/a>&#8220;(.pdf 618KB).<\/p>\n<p>Il progetto si \u00e8 concluso con l&#8217;invio a tutti i Laboratori partecipanti di un Dossier Risultati in cui oltre all&#8217;elaborazione della retta di regressione individuale\u00a0 viene presentata quale risultato complessivo del progetto una modalit\u00e0 unica di conversione che potrebbe trovare applicazione sull&#8217;intero territorio nazionale .<br \/>\nConsiderato che l&#8217;iniziativa \u00e8 comunque aperta anche ai Laboratori pubblici o privati cointeressati all&#8217;iniziativa riteniamo utile divulgare tali risultati visionabili, esclusa la parte di competenza dei singoli partecipanti, nel file &#8220;<a href=\"\/wp-content\/uploads\/sites\/16\/2023\/06\/DOSSIER_RISULTATI_VERSIONE_PER_SITO.pdf\"><strong>DOSSIER RISULTATI VERISONE PER SITO<\/strong><\/a>&#8220;(.pdf 695,9KB).<\/p>\n<p><strong>PROGETTO 2012 &#8211; CONVERSIONE NAZIONALE &#8211;<\/strong><br \/>\nCon il coordinamento dell&#8217;Istituto Superiore Sanit\u00e0 di Roma (Dip. Sanit\u00e0 Pubblica Veterinaria e Sicurezza Alimentare , Dr. A. Ferrini) il lavoro svolto negli anni precedenti \u00e8 stato ampliato ed approfondito nel corso del 2012 . Il progetto , cui hanno partecipato 30 Laboratori italiani , \u00e8 stato realizzato su di una base operativa molto simile al precedente. Ci\u00f2 ha consentito, al termine dei lavori, di giungere alla realizzazione di una modalit\u00e0 unica di conversione dei dati strumentali pi\u00f9 solida ed affidabile, maggiormente rappresentativa e valida\u00a0 per un campo di misura pi\u00f9 ampio che riunisce l&#8217;esperienza di questi anni e fornisce la &#8220;miglior soluzione possibile&#8221; ad un problema ormai ventennale.<br \/>\nDa quest&#8217;anno , ufficialmente, su tutto il territorio italiano sar\u00e0 possibile garantire a tutti gli utenti di laboratori pubblici e privati un controllo delle condizioni igieniche del latte crudo uniforme ( caratterizzato cio\u00e8 da una riproducibilit\u00e0 significativamente migliore rispetto al passato).<br \/>\nIl lavoro svolto \u00e8 gi\u00e0 stato presentato a livello internazionale ( Meeting dei Lab. Naz. Ref. , presso la sede dell&#8217;ANSES)\u00a0 e avr\u00e0 un posto di rilievo in un progetto similare che \u00e8 attualmente in fase di ideazione a livello Comunitario.<br \/>\nIl protocollo operativo trasmesso ai laboratori partecipanti: <a href=\"\/wp-content\/uploads\/sites\/16\/2023\/05\/NOTE_APPLICATIVE_Progetto-UNIF-2011.pdf\" target=\"_blank\" rel=\"noopener\">NoteApplicative Progetto UNIF 2011<\/a> (.pdf 72KB).<br \/>\nIl Report Finale dei risultati del Progetto 2012 &#8220;<a href=\"\/wp-content\/uploads\/sites\/16\/2023\/05\/report-rev3-conversione-2012-latte-bovino.pdf\">report rev3\u00a0conversione 2012 latte bovino.pdf<\/a>&#8220;(.pdf 916KB).<br \/>\nI risultati del lavoro sono inoltre stati presentati nel corso del workshop organizzato a conclusione del progetto presso l&#8217;I.S.S di Roma il 30\/04\/2013 (&#8220;<a href=\"\/wp-content\/uploads\/sites\/16\/2023\/05\/g-bolzoni.pdf\">g bolzoni.pdf<\/a>&#8220;(.pdf 1,06MB), &#8220;<a href=\"\/wp-content\/uploads\/sites\/16\/2023\/05\/mf-marcone.pdf\">mf marcone.pdf<\/a>&#8220;(.pdf 1,98MB), &#8220;<a href=\"\/wp-content\/uploads\/sites\/16\/2023\/05\/am-ferrini.pdf\">am ferrini.pdf<\/a>&#8220;(.pdf 816KB)).<\/p>\n<p>Il Centro di Referenza \u00e8 comunque a disposizione per ulteriori informazioni o supporto tecnico : <a href=\"mailto:crn.qualita.latte@izsler.it\">crn.qualita.latte@izsler.it<\/a>.<\/p>\n<p>Il lavoro di uniformazione a livello nazionale ha avuto una notevole eco anche a livello internazionale, grazie a pubblicazioni di settore (<a href=\"\/wp-content\/uploads\/sites\/16\/2023\/05\/ALLEGATO_G_Articolo_Bactoscan_2015_IJFS.pdf\" target=\"_blank\" rel=\"noopener\">Italian Journal of Food Science n2, Vol 7, 2015<\/a>) o la partecipazione ai lavori del Working Group specificatamente realizzato presso il La. Comunitario di Riferimento di ANSES. Su queste basi \u00e8 stata anche sviluppata dal Dr. G. Bolzoni una proposta di lavoro, da un certo punto di vista decisamente alternativa al lavoro fin qui realizzato, che potrebbe consentire un approccio innovativo , relativamente semplificato alla problematica dal punto di vista internazionale . Tenuto conto dell&#8217;esistenza di due diverse strumentazioni e della difficolt\u00e0 di replicare su larga scala lavori simili a quello realizzato dai nostri laboratori in Italia, la proposta viene sintetizzata nelle due interviste recentemente rilasciate a B. Asmussen , membro FIL-IDF , esperta di problematiche degli strumenti come il Bactoscan da lunga data:<br \/>\n&#8211; <a href=\"\/wp-content\/uploads\/sites\/16\/2023\/05\/Extracts_and_comments_to_the_Italian_conversion_report_september_2015.pdf\" target=\"_blank\" rel=\"noopener\">Extracts and comments to the Italian conversion report september 2015<\/a><br \/>\n&#8211; <a href=\"\/wp-content\/uploads\/sites\/16\/2023\/05\/On_the_road_to_harmonized_Total_bacteria_Counts_the_Italian_experience.pdf\" target=\"_blank\" rel=\"noopener\">On the road to harmonized Total bacteria Counts the Italian experience<\/a><\/p>\n","protected":false},"excerpt":{"rendered":"<p>PROGETTO UNIFICAZIONE CONVERSIONE BACTOSCAN Il Centro di Referenza con la collaborazione di tutti i Laboratori Latte degli IIZZSS intende avviare nel corso del 2008 un progetto di lavoro con l&#8217;obbiettivo di definire una modalit\u00e0 comune per la conversione dei dati Bactoscan in Unit\u00e0 Formanti Colonie. Tale problema, ormai ventennale, \u00e8 stato discusso in pi\u00f9 occasioni [&hellip;]<\/p>\n","protected":false},"author":18,"featured_media":0,"parent":0,"menu_order":0,"comment_status":"open","ping_status":"open","template":"","meta":{"ip_address":"","user_agent":"","level":"","revision":"","cookie_id":"","page_referer":"","html_form":""},"_links":{"self":[{"href":"https:\/\/www.izsler.it\/creflatte\/wp-json\/wp\/v2\/pages\/43"}],"collection":[{"href":"https:\/\/www.izsler.it\/creflatte\/wp-json\/wp\/v2\/pages"}],"about":[{"href":"https:\/\/www.izsler.it\/creflatte\/wp-json\/wp\/v2\/types\/page"}],"author":[{"embeddable":true,"href":"https:\/\/www.izsler.it\/creflatte\/wp-json\/wp\/v2\/users\/18"}],"replies":[{"embeddable":true,"href":"https:\/\/www.izsler.it\/creflatte\/wp-json\/wp\/v2\/comments?post=43"}],"version-history":[{"count":1,"href":"https:\/\/www.izsler.it\/creflatte\/wp-json\/wp\/v2\/pages\/43\/revisions"}],"predecessor-version":[{"id":235,"href":"https:\/\/www.izsler.it\/creflatte\/wp-json\/wp\/v2\/pages\/43\/revisions\/235"}],"wp:attachment":[{"href":"https:\/\/www.izsler.it\/creflatte\/wp-json\/wp\/v2\/media?parent=43"}],"curies":[{"name":"wp","href":"https:\/\/api.w.org\/{rel}","templated":true}]}}