{"id":11,"date":"2019-03-20T13:30:00","date_gmt":"2019-03-20T12:30:00","guid":{"rendered":"http:\/\/cremavila.izsler-wp.glauco.it\/attivita\/metodi-analitici-mmpp\/"},"modified":"2024-07-10T10:24:04","modified_gmt":"2024-07-10T08:24:04","slug":"metodi-analitici-mmpp","status":"publish","type":"page","link":"https:\/\/www.izsler.it\/cremavila\/attivita\/metodi-analitici-mmpp\/","title":{"rendered":"Metodi analitici (MMPP)"},"content":{"rendered":"<p>    L&#8217;IZSLER applica un <strong><a href=\"https:\/\/www.izsler.it\/izs_home_page\/servizi\/00000098_Qualita.html\" target=\"_blank\" rel=\"noopener\">Sistema di Gestione per la Qualit\u00e0<\/a><\/strong> finalizzato alla affidabilit\u00e0<br \/>\n    del risultato<br \/>\n    analitico, che si fonda sui requisiti per l&#8217;Accreditamento dei laboratori di prova e taratura definiti nella norma<br \/>\n    internazionale <strong>UNI CEI EN ISO\/IEC 17025.<\/strong> L&#8217;adesione ai suddetti standard costituisce garanzia della<br \/>\n    competenza tecnica e dell&#8217;imparzialit\u00e0 del laboratorio nella effettuazione delle prove ed \u00e8, in ragione di ci\u00f2,<br \/>\n    anche<br \/>\n    strumento per il mutuo riconoscimento dei risultati di prova in ambito internazionale.<\/p>\n<p>    Oggi l&#8217;IZSLER, iscritto al registro dei laboratori accreditati Accredia al n. 0148, \u00e8 il pi\u00f9 grande laboratorio<br \/>\n    multisito italiano con le oltre 1600 prove accreditate svolte nella Sede centrale di Brescia e nelle 17 Sezioni<br \/>\n    territoriali della Lombardia ed Emila Romagna e risponde con appropriatezza ed efficienza alle\u00a0 esigenze di<br \/>\n    controllo e<br \/>\n    di supporto alle attivit\u00e0 produttive nell&#8217;ambito della Sicurezza Alimentare, della Sanit\u00e0 e del Benessere Animale.<br \/>\n    La<br \/>\n    lista dei metodi accreditati \u00e8 consultabile qui.<\/p>\n<p>    La competenza dei Laboratori IZSLER\u00a0 \u00e8 attestata in tutti i diversi settori tecnici di prova e si avvalora di un<br \/>\n    costante perfezionamento ed\u00a0 ampliamento attraverso l&#8217; attenzione all&#8217; evoluzione delle tecnologie e lo stimolo alla<br \/>\n    ricerca\u00a0 interna che consolida e rinnova anche l&#8217;attivit\u00e0 di produzione di reagenti diagnostici.<br \/>\n    L&#8217;accreditamento<strong> UNI CEI EN ISO\/IEC 17025<\/strong> assume anche, in virt\u00f9 dei contenuti di visione della<br \/>\n    norma,<br \/>\n    valore di impegno per il laboratorio al miglioramento continuo del servizio e alla soddisfazione del Cliente.<\/p>\n<p>    La maggior parte dei metodi di indagine virologica e sierologica per le malattie virali dei lagomorfi sono stati<br \/>\n    sviluppati &#8220;in house&#8221; e quindi standardizzati, validati ed inseriti tra i metodi accreditati (vedi tabella).<br \/>\n    Il dettaglio delle tariffe di ciascun metodo di prova si pu\u00f2 trovare <a href=\"https:\/\/www.izsler.it\/izs_home_page\/servizi\/00000112_Tariffario_e_riferimento_ai_metodi_di_prova.html\" target=\"_blank\" rel=\"noopener\">qui<\/a>.<\/p>\n<p>    Tabella: Elenco dei metodi analitici utilizzati per diagnosticare virus dei lagomorfi<\/p>\n<style>\n        .yellow {\n            background-color: #fff2cc;\n        }<\/p>\n<p>        .blue {\n            background-color: #dae9f7;\n        }\n    <\/style>\n<table style=\"width: 100%;\" border=\"1\" width=\"\" cellspacing=\"0\" cellpadding=\"10\">\n<tbody>\n<tr>\n<td colspan=\"9\" width=\"635\">Le metodiche in uso per RHD e Myxomatosi sono in larga parte standardizzate.<br \/>\n                    Si utilizzano metodi sviluppati, messi a punto e validati <em>in house,<\/em> gli stessi indicati<br \/>\n                    come<br \/>\n                    metodi ufficiali di riferimento sull\u2019 <em>WOAH Manual of Diagnostic Tests and Vaccines for<br \/>\n                        Terrestrial<br \/>\n                        Animals<\/em>. Entrambi i capitoli sono stati preparati e\/o rivisti, in quanto esperti designati<br \/>\n                    dei<br \/>\n                    rispettivi WOAH Reference Laboratories, da Capucci L. Lavazza A. e Cavadini P.Chapter 3.7.1.<br \/>\n                    \u201cMyxomatosis\u201d (adopted in May 2021)<a\n                        href=\"https:\/\/www.woah.org\/fileadmin\/Home\/eng\/Health_standards\/tahm\/3.07.01_MYXO.pdf\">https:\/\/www.woah.org\/fileadmin\/Home\/eng\/Health_standards\/tahm\/3.07.01_MYXO.pdf<\/a><br \/>\n                    Chapter 3.7.2 \u201dRabbit Haemorrhagic Disease\u201d (Version adopted in May 2023)<a\n                        href=\"https:\/\/www.woah.org\/fileadmin\/Home\/eng\/Health_standards\/tahm\/3.07.02_RHD.pdf\">https:\/\/www.woah.org\/fileadmin\/Home\/eng\/Health_standards\/tahm\/3.07.02_RHD.pdf<\/a>\n                <\/td>\n<\/tr>\n<tr>\n<td colspan=\"9\" width=\"635\">Ai laboratori periferici, degli IIZZSS e degli altri Enti, Universit\u00e0 e<br \/>\n                    Aziende<br \/>\n                    nazionali e internazionali a cui sono forniti i kit diagnostici vengono direttamente indicate le<br \/>\n                    metodiche descritte nell\u2019<em>WOAH Terrestrial Manual <\/em>come riferimento per gli aspetti tecnici e<br \/>\n                    procedurali.<\/td>\n<\/tr>\n<tr>\n<td colspan=\"2\" width=\"212\"><strong><em>Metodiche diagnostiche in uso presso il Centro di<br \/>\n                            Referenza<\/em><\/strong><\/p>\n<p>                    (MP = Metodo di prova)<\/td>\n<td style=\"background-color: #fff2cc;\" colspan=\"2\" width=\"212\"><strong>Metodi virologici<\/strong><\/td>\n<td style=\"background-color: #dae9f7;\" colspan=\"5\" width=\"212\"><strong>Metodi sierologici<\/strong><\/td>\n<\/tr>\n<tr>\n<td colspan=\"2\" width=\"212\"><strong>Nome del Metodo<\/strong><\/td>\n<td colspan=\"2\" width=\"212\"><strong>Finalit\u00e0<\/strong><\/td>\n<td width=\"132\"><strong>Codice IZSLER <\/strong><\/td>\n<td colspan=\"4\" width=\"132\"><strong>Tipo di metodo <\/strong><\/td>\n<\/tr>\n<tr style=\"background-color: #fff2cc;\">\n<td colspan=\"2\" width=\"212\">Immunofluorescenza<\/td>\n<td colspan=\"2\" width=\"212\">Diagnosi virologica Myxomatosi<\/td>\n<td style=\"font-size:16px;\" width=\"132\">MP 05\/034<\/td>\n<td colspan=\"4\" width=\"132\">Interno<\/td>\n<\/tr>\n<tr style=\"background-color: #fff2cc;\">\n<td colspan=\"2\" width=\"212\">Metodi Immunoistochimici<\/td>\n<td colspan=\"2\" width=\"212\">Diagnosi virologica Myxomatosi<\/td>\n<td style=\"font-size:16px;\" width=\"132\">MP 07\/003<\/td>\n<td colspan=\"4\" width=\"132\">Interno<\/td>\n<\/tr>\n<tr style=\"background-color: #fff2cc;\">\n<td colspan=\"2\" rowspan=\"2\" width=\"212\">Isolamento su colture cellulari<\/td>\n<td colspan=\"2\" rowspan=\"2\" width=\"212\">Diagnosi virologica Myxomatosi<\/td>\n<td style=\"font-size:16px;\" width=\"132\">MP 05\/032<\/td>\n<td colspan=\"4\" rowspan=\"2\" width=\"132\">Interno<\/td>\n<\/tr>\n<tr style=\"background-color: #fff2cc;\">\n<td style=\"font-size:16px;\" width=\"132\">MP 05\/032 H<\/td>\n<\/tr>\n<tr style=\"background-color: #fff2cc;\">\n<td colspan=\"2\" width=\"212\">PCR<\/td>\n<td colspan=\"2\" width=\"212\">Diagnosi virologica Myxomatosi<\/td>\n<td style=\"font-size:16px;\" width=\"132\">MP 09\/146<\/td>\n<td colspan=\"4\" width=\"132\">Interno<\/td>\n<\/tr>\n<tr style=\"background-color: #fff2cc;\">\n<td colspan=\"2\" width=\"212\">Real Time PCR<\/td>\n<td colspan=\"2\" width=\"212\">Diagnosi virologica Myxomatosi<\/td>\n<td style=\"font-size:16px;\" width=\"132\">MP 09\/194<\/td>\n<td colspan=\"4\" width=\"132\">Interno<\/td>\n<\/tr>\n<tr style=\"background-color: #dae9f7;\">\n<td colspan=\"2\" width=\"212\">Anticorpi totali \u2013 Mabs-based ELISA\u00a0competitiva \u2013 Ag proteina m71L (kit<br \/>\n                    IZS-BS)\n                <\/td>\n<td colspan=\"2\" width=\"212\">Quantificazione anticorpi anti-myxomatosi<\/td>\n<td style=\"font-size:16px;\" width=\"132\">MP 04\/052<\/td>\n<td colspan=\"4\" width=\"132\">Interno<\/td>\n<\/tr>\n<tr style=\"background-color: #fff2cc;\">\n<td colspan=\"2\" rowspan=\"2\" width=\"212\">ELISA RHD sandwich<\/td>\n<td colspan=\"2\" rowspan=\"4\" width=\"212\">Diagnosi virologica RHD<\/td>\n<td style=\"font-size:16px;\" width=\"132\">MP 05\/027<\/td>\n<td colspan=\"4\" rowspan=\"2\" width=\"132\">Normato \u2013 WOAH Manual for Terrestrial Animals cap. 3.7.2<\/td>\n<\/tr>\n<tr style=\"background-color: #fff2cc;\">\n<td style=\"font-size:16px;\" width=\"132\">MP 05\/027\u00b0<\/td>\n<\/tr>\n<tr style=\"background-color: #fff2cc;\">\n<td colspan=\"2\" width=\"212\">PCR RHD (RHDV, RHDVa, RHDV2)<\/td>\n<td style=\"font-size:16px;\" width=\"132\">MP 09\/089<\/td>\n<td colspan=\"4\" width=\"132\">Interno<\/td>\n<\/tr>\n<tr style=\"background-color: #fff2cc;\">\n<td colspan=\"2\" width=\"212\">PCR RHDV2<\/td>\n<td style=\"font-size:16px;\" width=\"132\">MP 09\/369 MP09\/369 A<\/td>\n<td colspan=\"4\" width=\"132\">Normato \u2013 WOAH Manual for Terrestrial Animals cap. 3.7.2<\/td>\n<\/tr>\n<tr style=\"background-color: #fff2cc;\">\n<td colspan=\"2\" width=\"212\">ELISA sandwich lagovirus patogeni<\/td>\n<td colspan=\"2\" width=\"212\">Diagnosi lagovirus patogeni<\/td>\n<td style=\"font-size:16px;\" width=\"132\">MP05\/028 e 05\/028\u00b0<\/td>\n<td colspan=\"4\" width=\"132\">Normato \u2013 WOAH Manual for Terrestrial Animals cap. 3.7.2<\/td>\n<\/tr>\n<tr style=\"background-color: #fff2cc;\">\n<td colspan=\"2\" width=\"212\">ELISA per tipizzazione lagovirus (EBHS vs RHDV2) in lepri<\/td>\n<td colspan=\"2\" width=\"212\">Diagnosi lagovirus lepre<\/td>\n<td style=\"font-size:16px;\" width=\"132\">MP05\/039 e 05\/039\u00b0<\/td>\n<td colspan=\"4\" width=\"132\">Normato \u2013 WOAH Manual for Terrestrial Animals cap. 3.7.3<\/td>\n<\/tr>\n<tr style=\"background-color: #fff2cc;\">\n<td colspan=\"2\" width=\"212\">PCR EBHS<sup>1<\/sup><\/td>\n<td colspan=\"2\" width=\"212\">Diagnosi virologica EBHS<\/td>\n<td style=\"font-size:16px;\" width=\"132\">MP 09\/097<\/td>\n<td colspan=\"4\" width=\"132\">Interno<\/td>\n<\/tr>\n<tr style=\"background-color: #fff2cc;\">\n<td colspan=\"2\" width=\"212\">Metodi Immunoistochimici<\/td>\n<td colspan=\"2\" width=\"212\">Diagnosi virologica RHD\/EBHS<\/td>\n<td style=\"font-size:16px;\" width=\"132\">MP 07\/003<\/td>\n<td colspan=\"4\" width=\"132\">Interno<\/td>\n<\/tr>\n<tr style=\"background-color: #dae9f7;\">\n<td colspan=\"2\" rowspan=\"2\" width=\"212\">Anticorpi totali \u2013 Mabs<sup>4<\/sup> based RHDV ELISA competitiva<br \/>\n                    (kit IZS-BS)<\/td>\n<td colspan=\"2\" rowspan=\"2\" width=\"212\">Quantificazione anticorpi anti-RHDV<\/td>\n<td style=\"font-size:16px;\" width=\"132\">MP 04\/087<\/td>\n<td colspan=\"4\" rowspan=\"2\" width=\"132\">Normato \u2013 WOAH Manual for Terrestrial Animals cap. 3.7.2<\/td>\n<\/tr>\n<tr style=\"background-color: #dae9f7;\">\n<td style=\"font-size:16px;\" width=\"132\">MP 04\/087\u00b0<\/td>\n<\/tr>\n<tr style=\"background-color: #dae9f7;\">\n<td colspan=\"2\" width=\"212\">Anticorpi totali \u2013 Mabs<sup>4<\/sup> based RHDV2 ELISA competitiva (kit<br \/>\n                    IZS-BS)\n                <\/td>\n<td colspan=\"2\" width=\"212\">Quantificazione anticorpi anti-RHDV2<\/td>\n<td style=\"font-size:16px;\" width=\"132\">MP 04\/158 MP04\/158\u00b0<\/td>\n<td colspan=\"4\" rowspan=\"2\" width=\"132\">Normato \u2013 WOAH Manual for Terrestrial Animals cap. 3.7.2<\/td>\n<\/tr>\n<tr style=\"background-color: #dae9f7;\">\n<td colspan=\"2\" width=\"212\">Anticorpi totali \u2013 Mabs<sup>4<\/sup> based EBHS ELISA competitiva (kit<br \/>\n                    IZS-BS)\n                <\/td>\n<td colspan=\"2\" width=\"212\">Quantificazione anticorpi anti-EBHSV<\/td>\n<td style=\"font-size:16px;\" width=\"132\">MP 04\/093 MP 04\/093\u00b0<\/td>\n<\/tr>\n<tr style=\"background-color: #dae9f7;\">\n<td colspan=\"2\" width=\"212\">IgA isotipo \u2013 RHD ELISA<\/td>\n<td colspan=\"2\" width=\"212\">Quantificazione anticorpi IgA RHDV\/RHDV2<\/td>\n<td style=\"font-size:16px;\" width=\"132\">MP 04\/134<\/td>\n<td colspan=\"4\" rowspan=\"3\" width=\"132\">Normato \u2013 WOAH Manual for Terrestrial Animals cap. 3.7.2<\/td>\n<\/tr>\n<tr style=\"background-color: #dae9f7;\">\n<td colspan=\"2\" width=\"212\">IgG isotipo \u2013 RHD ELISA<\/td>\n<td colspan=\"2\" width=\"212\">Quantificazione anticorpi IgG RHDV\/RHDV2<\/td>\n<td style=\"font-size:16px;\" width=\"132\">MP 04\/134\u00b0<\/td>\n<\/tr>\n<tr style=\"background-color: #dae9f7;\">\n<td colspan=\"2\" width=\"212\">IgM isotipo \u2013 RHD ELISA<\/td>\n<td colspan=\"2\" width=\"212\">Quantificazione anticorpi IgM RHDV\/RHDV2<\/td>\n<td width=\"132\"><\/td>\n<\/tr>\n<tr style=\"background-color: #fff2cc;\">\n<td colspan=\"2\" width=\"212\">Microscopia Elettronica in colorazione negativa \u2013 Metodo della goccia<\/td>\n<td colspan=\"2\" rowspan=\"2\" width=\"212\">Diagnosi di agenti virali<\/td>\n<td style=\"font-size:16px;\" width=\"132\">MP 05\/002<\/td>\n<td colspan=\"4\" width=\"132\">Interno<\/td>\n<\/tr>\n<tr style=\"background-color: #fff2cc;\">\n<td colspan=\"2\" width=\"212\">Microscopia Elettronica in colorazione negativa \u2013 Metodo Airfuge<\/td>\n<td style=\"font-size:16px;\" width=\"132\">MP 05\/003<\/td>\n<td colspan=\"4\" width=\"132\">Interno<\/td>\n<\/tr>\n<tr style=\"background-color: #fff2cc;\">\n<td colspan=\"2\" width=\"212\">Microscopia Elettronica in colorazione negativa \u2013 Immunoelettronmicroscopia<br \/>\n                    (IEM)<\/td>\n<td colspan=\"2\" width=\"212\">Diagnosi e tipizzazione di agenti virali<\/td>\n<td style=\"font-size:16px;\" width=\"132\">MP 05\/023<\/td>\n<td colspan=\"4\" width=\"132\">Interno<\/td>\n<\/tr>\n<tr style=\"background-color: #fff2cc;\">\n<td colspan=\"2\" width=\"212\">ELISA Rotavirus gruppo A<\/td>\n<td colspan=\"2\" rowspan=\"2\" width=\"212\">Diagnosi virologica rotavirus<\/td>\n<td style=\"font-size:16px;\" width=\"132\">MP 05\/010<\/td>\n<td colspan=\"4\" width=\"132\">Interno<\/td>\n<\/tr>\n<tr style=\"background-color: #fff2cc;\">\n<td colspan=\"2\" width=\"212\">PCR Rotavirus gruppo A<\/td>\n<td style=\"font-size:16px;\" width=\"132\">MP 09\/065<\/td>\n<td colspan=\"4\" width=\"132\">Interno<\/td>\n<\/tr>\n<tr style=\"background-color: #dae9f7;\">\n<td colspan=\"2\" width=\"212\">Anticorpi totali \u2013 ELISA Trapping Epatite E<\/td>\n<td colspan=\"2\" width=\"212\">Quantificazione anticorpi<\/p>\n<p>                    anti-Epatite E<\/td>\n<td style=\"font-size:16px;\" width=\"132\">MP 04\/218<\/td>\n<td colspan=\"4\" width=\"132\">Interno<\/td>\n<\/tr>\n<tr style=\"background-color: #dae9f7;\">\n<td colspan=\"2\" width=\"212\">Anticorpi neutralizzanti verso SRAS-CoV-2<\/td>\n<td colspan=\"2\" width=\"212\">SN sierologica SARS-COV-2<\/td>\n<td style=\"font-size:16px;\" width=\"132\">MP04\/2015<\/td>\n<td colspan=\"4\" width=\"132\">Interno<\/td>\n<\/tr>\n<tr style=\"background-color: #fff2cc;\">\n<td colspan=\"2\" width=\"212\">Ricerca del virus SRAS-CoV-2 mediante real time RT-PCR<\/td>\n<td colspan=\"2\" width=\"212\">Diagnosi di SARS-CoV-2 in campioni animali<\/td>\n<td style=\"font-size:16px;\" width=\"132\">MP09\/315<\/td>\n<td colspan=\"4\" width=\"132\">Interno<\/td>\n<\/tr>\n<tr style=\"background-color: #dae9f7;\">\n<td colspan=\"2\" width=\"212\">Anticorpi totali \u2013 ELISA Competitiva Epatite E<\/td>\n<td colspan=\"2\" width=\"212\">Quantificazione anticorpi<\/p>\n<p>                    anti-Epatite E<\/td>\n<td style=\"font-size:16px;\" width=\"132\">MP 04\/218<\/td>\n<td colspan=\"4\" width=\"132\">Interno<\/td>\n<\/tr>\n<\/tbody>\n<\/table>\n<p>    <strong>Test non normati ad uso interno per ricerca e supporto diagnostico<\/strong><\/p>\n<table style=\"width: 100%;\" border=\"1\" width=\"\" cellspacing=\"0\" cellpadding=\"10\">\n<tbody>\n<tr style=\"background-color: #fff2cc;\" style=\"height: 14.0pt;\">\n<td width=\"212\">Immunoperossidasi<\/td>\n<td width=\"212\">Diagnosi virologica Myxomatosi<\/td>\n<td width=\"132\"><\/td>\n<td width=\"132\">Interno<\/td>\n<\/tr>\n<tr style=\"background-color: #fff2cc;\" style=\"height: 14.0pt;\">\n<td width=\"212\">Western blot RHD<\/td>\n<td width=\"212\">Diagnosi virologica RHD<\/td>\n<td width=\"132\"><\/td>\n<td width=\"132\">Interno<\/td>\n<\/tr>\n<tr style=\"background-color: #fff2cc;\" style=\"height: 14.0pt;\">\n<td width=\"212\">Test di Emoagglutinazione<\/td>\n<td width=\"212\">Diagnosi virologica RHD<\/td>\n<td width=\"132\"><\/td>\n<td width=\"132\">Interno<\/td>\n<\/tr>\n<tr style=\"background-color: #fff2cc;\" style=\"height: 14.0pt;\">\n<td width=\"212\">Western blot EBHS<\/td>\n<td width=\"212\">Diagnosi virologica EBHS<\/td>\n<td width=\"132\"><\/td>\n<td width=\"132\">Interno<\/td>\n<\/tr>\n<tr style=\"background-color: #dae9f7;\" style=\"height: 28.0pt;\">\n<td width=\"212\">Anticorpi totali \u2013 ELISA competitiva (kit IZS-BS) Rotavirus gruppo A<\/td>\n<td width=\"212\">Quantificazione anticorpi anti-rotavirus gruppo A<\/td>\n<td width=\"132\"><\/td>\n<td width=\"132\">Interno<\/td>\n<\/tr>\n<\/tbody>\n<\/table>\n","protected":false},"excerpt":{"rendered":"<p>L&#8217;IZSLER applica un Sistema di Gestione per la Qualit\u00e0 finalizzato alla affidabilit\u00e0 del risultato analitico, che si fonda sui requisiti per l&#8217;Accreditamento dei laboratori di prova e taratura definiti nella norma internazionale UNI CEI EN ISO\/IEC 17025. L&#8217;adesione ai suddetti standard costituisce garanzia della competenza tecnica e dell&#8217;imparzialit\u00e0 del laboratorio nella effettuazione delle prove ed [&hellip;]<\/p>\n","protected":false},"author":18,"featured_media":0,"parent":9,"menu_order":0,"comment_status":"open","ping_status":"open","template":"","meta":{"ip_address":"","user_agent":"","level":"","revision":"","cookie_id":"","page_referer":"","html_form":""},"_links":{"self":[{"href":"https:\/\/www.izsler.it\/cremavila\/wp-json\/wp\/v2\/pages\/11"}],"collection":[{"href":"https:\/\/www.izsler.it\/cremavila\/wp-json\/wp\/v2\/pages"}],"about":[{"href":"https:\/\/www.izsler.it\/cremavila\/wp-json\/wp\/v2\/types\/page"}],"author":[{"embeddable":true,"href":"https:\/\/www.izsler.it\/cremavila\/wp-json\/wp\/v2\/users\/18"}],"replies":[{"embeddable":true,"href":"https:\/\/www.izsler.it\/cremavila\/wp-json\/wp\/v2\/comments?post=11"}],"version-history":[{"count":14,"href":"https:\/\/www.izsler.it\/cremavila\/wp-json\/wp\/v2\/pages\/11\/revisions"}],"predecessor-version":[{"id":385,"href":"https:\/\/www.izsler.it\/cremavila\/wp-json\/wp\/v2\/pages\/11\/revisions\/385"}],"up":[{"embeddable":true,"href":"https:\/\/www.izsler.it\/cremavila\/wp-json\/wp\/v2\/pages\/9"}],"wp:attachment":[{"href":"https:\/\/www.izsler.it\/cremavila\/wp-json\/wp\/v2\/media?parent=11"}],"curies":[{"name":"wp","href":"https:\/\/api.w.org\/{rel}","templated":true}]}}