{"id":13,"date":"2019-04-05T11:34:00","date_gmt":"2019-04-05T09:34:00","guid":{"rendered":"http:\/\/cremavila.izsler-wp.glauco.it\/attivita\/attivita-di-laboratorio\/"},"modified":"2024-05-06T09:39:42","modified_gmt":"2024-05-06T07:39:42","slug":"attivita-di-laboratorio","status":"publish","type":"page","link":"https:\/\/www.izsler.it\/cremavila\/attivita\/attivita-di-laboratorio\/","title":{"rendered":"Attivit\u00e0 di laboratorio"},"content":{"rendered":"<p>Nella tabella sottostante \u00e8 riportato per singolo anno un estratto della relazione tecnica annuale che descrive l&#8217;attivit\u00e0 analitica effettuata<\/p>\n<p>Tabella: attivit\u00e0 analitica<\/p>\n<p>&nbsp;<\/p>\n<p>&nbsp;<\/p>\n<p>&nbsp;<\/p>\n<table border=\"1\" cellspacing=\"0\" cellpadding=\"0\">\n<tbody>\n<tr>\n<td style=\"width: 113px;height: 38px\"><a href=\"http:\/\/www.izsler.it\/cremavila\/wp-content\/uploads\/sites\/13\/2023\/06\/ADL-01_Attivita_analitica_2005.pdf\" target=\"_blank\" rel=\"noopener\">2005<\/a><\/td>\n<td style=\"width: 113px;height: 38px\"><a href=\"http:\/\/www.izsler.it\/cremavila\/wp-content\/uploads\/sites\/13\/2023\/06\/ADL-02_Attivita_analitica_2006.pdf\" target=\"_blank\" rel=\"noopener\">2006<\/a><\/td>\n<td style=\"width: 113px;height: 38px\"><a href=\"http:\/\/www.izsler.it\/cremavila\/wp-content\/uploads\/sites\/13\/2023\/06\/ADL-03_Attivita_analitica_2007.pdf\" target=\"_blank\" rel=\"noopener\">2007<\/a><\/td>\n<td style=\"width: 113px;height: 38px\"><a href=\"http:\/\/www.izsler.it\/cremavila\/wp-content\/uploads\/sites\/13\/2023\/06\/ADL-04_Attivita_analitica_2008.pdf\" target=\"_blank\" rel=\"noopener\">2008<\/a><\/td>\n<td style=\"width: 113px;height: 38px\"><a href=\"http:\/\/www.izsler.it\/cremavila\/wp-content\/uploads\/sites\/13\/2023\/06\/ADL-05_Attivita_analitica_2009.pdf\" target=\"_blank\" rel=\"noopener\">2009<\/a><\/td>\n<\/tr>\n<tr>\n<td style=\"width: 113px;height: 38px\"><a href=\"http:\/\/www.izsler.it\/cremavila\/wp-content\/uploads\/sites\/13\/2023\/06\/ADL-06_Attivita_analitica_2010.pdf\" target=\"_blank\" rel=\"noopener\">2010<\/a><\/td>\n<td style=\"width: 113px;height: 38px\"><a href=\"http:\/\/www.izsler.it\/cremavila\/wp-content\/uploads\/sites\/13\/2023\/06\/ADL-07_Attivita_analitica_2011.pdf\" target=\"_blank\" rel=\"noopener\">2011<\/a><\/td>\n<td style=\"width: 113px;height: 38px\"><a href=\"http:\/\/www.izsler.it\/cremavila\/wp-content\/uploads\/sites\/13\/2023\/06\/ADL-08_Attivita_analitica_2012.pdf\" target=\"_blank\" rel=\"noopener\">2012<\/a><\/td>\n<td style=\"width: 113px;height: 38px\"><a href=\"http:\/\/www.izsler.it\/cremavila\/wp-content\/uploads\/sites\/13\/2023\/06\/ADL-09_Attivita_analitica_2013.pdf\" target=\"_blank\" rel=\"noopener\">2013<\/a><\/td>\n<td style=\"width: 113px;height: 38px\"><a href=\"http:\/\/www.izsler.it\/cremavila\/wp-content\/uploads\/sites\/13\/2023\/06\/ADL-10_Attivita_analitica_2014.pdf\" target=\"_blank\" rel=\"noopener\">2014<\/a><\/td>\n<\/tr>\n<tr>\n<td style=\"width: 113px;height: 38px\"><a href=\"http:\/\/www.izsler.it\/cremavila\/wp-content\/uploads\/sites\/13\/2023\/06\/ADL-11_Attivita_analitica_2015.pdf\" target=\"_blank\" rel=\"noopener\">2015<\/a><\/td>\n<td style=\"width: 113px;height: 38px\"><a href=\"http:\/\/www.izsler.it\/cremavila\/wp-content\/uploads\/sites\/13\/2023\/06\/ADL-12_Attivita_analitica_2016.pdf\" target=\"_blank\" rel=\"noopener\">2016<\/a><\/td>\n<td style=\"width: 113px;height: 38px\"><a href=\"http:\/\/www.izsler.it\/cremavila\/wp-content\/uploads\/sites\/13\/2023\/06\/ADL-13_Attivita_analitica_2017.pdf\" target=\"_blank\" rel=\"noopener\">2017<\/a><\/td>\n<td style=\"width: 113px;height: 38px\"><a href=\"https:\/\/www.izsler.it\/cremavila\/wp-content\/uploads\/sites\/13\/2024\/05\/2_Attivita-analitica-2018.pdf\">2018<\/a><\/td>\n<td style=\"width: 113px;height: 38px\"><a href=\"https:\/\/www.izsler.it\/cremavila\/wp-content\/uploads\/sites\/13\/2024\/05\/3_Attivita-analitica-2019.pdf\">2019<\/a><\/td>\n<\/tr>\n<tr>\n<td style=\"width: 113px;height: 38px\"><a href=\"https:\/\/www.izsler.it\/cremavila\/wp-content\/uploads\/sites\/13\/2024\/05\/4_Attivita-analitica-2020.pdf\">2020<\/a><\/td>\n<td style=\"width: 113px;height: 38px\"><a href=\"https:\/\/www.izsler.it\/cremavila\/wp-content\/uploads\/sites\/13\/2024\/05\/5_Attivita-analitica-2021.pdf\">2021<\/a><\/td>\n<td style=\"width: 113px;height: 38px\"><a href=\"https:\/\/www.izsler.it\/cremavila\/wp-content\/uploads\/sites\/13\/2024\/05\/6_Attivita-analitica-2022.pdf\">2022<\/a><\/td>\n<td style=\"width: 113px;height: 38px\"><a href=\"https:\/\/www.izsler.it\/cremavila\/wp-content\/uploads\/sites\/13\/2024\/05\/7_Attivita-analitica-2023.pdf\">2023<\/a><\/td>\n<td style=\"width: 113px;height: 38px\"><\/td>\n<\/tr>\n<\/tbody>\n<\/table>\n","protected":false},"excerpt":{"rendered":"<p>Nella tabella sottostante \u00e8 riportato per singolo anno un estratto della relazione tecnica annuale che descrive l&#8217;attivit\u00e0 analitica effettuata Tabella: attivit\u00e0 analitica &nbsp; &nbsp; &nbsp; 2005 2006 2007 2008 2009 2010 2011 2012 2013 2014 2015 2016 2017 2018 2019 2020 2021 2022 2023<\/p>\n","protected":false},"author":18,"featured_media":0,"parent":9,"menu_order":0,"comment_status":"open","ping_status":"open","template":"","meta":{"ip_address":"","user_agent":"","level":"","revision":"","cookie_id":"","page_referer":"","html_form":""},"_links":{"self":[{"href":"https:\/\/www.izsler.it\/cremavila\/wp-json\/wp\/v2\/pages\/13"}],"collection":[{"href":"https:\/\/www.izsler.it\/cremavila\/wp-json\/wp\/v2\/pages"}],"about":[{"href":"https:\/\/www.izsler.it\/cremavila\/wp-json\/wp\/v2\/types\/page"}],"author":[{"embeddable":true,"href":"https:\/\/www.izsler.it\/cremavila\/wp-json\/wp\/v2\/users\/18"}],"replies":[{"embeddable":true,"href":"https:\/\/www.izsler.it\/cremavila\/wp-json\/wp\/v2\/comments?post=13"}],"version-history":[{"count":3,"href":"https:\/\/www.izsler.it\/cremavila\/wp-json\/wp\/v2\/pages\/13\/revisions"}],"predecessor-version":[{"id":297,"href":"https:\/\/www.izsler.it\/cremavila\/wp-json\/wp\/v2\/pages\/13\/revisions\/297"}],"up":[{"embeddable":true,"href":"https:\/\/www.izsler.it\/cremavila\/wp-json\/wp\/v2\/pages\/9"}],"wp:attachment":[{"href":"https:\/\/www.izsler.it\/cremavila\/wp-json\/wp\/v2\/media?parent=13"}],"curies":[{"name":"wp","href":"https:\/\/api.w.org\/{rel}","templated":true}]}}