{"id":17,"date":"2009-03-04T13:05:00","date_gmt":"2009-03-04T12:05:00","guid":{"rendered":"http:\/\/cremavila.izsler-wp.glauco.it\/normativa-e-legislazione\/"},"modified":"2024-05-06T13:08:00","modified_gmt":"2024-05-06T11:08:00","slug":"normativa-e-legislazione","status":"publish","type":"page","link":"https:\/\/www.izsler.it\/cremavila\/normativa-e-legislazione\/","title":{"rendered":"Normativa e Legislazione"},"content":{"rendered":"<p><strong><a href=\"http:\/\/www.izsler.it\/cremavila\/wp-content\/uploads\/sites\/13\/2023\/06\/NEL-01_Gazzetta-Ufficiale_300.doc\">Requisiti richiesti dal Decreto Ministero della Salute del 4.10.99 (Gazzetta Ufficiale n. 300 del 23-12-1999)<\/a><\/strong><\/p>\n<p><em>Normativa di riferimento<\/em><\/p>\n<p>A livello comunitario con la codifica dell\u2019Animal Health Law (REGOLAMENTO UE 2016\/429 del 09\/03\/2016) \u00e8 stato redatto un regolamento trasversale per la Sanit\u00e0 animale che \u00e8 diventato applicabile nell\u2019aprile 2021.<\/p>\n<p>A livello nazionale \u00e8 stato recepito e applicato tale complesso normativo (una sorta di pacchetto di sanit\u00e0 animale) con il D.Lgs. 5 agosto 2022 n\u00b0 136, che \u00e8 entrato in vigore marted\u00ec 27 settembre 2022, e ha comportato l\u2019abrogazione del Regolamento di Polizia Veterinaria (RPV \u2013DECRETO DEL PRESIDENTE DELLA REPUBBLICA\u00a08 febbraio 1954, n. 320)\u00a0e numerosi altri atti nazionali (art. 32).<\/p>\n<p>La sottostante normativa fino ad allora vigente per RHD e Myxomatosi \u00e8 da intendersi quindi abrogata e non pi\u00f9 applicabile.<\/p>\n<p>MEV\/RHD<\/p>\n<ul>\n<li>08-04-2014 <a href=\"http:\/\/www.izsler.it\/cremavila\/wp-content\/uploads\/sites\/13\/2023\/06\/NEL-02_circolare_MEVRHD.pdf\" target=\"_blank\" rel=\"noopener\">Circolare Ministeriale\u00a0concernente misure sanitarie da adottare in caso di malattia emorragica virale (MEV\/RHD)<\/a>\u00a0&#8211;\u00a0<a href=\"http:\/\/www.izsler.it\/cremavila\/wp-content\/uploads\/sites\/13\/2023\/06\/NEL-03_manuale_MEVRHD.pdf\" target=\"_blank\" rel=\"noopener\">Manuale operativo<\/a><\/li>\n<li><a href=\"http:\/\/www.izsler.it\/cremavila\/wp-content\/uploads\/sites\/13\/2023\/06\/NEL-04_prot14289_6ago2011_MinSal.pdf\" target=\"_blank\" rel=\"noopener\">Nota Ministero della Salute n. 21949 del 6 agosto 2011<\/a><\/li>\n<li>08-09-1990 <a href=\"http:\/\/www.izsler.it\/cremavila\/wp-content\/uploads\/sites\/13\/2023\/06\/NEL-05_O.MS.8sett1990.pdf\" target=\"_blank\" rel=\"noopener\">Ordinanza Ministero della Sanit\u00e0\u00a0&#8220;Norme per la profilassi della malattia virale emorragica del coniglio&#8221; (GU SG n. 217, 17-09-1990, p. 21)<\/a><!-- --><\/li>\n<li>01-12-1988 Ordinanza Ministero della Sanit\u00e0\u00a0&#8220;Divieto d&#8217;importazione di conigli vivi e lepri ai fini della profilassi della malattia emorragica dei conigli&#8221; (GU SG n. 300, 23-12-1988, p.20).<\/li>\n<\/ul>\n<p>MYXOMATOSI<\/p>\n<ul>\n<li>A.C.I.S. 15\/9\/1955 <em>\u201c<a href=\"https:\/\/www.gazzettaufficiale.it\/eli\/gu\/1955\/09\/23\/220\/sg\/pdf\">Norme per la profilassi della mixomatosi del coniglio modificata<\/a>\u201d<\/em> da O.A.C.I.S. 1\/12\/1957<\/li>\n<\/ul>\n<p>EBHS<\/p>\n<ul>\n<li>Nota Ministero della Salute n. 0029709 28\/11\/2018 &#8220;Introduzione in Italia di lepri vive per il ripopolamento dai paesi membri dell&#8217;Unione Europea &#8211; stagione 2018-2019&#8221; [link <a href=\"http:\/\/www.izsler.it\/cremavila\/wp-content\/uploads\/sites\/13\/2023\/06\/NEL-06_Documento_Principale_0029709-28_11_2018-DGSAF-MDS-P.pdf\" target=\"_blank\" rel=\"noopener\">testo<\/a> + <a href=\"http:\/\/www.izsler.it\/cremavila\/wp-content\/uploads\/sites\/13\/2023\/06\/NEL-07_ALL-01_307945631.pdf\" target=\"_blank\" rel=\"noopener\">allegato<\/a>]<\/li>\n<li>Nota Ministero della Salute n.19972 del 10711\/2010 [<a href=\"http:\/\/www.izsler.it\/cremavila\/wp-content\/uploads\/sites\/13\/2023\/06\/NEL-08_NotaMds_19972_10112010.pdf\" target=\"_blank\" rel=\"noopener\">link<\/a>] e n. 222282 del 15\/12\/2010 [<a href=\"http:\/\/www.izsler.it\/cremavila\/wp-content\/uploads\/sites\/13\/2023\/06\/NEL-09_NotaMdS_22282_15122010.pdf\" target=\"_blank\" rel=\"noopener\">link<\/a>]\u00a0&#8220;Introduzione in Italia di lepri vive per il ripopolamento dai paesi membri dell&#8217;Unione Europea &#8211; stagione 2010-2011. Condizioni sanitarie.<\/li>\n<li>07-12-2000 <a href=\"http:\/\/www.izsler.it\/cremavila\/wp-content\/uploads\/sites\/13\/2023\/06\/NEL-10_DM_7dec2000.doc\" target=\"_blank\" rel=\"noopener\">Decreto Ministero della Salute\u00a0&#8220;Norme sanitarie per l&#8217;importazione di lepri destinate al ripopolamento&#8221; (GU SG n.38, 15-02-2001, p.11-16<\/a>)<\/li>\n<li>30-03-1998 Decreto Ministero della Sanit\u00e0\u00a0&#8220;Norme sanitarie per l&#8217;importazione di lepri&#8221; GU SG n. 173, 27-07-1998, p.10-13.<\/li>\n<li>05-10-1993 Decreto Ministero della Sanit\u00e0\u00a0&#8220;Modificazioni al decreto ministeriale del 14 settembre 1993 recante norme per l&#8217;importazione dall&#8217;estero di lepri&#8221; (GU SG n. 224, 24-09-1994 , p. 20)<\/li>\n<li>05-10-1993 Decreto Ministero della Sanit\u00e0\u00a0&#8220;Modificazioni al decreto ministeriale del 14 settembre 1993 recante norme per l&#8217;importazione dall&#8217;estero di lepri&#8221; (GU SG n. 238, 09-10-1993 , p. 55-56)<\/li>\n<li>14-09-1993 Decreto Ministero della Sanit\u00e0\u00a0&#8220;Norme per l&#8217;importazione dall&#8217;estero di lepri&#8221; (GU SG n. 221, 20-09-1993, p. 8-10).<\/li>\n<\/ul>\n<p>VACCINI STABULOGENI<\/p>\n<ul>\n<li>17-03-1994, Decreto Ministero della Salute n. 287 &#8220;Regolamento recante norme sulla produzione, l&#8217;impiego ed il controllo dei medicinali veterinari immunologici inattivati, aventi caratteristiche di vaccini stabulogeni ed autovaccini&#8221;.\u00a0<a href=\"http:\/\/www.gazzettaufficiale.it\/eli\/gu\/1994\/05\/14\/111\/sg\/pdf\" target=\"_blank\" rel=\"noopener\">(GU Serie Generale n.111 del 14-05-1994)<\/a><\/li>\n<li><a href=\"http:\/\/www.izsler.it\/cremavila\/wp-content\/uploads\/sites\/13\/2023\/06\/NEL-11_NotaMdS_15346_22062018-vaccini.pdf\" target=\"_blank\" rel=\"noopener\">Nota Ministero della Salute 15346 22\/06\/2018<\/a> &#8220;Utilizzo medicinali veterinari immunologici inattivati, aventi caratteristiche di vaccini stabulogeni ed autovaccini ai sensi del DM 283 del 17\/3\/1994&#8221;<\/li>\n<\/ul>\n","protected":false},"excerpt":{"rendered":"<p>Requisiti richiesti dal Decreto Ministero della Salute del 4.10.99 (Gazzetta Ufficiale n. 300 del 23-12-1999) Normativa di riferimento A livello comunitario con la codifica dell\u2019Animal Health Law (REGOLAMENTO UE 2016\/429 del 09\/03\/2016) \u00e8 stato redatto un regolamento trasversale per la Sanit\u00e0 animale che \u00e8 diventato applicabile nell\u2019aprile 2021. A livello nazionale \u00e8 stato recepito e [&hellip;]<\/p>\n","protected":false},"author":18,"featured_media":0,"parent":0,"menu_order":0,"comment_status":"open","ping_status":"open","template":"","meta":{"ip_address":"","user_agent":"","level":"","revision":"","cookie_id":"","page_referer":"","html_form":""},"_links":{"self":[{"href":"https:\/\/www.izsler.it\/cremavila\/wp-json\/wp\/v2\/pages\/17"}],"collection":[{"href":"https:\/\/www.izsler.it\/cremavila\/wp-json\/wp\/v2\/pages"}],"about":[{"href":"https:\/\/www.izsler.it\/cremavila\/wp-json\/wp\/v2\/types\/page"}],"author":[{"embeddable":true,"href":"https:\/\/www.izsler.it\/cremavila\/wp-json\/wp\/v2\/users\/18"}],"replies":[{"embeddable":true,"href":"https:\/\/www.izsler.it\/cremavila\/wp-json\/wp\/v2\/comments?post=17"}],"version-history":[{"count":5,"href":"https:\/\/www.izsler.it\/cremavila\/wp-json\/wp\/v2\/pages\/17\/revisions"}],"predecessor-version":[{"id":310,"href":"https:\/\/www.izsler.it\/cremavila\/wp-json\/wp\/v2\/pages\/17\/revisions\/310"}],"wp:attachment":[{"href":"https:\/\/www.izsler.it\/cremavila\/wp-json\/wp\/v2\/media?parent=17"}],"curies":[{"name":"wp","href":"https:\/\/api.w.org\/{rel}","templated":true}]}}