{"id":28,"date":"2009-08-13T15:57:00","date_gmt":"2009-08-13T13:57:00","guid":{"rendered":"http:\/\/crma.izsler-wp.glauco.it\/centro-di-referenza-nazionale-per-la-malattia-di-aujeszky-pseudorabbia\/produzione-scientifica\/"},"modified":"2025-06-24T10:31:27","modified_gmt":"2025-06-24T08:31:27","slug":"produzione-scientifica","status":"publish","type":"page","link":"https:\/\/www.izsler.it\/crma\/centro-di-referenza-nazionale-per-la-malattia-di-aujeszky-pseudorabbia\/produzione-scientifica\/","title":{"rendered":"PRODUZIONE SCIENTIFICA"},"content":{"rendered":"<p><strong>Pubblicazioni su riviste internazionali<\/strong><\/p>\n<ul>\n<li>Moreno, A., Musto, C., Gobbi, M., Maioli, G., Menchetti, M., Trogu, T., &#8230; &amp; Delogu, M. (2024). Detection and molecular analysis of Pseudorabies virus from free-ranging Italian wolves (Canis lupus italicus) in Italy-a case report.\u00a0<i>BMC Veterinary Research<\/i>,\u00a0<i>20<\/i>(1), 9.<\/li>\n<li>Carella, E., Caruso, C., Moreno, A., Di Blasio, A., Oberto, F., Vitale, N., &amp; Masoero, L. (2023). Meat juice and oral fluid as Alternatives to serum for Aujeszky Disease Monitoring in pigs.\u00a0<i>Microorganisms<\/i>,\u00a0<i>11<\/i>(10), 2418.<\/li>\n<li>Ciarello, F. P., Moreno, A., Miragliotta, N., Antonino, A., Fiasconaro, M., Purpari, G., &#8230; &amp; Di Marco Lo Presti, V. (2022). Aujeszky\u2019s disease in hunting dogs after the ingestion of wild boar raw meat in Sicily (Italy): clinical, diagnostic and phylogenetic features.\u00a0<i>BMC Veterinary Research<\/i>,\u00a0<i>18<\/i>, 1-9.<\/li>\n<li>Di Marco Lo Presti, V., Moreno, A., Castelli, A., Ippolito, D., Aliberti, A., Amato, B., &#8230; &amp; Pruiti Ciarello, F. (2021). Retrieving historical cases of Aujeszky\u2019s disease in Sicily (Italy): report of a natural outbreak affecting sheep, goats, dogs, cats and foxes and considerations on critical issues and perspectives in light of the recent EU regulation 429\/2016.\u00a0<i>Pathogens<\/i>,\u00a0<i>10<\/i>(10), 1301.<\/li>\n<li>Moreno, A., Chiapponi, C., Sozzi, E., Morelli, A., Silenzi, V., Gobbi, M., &#8230; &amp; Panicci\u00e0, M. (2020). Detection of a gE-deleted Pseudorabies virus strain in an Italian red fox.\u00a0<i>Veterinary Microbiology<\/i>,\u00a0<i>244<\/i>, 108666.<\/li>\n<li>Cano-Terriza, D., Mart\u00ednez, R., Moreno, A., P\u00e9rez-Mar\u00edn, J. E., Jim\u00e9nez-Ruiz, S., Paniagua, J., &#8230; &amp; Garc\u00eda-Bocanegra, I. (2019). Survey of Aujeszky\u2019s disease virus in hunting dogs from Spain.\u00a0<i>EcoHealth<\/i>,\u00a0<i>16<\/i>, 351-355.<\/li>\n<li>Caruso, C., Vitale, N., Prato, R., Radaelli, M. C., Zoppi, S., Possidente, R., &#8230; &amp; Masoero, L. (2018). Pseudorabies virus in North-West Italian wild boar (Sus scrofa) populations: Prevalence and risk factors to support a territorial risk-based surveillance.\u00a0<i>Veterinaria italiana<\/i>,\u00a0<i>54<\/i>(4), 337-341.<\/li>\n<li>Chiari, M., Ferrari, N., Bertoletti, M., Avisani, D., Cerioli, M., Zanoni, M., &#8230; &amp; Antonio, L. (2015). Long-term surveillance of Aujeszky\u2019s disease in the alpine wild boar (Sus scrofa).\u00a0<i>Ecohealth<\/i>,\u00a0<i>12<\/i>, 563-570.<\/li>\n<li>Moreno, A., Sozzi, E., Grilli, G., Gibelli, L. R., Gelmetti, D., Lelli, D., &#8230; &amp; Cordioli, P. (2015). Detection and molecular analysis of Pseudorabies virus strains isolated from dogs and a wild boar in Italy.\u00a0<i>Veterinary microbiology<\/i>,\u00a0<i>177<\/i>(3-4), 359-365.<\/li>\n<li>Sozzi, E., Moreno, A., Lelli, D., Cinotti, S., Alborali, G. L., Nigrelli, A., &#8230; &amp; Cordioli, P. (2014). Genomic Characterization of Pseudorabies Virus Strains Isolated in I taly.\u00a0<i>Transboundary and emerging diseases<\/i>,\u00a0<i>61<\/i>(4), 334-340.<\/li>\n<li>Lari A, Lorenzi D, Nigrelli D, Brocchi E, Faccini S, Poli A. Pseudorabies virus in European wild boar from central Italy. J Wildl Dis. 2006 Apr;42(2): 319-324.<\/li>\n<li>M. Tamba, R. Calabrese, E. Finelli, P. Cordioli. (2002). Risk factors for Aujeszky&#8217;s-disease seropositivity of swine herds of a region of northern Italy. Prev. Vet. Med. 54(3): 203-212<\/li>\n<\/ul>\n<p><strong>Presentazioni a lezioni, meeting e scuole di specialit\u00e0 <\/strong><\/p>\n<ul>\n<li>Lelli D., Canelli E., Luppi A., Moreno A.,\u00a0 Sozzi E., Lombardi G.,\u00a0 Cordioli P., 2009. Comparison among different serological gE-ELISA kits for Aujeszky&#8217;s Disease by testing sera from experimental infections. Proceedings of the 3rd ESVV Veterinary Herpesvirus Symposium, Greifswald, Insel Reims, April 22-24, 2009, P17.<\/li>\n<li>Lelli D., Luppi A., Sozzi E., Moreno A., Cordioli P., Lombardi G., 2007. Confronto tra test sierologici gE-ELISA per la Malattia di Aujeszky utilizzando sieri di suini infettati sperimentalmente&#8221;. Atti del XXXIII Meeting Annuale della Societ\u00e0 Italiana di Patologia ed Allevamento dei Suini (SIPAS), Modena, 29-30 marzo 2007, pp 359-364.<\/li>\n<li>Presentazione del Dr. Cordioli dal titolo &#8220;Interpretazione dei risultati sierologici di laboratorio nelle malattie virali del suino&#8221; al 9\u00b0 Congresso Nazionale SIVAR &#8220;Percorsi diagnostici in patologia suina: campionamenti, esami di laboratorio ed interpretazione dei risultati&#8221; 11 maggio 2007 (<a href=\"\/izs_bs\/allegati\/695\/sivr%20cremona.pdf\">Vai<\/a>).<\/li>\n<li>Presentazione del Dr. Alborali dal titolo &#8220;Malattia di Aujeszky: situazione italiana e programmi\u00a0 di eradicazione&#8221; all&#8217;Ordine dei Medici Veterinari di Verona, Isola della Scala (VR)\u00a0 22 marzo\u00a0 2007 (<a href=\"\/izs_bs\/allegati\/695\/Aujeszky%20loris%20VR3.07.pdf\">Vai<\/a>).<\/li>\n<li>Presentazione del Dr. Cordioli dal titolo &#8220;Eziologia e diagnosi della malattia di Aujeszky&#8221; alla Scuola di Specializzazione di Patologia suina dell&#8217;Universit\u00e0 degli Studi di Torino, Moretta (TO) 23 Novembre 2007 (<a href=\"\/izs_bs\/allegati\/695\/Aujeszky%20Moretta%20novembre%202007.pdf\">Vai<\/a>).<\/li>\n<\/ul>\n","protected":false},"excerpt":{"rendered":"<p>Pubblicazioni su riviste internazionali Moreno, A., Musto, C., Gobbi, M., Maioli, G., Menchetti, M., Trogu, T., &#8230; &amp; Delogu, M. (2024). Detection and molecular analysis of Pseudorabies virus from free-ranging Italian wolves (Canis lupus italicus) in Italy-a case report.\u00a0BMC Veterinary Research,\u00a020(1), 9. Carella, E., Caruso, C., Moreno, A., Di Blasio, A., Oberto, F., Vitale, N., [&hellip;]<\/p>\n","protected":false},"author":18,"featured_media":0,"parent":5,"menu_order":0,"comment_status":"open","ping_status":"open","template":"","meta":{"ip_address":"","user_agent":"","level":"","revision":"","cookie_id":"","page_referer":"","html_form":""},"_links":{"self":[{"href":"https:\/\/www.izsler.it\/crma\/wp-json\/wp\/v2\/pages\/28"}],"collection":[{"href":"https:\/\/www.izsler.it\/crma\/wp-json\/wp\/v2\/pages"}],"about":[{"href":"https:\/\/www.izsler.it\/crma\/wp-json\/wp\/v2\/types\/page"}],"author":[{"embeddable":true,"href":"https:\/\/www.izsler.it\/crma\/wp-json\/wp\/v2\/users\/18"}],"replies":[{"embeddable":true,"href":"https:\/\/www.izsler.it\/crma\/wp-json\/wp\/v2\/comments?post=28"}],"version-history":[{"count":2,"href":"https:\/\/www.izsler.it\/crma\/wp-json\/wp\/v2\/pages\/28\/revisions"}],"predecessor-version":[{"id":1405,"href":"https:\/\/www.izsler.it\/crma\/wp-json\/wp\/v2\/pages\/28\/revisions\/1405"}],"up":[{"embeddable":true,"href":"https:\/\/www.izsler.it\/crma\/wp-json\/wp\/v2\/pages\/5"}],"wp:attachment":[{"href":"https:\/\/www.izsler.it\/crma\/wp-json\/wp\/v2\/media?parent=28"}],"curies":[{"name":"wp","href":"https:\/\/api.w.org\/{rel}","templated":true}]}}