{"id":29,"date":"2009-08-13T16:02:00","date_gmt":"2009-08-13T14:02:00","guid":{"rendered":"http:\/\/crma.izsler-wp.glauco.it\/centro-di-referenza-nazionale-per-la-malattia-di-aujeszky-pseudorabbia\/formazione\/"},"modified":"2009-08-13T16:02:00","modified_gmt":"2009-08-13T14:02:00","slug":"formazione","status":"publish","type":"page","link":"https:\/\/www.izsler.it\/crma\/centro-di-referenza-nazionale-per-la-malattia-di-aujeszky-pseudorabbia\/formazione\/","title":{"rendered":"FORMAZIONE"},"content":{"rendered":"<p><strong>Interventi e lezioni del Dr. Paolo Cordioli<br \/><\/strong><\/p>\n<ul>\n<li>Scuola di Specializzazione in Sanit\u00e0 Allevamento e produzioni zootecniche Facolt\u00e0 di medicina Veterinaria Universit\u00e0 degli Studi di Bologna 12 marzo 2007 &#8220;Diagnosi della malattia di Aujeszky&#8221;<\/li>\n<\/ul>\n<ul>\n<li>Scuola di Specializzazione di Patologia suina\u00a0 Facolt\u00e0 di medicina Veterinaria Universit\u00e0 degli Studi di Torino\u00a0\u00a0 23 Novembre 2007 &#8220;Eziologia e diagnosi della malattia di Aujeszky&#8221;<\/li>\n<\/ul>\n<ul>\n<li>Le problematiche attuali dell&#8217;allevamento suino\u00a0Ordine Medici Veterinari di Verona 22 marzo 2007\u00a0 &#8220;Diagnosi della malattia di Aujeszky&#8221;<\/li>\n<\/ul>\n<ul>\n<li>9\u00b0 Congresso Nazionale SIVAR &#8220;Percorsi diagnostici in patologia suina: campionamenti, esami di laboratorio ed interpretazione dei risultati&#8221; 11 maggio 2007 &#8220;Interpretazione dei risultati sierologici di laboratorio nelle malattie virali del suino&#8221;<\/li>\n<\/ul>\n","protected":false},"excerpt":{"rendered":"<p>Interventi e lezioni del Dr. Paolo Cordioli Scuola di Specializzazione in Sanit\u00e0 Allevamento e produzioni zootecniche Facolt\u00e0 di medicina Veterinaria Universit\u00e0 degli Studi di Bologna 12 marzo 2007 &#8220;Diagnosi della malattia di Aujeszky&#8221; Scuola di Specializzazione di Patologia suina\u00a0 Facolt\u00e0 di medicina Veterinaria Universit\u00e0 degli Studi di Torino\u00a0\u00a0 23 Novembre 2007 &#8220;Eziologia e diagnosi della [&hellip;]<\/p>\n","protected":false},"author":18,"featured_media":0,"parent":5,"menu_order":0,"comment_status":"open","ping_status":"open","template":"","meta":{"ip_address":"","user_agent":"","level":"","revision":"","cookie_id":"","page_referer":"","html_form":""},"_links":{"self":[{"href":"https:\/\/www.izsler.it\/crma\/wp-json\/wp\/v2\/pages\/29"}],"collection":[{"href":"https:\/\/www.izsler.it\/crma\/wp-json\/wp\/v2\/pages"}],"about":[{"href":"https:\/\/www.izsler.it\/crma\/wp-json\/wp\/v2\/types\/page"}],"author":[{"embeddable":true,"href":"https:\/\/www.izsler.it\/crma\/wp-json\/wp\/v2\/users\/18"}],"replies":[{"embeddable":true,"href":"https:\/\/www.izsler.it\/crma\/wp-json\/wp\/v2\/comments?post=29"}],"version-history":[{"count":0,"href":"https:\/\/www.izsler.it\/crma\/wp-json\/wp\/v2\/pages\/29\/revisions"}],"up":[{"embeddable":true,"href":"https:\/\/www.izsler.it\/crma\/wp-json\/wp\/v2\/pages\/5"}],"wp:attachment":[{"href":"https:\/\/www.izsler.it\/crma\/wp-json\/wp\/v2\/media?parent=29"}],"curies":[{"name":"wp","href":"https:\/\/api.w.org\/{rel}","templated":true}]}}