{"id":10,"date":"2009-03-09T16:00:00","date_gmt":"2009-03-09T15:00:00","guid":{"rendered":"http:\/\/crnclamidiosi.izsler-wp.glauco.it\/malattia\/approfondimento-malattia\/approfondimento-malattia-le-clamidiosi-dei-mammiferi\/"},"modified":"2009-03-09T16:00:00","modified_gmt":"2009-03-09T15:00:00","slug":"approfondimento-malattia-le-clamidiosi-dei-mammiferi","status":"publish","type":"page","link":"https:\/\/www.izsler.it\/crnclamidiosi\/malattia\/approfondimento-malattia\/approfondimento-malattia-le-clamidiosi-dei-mammiferi\/","title":{"rendered":"Approfondimento malattia &#8211; Le clamidiosi dei mammiferi"},"content":{"rendered":"<div style=\"text-align: justify;\"><u>Le clamidiosi dei mammiferi<\/u><br \/>\n \u00a0<br \/>\n Le presentazioni cliniche pi\u00f9 frequenti per le quali viene richiesta l&#8217;esecuzione di esami di laboratorio per la ricerca di clamidie nei ruminanti sono l&#8217;aborto, accompagnato o meno da ritenzione placentare, la mummificazione dei feti, la natimortalit\u00e0 e le patologie dell&#8217;apparato riproduttivo che comportano la riduzione della fertilit\u00e0. Casi di aborto enzootico da clamidia, il cui agente \u00e8 <em>Chlamydia abortus<\/em>, vengono diagnosticati ogni anno in allevamenti di capre principalmente localizzati nelle province settentrionali della Lombardia e nell&#8217;appennino parmigiano e reggiano. La ricerca delle clamidie viene quasi sempre eseguita con metodiche dirette (metodiche molecolari e isolamento in coltura cellulare) insieme a quella di altri agenti abortigeni batterici (<em>Brucella melitensis, Salmonella spp., Listeria monocytogenes, Coxiella burnetii<\/em>) e parassitari (<em>Toxoplasma gondii<\/em>). Le richieste di analisi per la ricerca di clamidie in materiali patologici proveniente da allevamenti ovini sono comparativamente molto meno numerose, ma hanno comunque portato a rilevare l&#8217;aborto da clamidia anche nelle pecore. Nel bovino, l&#8217;attivit\u00e0 del CRN riguarda in prevalenza la ricerca di clamidie con metodiche dirette e anche indirette (esame sierologico con metodica ELISA) nell&#8217;ambito della diagnostica differenziale degli aborti con l&#8217;accertamento di infezioni parassitarie (<em>Neospora caninum<\/em>), batteriche (<em>B. abortus, B. melitensis, C. burnetii<\/em>, altri agenti batterici), micotiche e virali (IBR, BVD). Nell&#8217;esperienza del CReNCla, la rilevanza delle clamidie tra gli agenti di aborto infettivo del bovino appare molto modesta, con positivit\u00e0 che si attestano intorno al 2-3% dei campioni esaminati. Accanto al prevedibile ritrovamento di <em>C. abortus <\/em>nei feti abortiti, \u00e8 interessante notare il rilievo occasionale di <em>Chlamydia psittaci<\/em>, clamidia principalmente associata a infezione e malattia nelle specie aviari, <em>Chlamydia pecorum<\/em>, specie ritenuta non abortigena, e raramente anche <em>Chlamydia suis<\/em>. Di maggior rilievo appaiono i ritrovamenti di clamidie nel corso di altre patologie genitali del bovino, in particolare endometriti e vaginiti. Il quadro clinico comunemente osservato riferisce la comparsa in azienda di soggetti che presentano un marcato edema e iperemia della mucosa vaginale con copiosa essudazione muco-purulenta biancastra. Caratteristico risulta l&#8217;andamento ondulante del numero dei casi osservati, con periodi di apparente normalit\u00e0 clinica in azienda che si alternano a fasi della durata di alcune settimane caratterizzate dalla comparsa di numerosi casi clinici. Nei casi risultati positivi per clamidia, la specie isolata o rilevata con metodiche molecolari \u00e8 sempre stata <em>C. pecorum<\/em>, che in effetti \u00e8 associata quasi esclusivamente a infezioni non abortigene nei mammiferi. Talvolta il ritrovamento delle clamidie nei casi osservati \u00e8 risultato concomitante al rilievo di altre infezioni batteriche (streptococchi, micoplasmi, <em>Escherichia coli<\/em>) e virali (<em>Bovine herpes virus 4<\/em>) per l&#8217;accertamento delle quali \u00e8 consigliabile dunque sempre procedere alle specifiche prove diagnostiche.<br \/>\n Alcuni isolati di clamidia ottenuti da capre, pecore e bovini sono stati tipizzati con metodiche molecolari avanzate nell&#8217;ambito di uno studio internazionale volto all&#8217;analisi genomica comparativa di isolati provenienti da diversi Paesi europei e specie animali, allo scopo di identificare markers di virulenza e differenziare gli isolati di campo dai ceppi vaccinali. Un caso particolare e interessante nell&#8217;attivit\u00e0 del CReNCla \u00e8 consistito nell&#8217;esecuzione dell&#8217;accertamento di laboratorio per clamidia in un focolaio di encefalomielite manifestatosi in diversi capi di un allevamento di bufali della provincia di Salerno. In questo episodio, i campioni biologici di encefalo prelevati e inviati al CReNCla da parte della locale Sezione Diagnostica di Salerno dell&#8217;Istituto Zooprofilattico Sperimentale del Mezzogiorno, sono risultati positivi e hanno portato all&#8217;isolamento anche in questo caso di una clamidia non abortigena (<em>C. pecorum<\/em>) che \u00e8 stata riconosciuta l&#8217;unico agente infettivo causa della malattia. Alcuni accertamenti diagnostici eseguiti su organi e tessuti prelevati a ruminanti selvatici (capriolo, camoscio, stambecco) abbattuti nell&#8217;ambito di piani di controllo delle popolazioni selvatiche hanno anche portato nel corso degli anni all&#8217;isolamento\/rilevamento di <em>C. abortus <\/em>in un feto mummificato di capriolo e di <em>C. pecorum <\/em>dal polmone di due camosci &#8211; in tempi e localit\u00e0 tra loro distanti &#8211; talvolta in associazione a altri agenti batterici (<em>Moraxella<\/em>, <em>Pasteurella<\/em>) e parassitari (nematodi polmonari).<br \/>\n Nel suino, l&#8217;attivit\u00e0 del CReNCla \u00e8 finalizzata al rilevamento delle clamidie come agenti di malattia in rapporto a diversi quadri clinici. La loro presenza \u00e8 stata finora accertata pi\u00f9 volte in associazione a episodi di congiuntivite che possono coinvolgere fino al 20% dei soggetti in allevamento (specie rilevate:<em> C. suis <\/em>e <em>C. pecorum<\/em>) e occasionalmente in feti abortiti (specie rilevata: <em>C. abortus<\/em>) e in tamponi vaginali prelevati da soggetti affetti da ipofertilit\u00e0 (specie rilevata: <em>C. pecorum<\/em>).<br \/>\n Nel gatto, la richiesta di accertamento per clamidia \u00e8 limitata alla diagnostica delle congiuntiviti. Nella maggior parte dei casi, la specie associata risulta essere <em>Chlamydia felis<\/em>, ma talvolta si ha evidenza della presenza di microorganismi clamidie-simili, il cui ruolo patogeno necessita di essere chiarito.<br \/>\n Nel corso degli anni, l&#8217;attivit\u00e0 del CRN \u00e8 stata anche sporadicamente richiesta nell&#8217;ambito di accertamenti diagnostici in altre specie di mammiferi (cavallo, cane, coniglio, cavia), sempre risultati negativi ma da considerare in numero insufficiente per poter trarre conclusioni attendibili sulla rilevanza della malattia.<br \/>\n \u00a0<\/div>\n","protected":false},"excerpt":{"rendered":"<p>Le clamidiosi dei mammiferi \u00a0 Le presentazioni cliniche pi\u00f9 frequenti per le quali viene richiesta l&#8217;esecuzione di esami di laboratorio per la ricerca di clamidie nei ruminanti sono l&#8217;aborto, accompagnato o meno da ritenzione placentare, la mummificazione dei feti, la natimortalit\u00e0 e le patologie dell&#8217;apparato riproduttivo che comportano la riduzione della fertilit\u00e0. Casi di aborto [&hellip;]<\/p>\n","protected":false},"author":18,"featured_media":0,"parent":8,"menu_order":0,"comment_status":"open","ping_status":"open","template":"","meta":{"ip_address":"","user_agent":"","level":"","revision":"","cookie_id":"","page_referer":"","html_form":""},"_links":{"self":[{"href":"https:\/\/www.izsler.it\/crnclamidiosi\/wp-json\/wp\/v2\/pages\/10"}],"collection":[{"href":"https:\/\/www.izsler.it\/crnclamidiosi\/wp-json\/wp\/v2\/pages"}],"about":[{"href":"https:\/\/www.izsler.it\/crnclamidiosi\/wp-json\/wp\/v2\/types\/page"}],"author":[{"embeddable":true,"href":"https:\/\/www.izsler.it\/crnclamidiosi\/wp-json\/wp\/v2\/users\/18"}],"replies":[{"embeddable":true,"href":"https:\/\/www.izsler.it\/crnclamidiosi\/wp-json\/wp\/v2\/comments?post=10"}],"version-history":[{"count":0,"href":"https:\/\/www.izsler.it\/crnclamidiosi\/wp-json\/wp\/v2\/pages\/10\/revisions"}],"up":[{"embeddable":true,"href":"https:\/\/www.izsler.it\/crnclamidiosi\/wp-json\/wp\/v2\/pages\/8"}],"wp:attachment":[{"href":"https:\/\/www.izsler.it\/crnclamidiosi\/wp-json\/wp\/v2\/media?parent=10"}],"curies":[{"name":"wp","href":"https:\/\/api.w.org\/{rel}","templated":true}]}}