{"id":9,"date":"2009-03-09T16:00:00","date_gmt":"2009-03-09T15:00:00","guid":{"rendered":"http:\/\/crnclamidiosi.izsler-wp.glauco.it\/malattia\/approfondimento-malattia\/approfondimento-malattia-le-clamidiosi-dei-volatili\/"},"modified":"2009-03-09T16:00:00","modified_gmt":"2009-03-09T15:00:00","slug":"approfondimento-malattia-le-clamidiosi-dei-volatili","status":"publish","type":"page","link":"https:\/\/www.izsler.it\/crnclamidiosi\/malattia\/approfondimento-malattia\/approfondimento-malattia-le-clamidiosi-dei-volatili\/","title":{"rendered":"Approfondimento malattia &#8211; Le clamidiosi dei volatili"},"content":{"rendered":"<p><u>Le clamidiosi degli uccelli<\/u><\/p>\n<div style=\"text-align: justify;\">\n <em>Chlamydia psittaci <\/em>\u00e8 l&#8217;agente eziologico della clamidiosi aviaria, una malattia infettiva dei volatili trasmissibile all&#8217;uomo conosciuta dalla fine del XIX secolo con la denominazione di psittacosi o ornitosi a seconda che siano fonte d&#8217;infezione per l&#8217;uomo rispettivamente i pappagalli o altri uccelli da compagnia o di allevamento. \u00a0<br \/>\n L&#8217;infezione da <em>C. psittaci <\/em>\u00e8 largamente diffusa nel mondo animale a livello mondiale; l&#8217;uomo \u00e8 ospite accidentale del microorganismo e si infetta nella maggior parte dei casi documentati a seguito del contatto con uccelli, in particolare pappagalli, altri volatili da compagnia (fringillidi, canarini, cardellini, piccioni), volatili d&#8217;allevamento (tacchini, anatre, oche), selvaggina allevata (fagiani, colino della virginia, coturnice) e animali a vita libera (piccioni in ambito urbano, rapaci). La trasmissione delle clamidie avviene per contatto diretto tra gli animali e tra animale e uomo, per lo pi\u00f9 tramite inalazione di aerosol contaminati, tra i quali particolarmente insidiosi sono quelli che si sviluppano a seguito di essicazione delle feci e loro sollevamento come polvere negli ambienti. Segni clinici e sintomatologia nei volatili affetti, sia da compagnia sia da reddito, variano in rapporto alla virulenza della clamidia, all&#8217;et\u00e0 dell&#8217;ospite &#8211; i soggetti giovani manifestano forme pi\u00f9 gravi &#8211; e ai diversi fattori stressanti che insistono sugli animali, quali la stessa riduzione in cattivit\u00e0 nel caso dei volatili sottratti al loro habitat naturale, i trasporti in condizioni disagiate, il sovraffollamento, i cambi di alimentazione e le malattie intercorrenti. Accanto a segni di carattere generale quali abbattimento, anoressia e ipertermia, i quadri clinici osservabili rivelano il coinvolgimento dell&#8217;apparato respiratorio con scolo nasale, dispnea, tosse, starnuti e dell&#8217;apparato digerente con la comparsa di diarrea. In alcune specie in particolare anatidi e piccioni &#8211; anche il rilievo della congiuntivite pu\u00f2 essere caratteristico. Alla necroscopia si rilevano spesso epatosplenomegalia e sierositi fibrinose (aerosacculite, pericardite, periepatite). Il decorso pu\u00f2 variare da iperacuto, con morte degli animali in poche ore, a cronico con progressiva emaciazione dei soggetti malati. Tra i volatili sono molto diffuse anche le infezioni asintomatiche e i portatori sani di clamidie sono una pericolosa fonte di contagio per gli animali conviventi e per l&#8217;uomo poich\u00e9 eliminano il microorganismo nell&#8217;ambiente in modo intermittente, risultando per questo anche di difficile identificazione. Per la terapia farmacologica degli animali malati, risultano attive le tetracicline per via orale miscelate all&#8217;alimento o all&#8217;acqua in trattamenti di massa, o somministrate per via parenterale in formulazioni a ridotta istolesivit\u00e0. La prevenzione della malattia nei volatili si basa in generale su misure igieniche, sull&#8217;identificazione dei soggetti portatori sani e sul controllo di tutti i fattori stressanti. Negli allevamenti dei volatili da reddito \u00e8 anche importante impedire l&#8217;accesso ai volatili selvatici, talvolta portatori di clamidie. L&#8217;efficacia di una profilassi farmacologica nei volatili \u00e8 invece contestata da parte di alcuni autori e da valutare opportunamente caso per caso. Al momento non \u00e8 possibile una profilassi vaccinale, per la mancanza di vaccini registrati per le specie aviari; sono tuttavia allo studio preparazioni che potrebbero trovare applicazione in un prossimo futuro. \u00a0<br \/>\n Oltre a\u00a0<em>C. psittaci<\/em>, per molto tempo considerata l&#8217;unica specie di clamidia patogena per gli uccelli, si devono considerare le due specie <em>C. avium<\/em> e <em>C. gallinacea<\/em> la cui denominazione \u00e8 stata proposta nel 2014. <em>C. avium <\/em>\u00e8 stata trovata nei piccioni e in alcune specie di pappagalli in diversi Paesi europei tra cui Italia, Francia e Germania, in corso di malattia dell&#8217;apparato gastroenterico o di infezione asintomatica. <em>C. gallinacea <\/em>\u00e8 molto diffusa nel pollame domestico (polli, tacchini, anatre, oche, faraone) ed \u00e8 stata finora segnalata in quattro Paesi europei, in Argentina, in Cina e in Nord America. In Italia \u00e8 stata rilevata in Veneto nella gallina ovaiola e in Piemonte nel pollo, anatra e oca. Pu\u00f2 causare patologie respiratorie e congiuntivite, con riflessi sulle produzioni. Si sospetta inoltre che possa essere agente di zoonosi. Entrambe le nuove specie possono essere agenti di infezioni miste con <em>C. psittaci<\/em>.<br \/>\n \u00a0<br \/>\n <u>Cenni sulla psittacosi-ornitosi<\/u><br \/>\n \u00a0<br \/>\n La psittacosi-ornitosi si manifesta dopo un periodo di incubazione di 1-2 settimane con un quadro clinico caratterizzato da una notevole variabilit\u00e0 della gravit\u00e0 dei sintomi. Con maggiore frequenza viene rilevata una polmonite con grave risentimento generale, ma la malattia pu\u00f2 anche presentarsi, pi\u00f9 banalmente, come lieve forma simil-influenzale. Sono colpite in prevalenza alcune categorie professionali quali allevatori e rivenditori di volatili, operatori ai macelli, veterinari, laboratoristi, doganieri, guardie forestali, operai addetti alla rimozione dei nidi e del guano degli uccelli insediatisi in ambiente urbano; a questi vanno aggiunti i proprietari di volatili d&#8217;affezione e i partecipanti a fiere e esposizioni ornitologiche. In ambito urbano, indagini condotte in diverse citt\u00e0 italiane hanno permesso di rilevare piccioni portatori di clamidia in percentuali variabili dal 13 al 42% della popolazione. Per gli aspetti di sanit\u00e0 pubblica legati alla possibile trasmissione dell&#8217;infezione all&#8217;uomo, va notato che spesso &#8211; ma non sempre &#8211; il piccione \u00e8 portatore di clamidie caratterizzate da virulenza per l&#8217;uomo inferiore a quelle veicolate da pappagalli, altri volatili d&#8217;affezione e tacchini.<br \/>\n La psittacosi \u00e8 inclusa nell&#8217;elenco delle malattie professionali per le quali \u00e8 obbligatoria la denuncia, riportate nella Lista I (Malattie la cui origine lavorativa \u00e8 di elevata probabilit\u00e0), Gruppo 3 (Malattie da agenti biologici) dell&#8217;allegato del Decreto 10 giugno 2014 del Ministero del Lavoro e delle Politiche Sociali <em>(vedi la sezione dei link)<\/em>.<\/div>\n","protected":false},"excerpt":{"rendered":"<p>Le clamidiosi degli uccelli Chlamydia psittaci \u00e8 l&#8217;agente eziologico della clamidiosi aviaria, una malattia infettiva dei volatili trasmissibile all&#8217;uomo conosciuta dalla fine del XIX secolo con la denominazione di psittacosi o ornitosi a seconda che siano fonte d&#8217;infezione per l&#8217;uomo rispettivamente i pappagalli o altri uccelli da compagnia o di allevamento. \u00a0 L&#8217;infezione da C. [&hellip;]<\/p>\n","protected":false},"author":18,"featured_media":0,"parent":8,"menu_order":0,"comment_status":"open","ping_status":"open","template":"","meta":{"ip_address":"","user_agent":"","level":"","revision":"","cookie_id":"","page_referer":"","html_form":""},"_links":{"self":[{"href":"https:\/\/www.izsler.it\/crnclamidiosi\/wp-json\/wp\/v2\/pages\/9"}],"collection":[{"href":"https:\/\/www.izsler.it\/crnclamidiosi\/wp-json\/wp\/v2\/pages"}],"about":[{"href":"https:\/\/www.izsler.it\/crnclamidiosi\/wp-json\/wp\/v2\/types\/page"}],"author":[{"embeddable":true,"href":"https:\/\/www.izsler.it\/crnclamidiosi\/wp-json\/wp\/v2\/users\/18"}],"replies":[{"embeddable":true,"href":"https:\/\/www.izsler.it\/crnclamidiosi\/wp-json\/wp\/v2\/comments?post=9"}],"version-history":[{"count":0,"href":"https:\/\/www.izsler.it\/crnclamidiosi\/wp-json\/wp\/v2\/pages\/9\/revisions"}],"up":[{"embeddable":true,"href":"https:\/\/www.izsler.it\/crnclamidiosi\/wp-json\/wp\/v2\/pages\/8"}],"wp:attachment":[{"href":"https:\/\/www.izsler.it\/crnclamidiosi\/wp-json\/wp\/v2\/media?parent=9"}],"curies":[{"name":"wp","href":"https:\/\/api.w.org\/{rel}","templated":true}]}}