{"id":43,"date":"2019-05-30T10:03:00","date_gmt":"2019-05-30T08:03:00","guid":{"rendered":"http:\/\/crnl.izsler-wp.glauco.it\/formazione\/linfezione\/"},"modified":"2019-05-30T10:03:00","modified_gmt":"2019-05-30T08:03:00","slug":"linfezione","status":"publish","type":"page","link":"https:\/\/www.izsler.it\/crnl\/formazione\/linfezione\/","title":{"rendered":"L&#8217;infezione"},"content":{"rendered":"<p>La leptospirosi \u00e8 una zoonosi a diffusione mondiale sostenuta da ceppi patogeni del genere <em>Leptospira<\/em>.<br \/>\n \u00a0<br \/>\n \u00c8 un&#8217;infezione con una epidemiologia complessa che comprende numerosi ospiti, sia nell&#8217;ambito degli animali domestici che selvatici, e diverse vie di trasmissione in un intreccio di relazioni non ancora completamente comprese.<br \/>\n Le specie animali possono fungere da ospiti di mantenimento oppure da ospiti accidentali. Tale distinzione si basa sul rapporto che si instaura con l&#8217;agente infettivo e, in particolare, dipende dalla variante sierologica (serovar) di <em>Leptospira<\/em> in causa.<br \/>\n Gli ospiti di mantenimento mantengono l&#8217;infezione in forma endemica: presentano un&#8217;elevata sensibilit\u00e0 nei confronti del serovar in causa (virulenza e dose infettante ridotte) e sono in grado di eliminare leptospire nell&#8217;ambiente per lunghi periodi; la malattia evolve generalmente in forma sub-clinica o asintomatica. Negli ospiti accidentali, viceversa, l&#8217;infezione si presenta in maniera sporadica, spesso con sintomi clinici evidenti; in tal caso l&#8217;evoluzione \u00e8 rapida e l&#8217;eliminazione di leptospire \u00e8 relativamente breve nel tempo.<br \/>\n Sebbene la sensibilit\u00e0 che i mammiferi manifestano nei confronti dell&#8217;infezione sia variabile, tutte le specie possono divenire fonte di contaminazione attraverso l&#8217;escrezione urinaria. Il rene, infatti, \u00e8 il principale organo bersaglio, nel quale il microrganismo persiste dopo la fase setticemica e continua a moltiplicarsi, senza necessariamente determinare sintomi clinici.<br \/>\n La trasmissione dell&#8217;infezione dipende da diversi fattori, tra cui il clima, la densit\u00e0 di popolazione e il grado di contatto tra gli ospiti di mantenimento e gli ospiti accidentali. In particolare, la persistenza delle leptospire nell&#8217;ambiente, a seguito dell&#8217;escrezione urinaria, dipende principalmente dalle condizioni climatiche: il clima caldo-umido, in particolare, favorisce la sopravvivenza dei batteri e ci\u00f2 si riflette sul tasso di prevalenza nella specie umana che, nelle regioni tropicali e sub-tropicali, risulta maggiore rispetto a quelle con clima temperato.<br \/>\n \u00a0<br \/>\n La leptospirosi si presenta con caratteristiche cliniche differenti in relazione alla specie animale.<br \/>\n \u00a0<br \/>\n Nel <strong>suino<\/strong> i principali serovar coinvolti, e per i quali la specie funge da ospite di mantenimento, sono Bratislava, Pomona e Tarassovi.<br \/>\n La manifestazione clinica pi\u00f9 evidente (e anche spesso l&#8217;unica osservabile) \u00e8 l&#8217;aborto che si verifica pi\u00f9 frequentemente tra il 90\u00b0 e il 100\u00b0 giorno; altri sintomi sono rappresentati da mortinatalit\u00e0, parti prematuri con espulsione di feti in parte vivi e in parte morti, nascita di soggetti disvitali. In generale si osserva una riduzione del tasso di fertilit\u00e0 con aumento dei ritorni in estro e conseguente riduzione della percentuale di concepimenti in rapporto al numero di fecondazioni.<br \/>\n Altre forme cliniche, quali quella gastroenterica e meningo-encefalica, osservabili negli animali giovani, sono da considerarsi rare.<br \/>\n \u00a0<br \/>\n Nel <strong>bovino<\/strong> il serovar Hardjo \u00e8 quello rilevato con maggiore frequenza, ma sono segnalati casi sostenuti dal serovar Pomona; viceversa non sono state segnalate, in Italia, infezioni sostenute dal serovar Grippotyphosa.<br \/>\n Nell&#8217;infezione da <em>Leptospira<\/em> Hardjo si osservano, in primo luogo l&#8217;aborto (tardivo: da uno a tre mesi dopo il contagio), la mortinatalit\u00e0, la nascita di vitelli prematuri e disvitali, l&#8217;ipofertilit\u00e0. Nelle bovine in lattazione si osserva inoltre una forma di mastite, nota come mastite atipica, caratterizzata da inflaccidimento della mammella, secrezione lattea densa, citrina, di aspetto similcolostrale e agalassia che dura da due a dieci giorni.<br \/>\n Il serovar Pomona provoca malattia che pu\u00f2 evolvere in forma acuta, subacuta e cronica. La forma acuta, si riscontra in soggetti giovani fino a tre mesi di et\u00e0 e si caratterizza per anemia, ittero, emoglobinuria e per tassi di mortalit\u00e0 piuttosto elevati (50-60%). La forma subacuta \u00e8 riscontrabile nei bovini adulti e si presenta con un quadro sovrapponibile a quello della forma acuta, ma con sintomi meno intensi, di minor durata e con ridotta mortalit\u00e0. La forma cronica consegue alla forma subacuta ed \u00e8 espressione di una nefrite interstiziale cronica che si traduce in un progressivo scadimento delle condizioni generali accompagnato da stranguria, albuminuria, iperazoturia. Sono comuni le forme paucisintomatiche o asintomatiche con febbre modica, abbattimento, disoressia, stipsi. Frequenti i casi d&#8217;infezione in cui l&#8217;unica manifestazione clinica \u00e8 data dall&#8217;aborto, osservabile in particolare nelle primipare, generalmente nell&#8217;ultimo trimestre di gravidanza, accompagnato o meno da ritenzione di placenta.<br \/>\n \u00a0<br \/>\n Analogamente al bovino, il <strong>bufalo<\/strong> \u00e8 sensibile all&#8217;infezione da <em>Leptospira<\/em> Hardjo che causa problemi nella sfera riproduttiva provocando aborti, natimortalit\u00e0 e ipofecondit\u00e0.<br \/>\n \u00a0<br \/>\n Negli <strong>ovini<\/strong>, a dimostrazione del tropismo nei confronti dei ruminanti, il serovar Hardjo provoca aborti, parti prematuri e mortalit\u00e0 perinatale, nonch\u00e9 mastiti atipiche. I serovar Icterohaemorrhagiae e Pomona provocano invece, negli agnelli, malattia con quadri itteroemorragici, mentre negli animali adulti il serovar Pomona pu\u00f2 dar luogo a nefrite interstiziale cronica.<br \/>\n \u00a0<br \/>\n Nel <strong>cane<\/strong> l&#8217;infezione \u00e8 legata a tre sierovarianti: Icterohaemorrhagiae, Copenhageni e Canicola; le prime due sono responsabili di una sindrome itteroemorragica acuta, nota anche sotto la denominazione di &#8220;Weil canino&#8221;, per la perfetta analogia anatomo-clinica con la corrispondente affezione dell&#8217;uomo, mentre la terza causa un complesso quadro morboso, definito &#8220;malattia di Stoccarda&#8221; o &#8220;tifo canino&#8221;.<br \/>\n La forma itteroemorragica \u00e8 caratterizzata da febbre elevata, prostrazione, ittero, emorragie diffuse a tutti i parenchimi, feci sanguinolente e alterazione dei parametri urinari; il decorso pu\u00f2 essere molto rapido con esito infausto. Accanto a quadri clinici caratteristici, non sono rare le forme pi\u00f9 miti, anitteriche, con sintomi generali aspecifici, di difficile diagnosi.<br \/>\n Il &#8220;tifo canino&#8221; \u00e8 caratterizzato fondamentalmente da nefrite interstiziale con grave uremia, da gastroenterite emorragica e da stomatite ulcerosa. Il decorso \u00e8 infausto in un&#8217;alta percentuale di casi.<br \/>\n \u00a0<br \/>\n Nel <strong>cavallo<\/strong> la malattia si manifesta raramente: le sierovarianti Icterohaemorrhagiae, Copenhageni e, pi\u00f9 raramente, Pomona possono colpire i puledri con sintomi riconducibili alle forme itteroemorragiche.<br \/>\n Assai diffuse sono invece le infezioni da leptospire del sierogruppo Australis (in particolare serovar Bratislava) isolate da reni di animali infetti nei quali \u00e8 stata riscontrata anche positivit\u00e0 sierologica.<br \/>\n \u00c8 probabile che anche l&#8217;oftalmite periodica sia legata all&#8217;azione patogena delle leptospire: sono stati chiamati in causa diversi serovar e, tra questi, per quanto attiene al territorio italiano, Bratislava, Icterohaemorrhagiae e Pomona.<br \/>\n \u00a0<br \/>\n Il <strong>gatto<\/strong> raramente si infetta e ancor meno frequentemente si ammala: a eccezione di alcuni isolamenti avvenuti da animali sani in Paesi extraeuropei, tutte le ricerche hanno fornito esiti scarsamente indicativi. Ci\u00f2 depone per una resistenza di questa specie animale nei confronti di <em>Leptospira<\/em>.<br \/>\n \u00a0<br \/>\n I <strong>volatili<\/strong>, inclusi quelli domestici (polli e palmipedi) si infettano nei confronti di numerosi serovar, ma raramente ammalano. Gli uccelli domestici hanno peraltro un ruolo epidemiologico irrilevante a differenza di altre specie, tra cui alcuni uccelli migratori, che sono in grado di ospitare le leptospire per lunghi periodi e, a causa del loro comportamento, trasferirle a lunga distanza.<\/p>\n","protected":false},"excerpt":{"rendered":"<p>La leptospirosi \u00e8 una zoonosi a diffusione mondiale sostenuta da ceppi patogeni del genere Leptospira. \u00a0 \u00c8 un&#8217;infezione con una epidemiologia complessa che comprende numerosi ospiti, sia nell&#8217;ambito degli animali domestici che selvatici, e diverse vie di trasmissione in un intreccio di relazioni non ancora completamente comprese. Le specie animali possono fungere da ospiti di [&hellip;]<\/p>\n","protected":false},"author":18,"featured_media":0,"parent":42,"menu_order":0,"comment_status":"open","ping_status":"open","template":"","meta":{"ip_address":"","user_agent":"","level":"","revision":"","cookie_id":"","page_referer":"","html_form":""},"_links":{"self":[{"href":"https:\/\/www.izsler.it\/crnl\/wp-json\/wp\/v2\/pages\/43"}],"collection":[{"href":"https:\/\/www.izsler.it\/crnl\/wp-json\/wp\/v2\/pages"}],"about":[{"href":"https:\/\/www.izsler.it\/crnl\/wp-json\/wp\/v2\/types\/page"}],"author":[{"embeddable":true,"href":"https:\/\/www.izsler.it\/crnl\/wp-json\/wp\/v2\/users\/18"}],"replies":[{"embeddable":true,"href":"https:\/\/www.izsler.it\/crnl\/wp-json\/wp\/v2\/comments?post=43"}],"version-history":[{"count":0,"href":"https:\/\/www.izsler.it\/crnl\/wp-json\/wp\/v2\/pages\/43\/revisions"}],"up":[{"embeddable":true,"href":"https:\/\/www.izsler.it\/crnl\/wp-json\/wp\/v2\/pages\/42"}],"wp:attachment":[{"href":"https:\/\/www.izsler.it\/crnl\/wp-json\/wp\/v2\/media?parent=43"}],"curies":[{"name":"wp","href":"https:\/\/api.w.org\/{rel}","templated":true}]}}