{"id":5,"date":"2025-06-06T09:15:14","date_gmt":"2025-06-06T07:15:14","guid":{"rendered":"http:\/\/crnl.izsler-wp.glauco.it\/?page_id=5"},"modified":"2026-02-27T12:02:19","modified_gmt":"2026-02-27T11:02:19","slug":"crnl","status":"publish","type":"page","link":"https:\/\/www.izsler.it\/crnl\/","title":{"rendered":"Centro di Referenza Nazionale per la Leptospirosi"},"content":{"rendered":"<p>Istituito con D.M. 4 ottobre 1999 presso la Sede centrale dell\u2019Istituto Zooprofilattico Sperimentale della Lombardia e dell\u2019Emilia-Romagna, si articola su pi\u00f9 strutture dell\u2019Istituto coinvolgendo figure professionali diverse che collaborano, ognuna per il proprio settore di competenza, alle attivit\u00e0 del Centro.<\/p>\n<p>Rappresenta la continuazione dell\u2019attivit\u00e0 del Centro Veterinario per lo Studio delle Leptospirosi, istituito dal Ministero della Sanit\u00e0 presso la Facolt\u00e0 di Medicina Veterinaria dell\u2019Universit\u00e0 degli Studi di Pisa. Questo Centro fu diretto dal 1963 al 1994 dal prof. <a href=\"https:\/\/www.izsler.it\/crnl\/wp-content\/uploads\/sites\/12\/2025\/06\/Farina_in_ricordo.pdf\" target=\"_blank\" rel=\"noopener\">Renato Farina<\/a>, uno dei maggiori studiosi dell\u2019infezione in Italia e autore di importanti pubblicazioni al riguardo, soprattutto nel settore degli animali da reddito. Grazie alla collaborazione e ai frequenti contatti con l\u2019Universit\u00e0 di Pisa, l\u2019ampia esperienza del prof. Farina fu trasferita alla dott.ssa Silvia Tagliabue che fu la prima a dirigere il Centro di Referenza Nazionale dal 2000 al 2014.<\/p>\n<p>Dal 13 ottobre 2015, responsabile del Centro \u00e8 il dott. Mario D\u2019Incau, veterinario dirigente del Laboratorio di Batteriologia Specializzata che fa parte del Reparto Tecnologie Biologiche Applicate della Sede di Brescia.<\/p>\n","protected":false},"excerpt":{"rendered":"<p>Istituito con D.M. 4 ottobre 1999 presso la Sede centrale dell\u2019Istituto Zooprofilattico Sperimentale della Lombardia e dell\u2019Emilia-Romagna, si articola su pi\u00f9 strutture dell\u2019Istituto coinvolgendo figure professionali diverse che collaborano, ognuna per il proprio settore di competenza, alle attivit\u00e0 del Centro. Rappresenta la continuazione dell\u2019attivit\u00e0 del Centro Veterinario per lo Studio delle Leptospirosi, istituito dal Ministero [&hellip;]<\/p>\n","protected":false},"author":18,"featured_media":1743,"parent":0,"menu_order":0,"comment_status":"closed","ping_status":"closed","template":"","meta":{"ip_address":"","user_agent":"","level":"","revision":"","cookie_id":"","page_referer":"","html_form":""},"_links":{"self":[{"href":"https:\/\/www.izsler.it\/crnl\/wp-json\/wp\/v2\/pages\/5"}],"collection":[{"href":"https:\/\/www.izsler.it\/crnl\/wp-json\/wp\/v2\/pages"}],"about":[{"href":"https:\/\/www.izsler.it\/crnl\/wp-json\/wp\/v2\/types\/page"}],"author":[{"embeddable":true,"href":"https:\/\/www.izsler.it\/crnl\/wp-json\/wp\/v2\/users\/18"}],"replies":[{"embeddable":true,"href":"https:\/\/www.izsler.it\/crnl\/wp-json\/wp\/v2\/comments?post=5"}],"version-history":[{"count":10,"href":"https:\/\/www.izsler.it\/crnl\/wp-json\/wp\/v2\/pages\/5\/revisions"}],"predecessor-version":[{"id":2684,"href":"https:\/\/www.izsler.it\/crnl\/wp-json\/wp\/v2\/pages\/5\/revisions\/2684"}],"wp:featuredmedia":[{"embeddable":true,"href":"https:\/\/www.izsler.it\/crnl\/wp-json\/wp\/v2\/media\/1743"}],"wp:attachment":[{"href":"https:\/\/www.izsler.it\/crnl\/wp-json\/wp\/v2\/media?parent=5"}],"curies":[{"name":"wp","href":"https:\/\/api.w.org\/{rel}","templated":true}]}}