{"id":9,"date":"2025-06-05T09:40:00","date_gmt":"2025-06-05T07:40:00","guid":{"rendered":"http:\/\/crnl.izsler-wp.glauco.it\/attivita\/"},"modified":"2025-06-19T08:43:33","modified_gmt":"2025-06-19T06:43:33","slug":"attivita","status":"publish","type":"page","link":"https:\/\/www.izsler.it\/crnl\/attivita\/","title":{"rendered":"Attivit\u00e0 e servizi"},"content":{"rendered":"<p>Le principali attivit\u00e0 del Centro si svolgono all&#8217;interno delle strutture del Reparto Tecnologie Biologiche Applicate e in particolare del Laboratorio di Batteriologia Specializzata e del Laboratorio di Diagnostica Molecolare e OGM.<\/p>\n<p>Il <strong>Laboratorio di Batteriologia Specializzata<\/strong> dispone delle attrezzature necessarie per l&#8217;attivit\u00e0 di diagnostica sierologica (che viene attuata per tutte le strutture IZSLER), batteriologica e bio-molecolare, per la produzione e la conservazione di ceppi di riferimento e di campo e per le attivit\u00e0 di ricerca.<\/p>\n<p>Il <strong>Laboratorio di Diagnostica Molecolare e OGM<\/strong> mette a disposizione strutture, attrezzature e competenze per l&#8217;attivit\u00e0 diagnostica e opera per lo sviluppo di metodiche innovative di biologia molecolare per la caratterizzazione dei ceppi isolati e per la ricerca e la caratterizzazione di leptospire patogene nei campioni biologici.<\/p>\n<p>Il Centro si avvale anche della collaborazione di altre strutture IZSLER quali:<\/p>\n<ul>\n<li><strong>Reparto Produzione e Controllo di Materiale Biologico<\/strong>: per la produzione di vaccini stabulogeni, di auto-vaccini e di antisieri diagnostici.<\/li>\n<li><strong>Sede Territoriale di Milano &#8211; Laboratorio di Istologia<\/strong>: per l&#8217;esecuzione di esami istologici.<\/li>\n<li><strong>Osservatori Epidemiologici Regionali<\/strong>: per il supporto alla gestione di focolai.<\/li>\n<\/ul>\n<h5><strong>Principali attivit\u00e0:<\/strong><\/h5>\n<p>A) <strong><a href=\"https:\/\/www.izsler.it\/crnl\/attivita\/metodi-analitici-mmpp\/\" rel=\"noopener\">Attivit\u00e0 diagnostica<\/a><\/strong>:<\/p>\n<ul>\n<li>prove sierologiche mediante agglutinazione microscopica (MAT)<\/li>\n<li>ricerca dell\u2019agente eziologico mediante prove microbiologiche e di biologia molecolare<\/li>\n<li>caratterizzazione sierologica degli isolati<\/li>\n<li>caratterizzazione genica (a partire da isolati o da acidi nucleici) mediante prove di biologia molecolare<\/li>\n<\/ul>\n<p>B) <a href=\"https:\/\/www.izsler.it\/crnl\/attivita\/produzioni\/\" rel=\"noopener\"><strong>Produzione<\/strong><\/a> e distribuzione di reagenti (antisieri e sistemi di saggio per prove diagnostiche), di vaccini stabulogeni e di autovaccini<\/p>\n<p>C) Mantenimento della collezione di ceppi di <em>Leptospira<\/em> di referenza e di campo inclusi nella Biobanca IZSLER (IBVR).<\/p>\n<h5><strong>Principali servizi:<\/strong><\/h5>\n<ul>\n<li>Sviluppo di metodiche analitiche e coordinamento dei laboratori a livello nazionale per l\u2019armonizzazione e il miglioramento delle competenze diagnostiche<\/li>\n<li>Formazione di operatori sanitari, di ricercatori italiani e stranieri sulle attivit\u00e0 diagnostiche<\/li>\n<li>Organizzazione di circuiti inter-laboratorio (<strong><a href=\"https:\/\/www.izsler.it\/crnl\/attivita\/ring-test\/\">Ring Test<\/a><\/strong>), destinati ai laboratori degli Istituti Zooprofilattici, per la diagnosi di leptospirosi mediante prove sierologiche e di biologia molecolare<\/li>\n<li>Supporto tecnico-scientifico alle autorit\u00e0 sanitarie a livello locale e nazionale per la stesura di piani di controllo e per la gestione di focolai<\/li>\n<li>Raccolta e elaborazione di dati sull&#8217;attivit\u00e0 di laboratorio degli Istituti Zooprofilattici<\/li>\n<\/ul>\n<p>Il Centro svolge inoltre attivit\u00e0 di ricerca nell\u2019ambito di <strong><a href=\"https:\/\/www.izsler.it\/crnl\/attivita\/progetti-di-ricerca\/\" rel=\"noopener\">progetti<\/a><\/strong> nazionali, finanziati dal Ministero della Salute, o regionali.<\/p>\n<p>Tutte le attivit\u00e0 svolte e quelle che il Centro ha pianificato di svolgere vengono riportate in una <a href=\"https:\/\/www.izsler.it\/crnl\/wp-content\/uploads\/sites\/12\/2025\/06\/CRNL_relazione_2024.pdf\" target=\"_blank\" rel=\"noopener\"><strong>relazione annuale<\/strong><\/a> presentata al Ministero della Salute, ai sensi dell&#8217;art. 5 del D.M. 4 ottobre 1999.<\/p>\n<p>Il Centro\u00a0conforma le proprie attivit\u00e0 di laboratorio al Sistema di Gestione per la Qualit\u00e0 dell&#8217;IZSLER basato sui requisiti per l&#8217;accreditamento dei laboratori di prova e taratura definiti nella norma internazionale UNI CEI EN ISO\/IEC 17025. L&#8217;adesione ai suddetti standard costituisce garanzia della competenza tecnica e dell&#8217;imparzialit\u00e0 del laboratorio nell&#8217;effettuazione delle prove ed \u00e8, in ragione di ci\u00f2, anche strumento per il mutuo riconoscimento dei risultati di prova in ambito internazionale.<\/p>\n<p>Per ulteriori informazioni relative alle prestazioni \u00e8 possibile consultare l&#8217;<a href=\"https:\/\/www.izsler.it\/crnl\/attivita\/metodi-analitici-mmpp\/\">elenco delle metodiche<\/a> impiegate nonch\u00e9 la <a href=\"https:\/\/trasparenza.izsler.it\/docForward.jsp?idDoc=1380\" target=\"_blank\" rel=\"noopener\">Carta dei Servizi<\/a> e il <a href=\"https:\/\/archive.izsler.it\/izs_bs\/ftp\/materiali_ftp\/tariffarioIZSLER.pdf\" target=\"_blank\" rel=\"noopener\">Tariffario<\/a>.<\/p>\n","protected":false},"excerpt":{"rendered":"<p>Le principali attivit\u00e0 del Centro si svolgono all&#8217;interno delle strutture del Reparto Tecnologie Biologiche Applicate e in particolare del Laboratorio di Batteriologia Specializzata e del Laboratorio di Diagnostica Molecolare e OGM. Il Laboratorio di Batteriologia Specializzata dispone delle attrezzature necessarie per l&#8217;attivit\u00e0 di diagnostica sierologica (che viene attuata per tutte le strutture IZSLER), batteriologica e [&hellip;]<\/p>\n","protected":false},"author":18,"featured_media":2029,"parent":0,"menu_order":0,"comment_status":"open","ping_status":"open","template":"","meta":{"ip_address":"","user_agent":"","level":"","revision":"","cookie_id":"","page_referer":"","html_form":""},"_links":{"self":[{"href":"https:\/\/www.izsler.it\/crnl\/wp-json\/wp\/v2\/pages\/9"}],"collection":[{"href":"https:\/\/www.izsler.it\/crnl\/wp-json\/wp\/v2\/pages"}],"about":[{"href":"https:\/\/www.izsler.it\/crnl\/wp-json\/wp\/v2\/types\/page"}],"author":[{"embeddable":true,"href":"https:\/\/www.izsler.it\/crnl\/wp-json\/wp\/v2\/users\/18"}],"replies":[{"embeddable":true,"href":"https:\/\/www.izsler.it\/crnl\/wp-json\/wp\/v2\/comments?post=9"}],"version-history":[{"count":50,"href":"https:\/\/www.izsler.it\/crnl\/wp-json\/wp\/v2\/pages\/9\/revisions"}],"predecessor-version":[{"id":2038,"href":"https:\/\/www.izsler.it\/crnl\/wp-json\/wp\/v2\/pages\/9\/revisions\/2038"}],"wp:featuredmedia":[{"embeddable":true,"href":"https:\/\/www.izsler.it\/crnl\/wp-json\/wp\/v2\/media\/2029"}],"wp:attachment":[{"href":"https:\/\/www.izsler.it\/crnl\/wp-json\/wp\/v2\/media?parent=9"}],"curies":[{"name":"wp","href":"https:\/\/api.w.org\/{rel}","templated":true}]}}