{"id":27,"date":"2018-03-14T14:07:00","date_gmt":"2018-03-14T13:07:00","guid":{"rendered":"http:\/\/crnresa.izsler-wp.glauco.it\/home\/ambiti\/"},"modified":"2025-09-18T11:31:15","modified_gmt":"2025-09-18T09:31:15","slug":"ambiti","status":"publish","type":"page","link":"https:\/\/www.izsler.it\/crnresa\/home\/attivita\/ambiti\/","title":{"rendered":"Ambiti"},"content":{"rendered":"<div style=\"text-align: justify\">\n<p><strong>Controllo Alimenti &#8211; Pericoli biologici<\/strong><\/p>\n<p>L&#8217;attivit\u00e0 del Reparto Controllo Alimenti si esplica nell&#8217;esecuzione di controlli su alimenti provenienti dalle filiere delle produzioni animali e vegetali. Le tipologie di prove e controlli spaziano dalla rilevazione e\/o quantificazione di parametri microbiologici tecnologici (flore lattiche), parametri indicatori di igiene , di microrganismi potenzialmente patogeni per l&#8217;uomo e delle loro tossine.<br \/>\nIl Reparto supporta con le attivit\u00e0 di laboratorio le autorit\u00e0 competenti in materia di sanit\u00e0 pubblica per i campionamenti previsti nell&#8217;ambito dei diversi piani di controllo regionali o nazionali, nell&#8217;ambito di piani di sorveglianza per specifiche filiere produttive o sui prodotti destinati all&#8217;esportazione verso paesi terzi. Il Reparto esegue anche analisi su campioni alimentari per privati nell&#8217;ambito dei controlli previsti\u00a0 nel sistema dell'&#8221;autocontrollo&#8221;.<br \/>\nIl Reparto inoltre effettua attivit\u00e0 di caratterizzazione microbiologica di prodotti tradizionali, challenge test, secondo le indicazione dei protocolli internazionali, con contaminazione sperimentale di alimenti sia in corso di trasformazione sia per una valutazione della shelf life di prodotti pronti al consumo nonch\u00e9 prove di validazione di trattamenti termici.<br \/>\nI risultati di tali test vengono utilizzati per un confronto\/validazione dei modelli di microbiologia predittiva riguardo al comportamento dei microrganismi potenzialmente patogeni per l&#8217;uomo e le informazioni ottenute vengono rese disponibili all&#8217;autorit\u00e0 Sanitaria o ai produttori per l&#8217;effettuazione di una corretta analisi del rischio con la finalit\u00e0 di migliorare la sicurezza degli alimenti a tutela della salute del consumatore.<\/p>\n<p><strong>Controllo Alimenti\u00a0&#8211; Pericoli chimici<\/strong><\/p>\n<p>I controlli chimici\u00a0 vengono effettuati su alimenti provenienti dalle filiere delle produzioni animali e vegetali.\u00a0 Le tipologie di prove e controlli sono assai diversificate e\u00a0 spaziano dai controlli della conformit\u00e0 a quanto dichiarato in etichetta, alla presenza di additivi consentiti o non, alla caratterizzazione nutrizionale degli alimenti tradizionali fino alla rilevazione della presenza di additivi o sostanze vietate (o soggette a limiti di utilizzo). Il Reparto opera nell&#8217;ambito di programmi di campionamento o di specifiche indagini a supporto delle autorit\u00e0 competenti in materia di sanit\u00e0 e repressione frodi (Servizi Veterinari ASL, NAS, UVAC, PIF, ecc.), e contribuisce, a indirizzare gli operatori del settore verso modalit\u00e0 di produzione pi\u00f9 corrette e verso un impiego pi\u00f9 razionale dei farmaci veterinari e delle sostanze consentite.<\/p>\n<p><strong>Qualit\u00e0 del latte<\/strong><\/p>\n<p>Una vasta attivit\u00e0 analitica, oltre un milione di analisi\/anno, viene effettuata a supporto del servizio veterinario pubblico, dei produttori, dei trasformatori e degli altri operatori privati della filiere produttiva lattiero-casearia. Il Centro produzioni zootecniche della sede centrale, ed il Laboratorio latte della Sezione di Piacenza, assicurano, attraverso il sistema di pagamento del latte in base alla qualit\u00e0, il controllo quindicinale del latte (circa il 40% di quello nazionale) per i parametri sanitari, igienici e merceologici. Simile attivit\u00e0 analitica viene svolta, a supporto dei servizi veterinari delle Aziende Sanitarie Locali delle due regioni di competenza, nell&#8217;ambito dei controlli previsti dalla normativa vigente sul latte ed i prodotti a base di latte. A completare l&#8217;offerta di determinazioni analitiche dei laboratori sono poi le numerose prove eseguite su richiesta degli operatori privati del settore (ad esempio per la diagnosi della mastite, per il controllo dei processi produttivi in caseificio ecc.).<\/p>\n<p><strong>Centro di referenza regionale per la determinazione rapida degli agenti batterici ad alta diffusione a potenziale impiego bioterroristico &#8211; Sezione Diagnostica di Pavia<\/strong><\/p>\n<p>E&#8217; il punto di riferimento per le analisi su batteri patogeni ad alta diffusione quali\u00a0\u00a0Bacillus anthracis, Francisella tularensis, Yersinia pestis, Burkholderia mallei, Burkholderia pseudomallei, Brucella abortus, Brucella melitensis, Coxiella burnetii, ovvero su quegli agenti batterici che, per la loro capacit\u00e0 infettante per gli animali e per l&#8217;uomo, sono in grado di diffondersi nell&#8217;ambiente e possono rappresentare rischi per la comunit\u00e0. Tra essi si ritrovano agenti responsabili di malattie storicamente note ma ancora attuali come l&#8217;Antrace, la Tularemia, la Peste, la Febbre Q, la Brucellosi, la Morva.<\/p>\n<p><strong>Osservatori Epidemiologici<\/strong><\/p>\n<p>Le competenze degli osservatori sono eminentemente di consulenza tecnico-scientifica e informativa, al servizio degli organi di governo sanitario regionale e dei\u00a0Centri di referenza nazionali.<br \/>\nIn particolare, la funzione degli osservatori \u00e8 interdisciplinare ed essi sono il punto di riferimento dei flussi informativi riguardanti la sanit\u00e0 animale e l&#8217;igiene degli alimenti che coinvolgono le attivit\u00e0 delle Aziende Sanitarie Locali territoriali, delle Strutture centrali e territoriali dell&#8217;Istituto e dei servizi veterinari regionali.<br \/>\nLa raccolta, l&#8217;organizzazione, la validazione e l&#8217;elaborazione statistica dei dati consente agli osservatori di produrre reports sulla dinamica dello stato di salute e di malattia della popolazione animale, che, a disposizione degli organi di governo sanitario, costituiscono un prezioso ausilio nell&#8217;ambito del processo decisionale relativo alla pianificazione e programmazione sanitaria.<br \/>\nUn altro campo di intervento \u00e8 l&#8217;implementazione delle anagrafi aziendali delle specie bovina, suina, avicola, ovi-caprina ed equina cui si \u00e8 associata l&#8217;attivit\u00e0 di georeferenziazione (rilevamento delle coordinate geografiche) degli allevamenti sul territorio regionale, indispensabile per poter gestire in modo appropriato i dati raccolti nelle attivit\u00e0 di sorveglianza epidemiologica e far fronte tempestivamente alle emergenze epidemiche.<br \/>\nL&#8217;analisi dei fattori di rischio e la realizzazione di un prototipo di sistema informativo esperto per la gestione ed il governo delle emergenze epidemiche rappresentano attivit\u00e0 che negli ultimi anni vanno consolidandosi anche attraverso la partecipazione a progetti di ricerca nazionali.<\/p>\n<p><strong>Analisi Del Rischio<\/strong><\/p>\n<p>Le attivit\u00e0 del Reparto sono legate all&#8217;analisi dei dati derivanti dalle indagini in sanit\u00e0 animale e del controllo delle produzioni alimentari per la valutazione del rischio.<\/p>\n<\/div>\n","protected":false},"excerpt":{"rendered":"<p>Controllo Alimenti &#8211; Pericoli biologici L&#8217;attivit\u00e0 del Reparto Controllo Alimenti si esplica nell&#8217;esecuzione di controlli su alimenti provenienti dalle filiere delle produzioni animali e vegetali. Le tipologie di prove e controlli spaziano dalla rilevazione e\/o quantificazione di parametri microbiologici tecnologici (flore lattiche), parametri indicatori di igiene , di microrganismi potenzialmente patogeni per l&#8217;uomo e delle [&hellip;]<\/p>\n","protected":false},"author":18,"featured_media":0,"parent":22,"menu_order":0,"comment_status":"open","ping_status":"open","template":"","meta":{"ip_address":"","user_agent":"","level":"","revision":"","cookie_id":"","page_referer":"","html_form":""},"_links":{"self":[{"href":"https:\/\/www.izsler.it\/crnresa\/wp-json\/wp\/v2\/pages\/27"}],"collection":[{"href":"https:\/\/www.izsler.it\/crnresa\/wp-json\/wp\/v2\/pages"}],"about":[{"href":"https:\/\/www.izsler.it\/crnresa\/wp-json\/wp\/v2\/types\/page"}],"author":[{"embeddable":true,"href":"https:\/\/www.izsler.it\/crnresa\/wp-json\/wp\/v2\/users\/18"}],"replies":[{"embeddable":true,"href":"https:\/\/www.izsler.it\/crnresa\/wp-json\/wp\/v2\/comments?post=27"}],"version-history":[{"count":1,"href":"https:\/\/www.izsler.it\/crnresa\/wp-json\/wp\/v2\/pages\/27\/revisions"}],"predecessor-version":[{"id":138,"href":"https:\/\/www.izsler.it\/crnresa\/wp-json\/wp\/v2\/pages\/27\/revisions\/138"}],"up":[{"embeddable":true,"href":"https:\/\/www.izsler.it\/crnresa\/wp-json\/wp\/v2\/pages\/22"}],"wp:attachment":[{"href":"https:\/\/www.izsler.it\/crnresa\/wp-json\/wp\/v2\/media?parent=27"}],"curies":[{"name":"wp","href":"https:\/\/api.w.org\/{rel}","templated":true}]}}