{"id":64,"date":"2023-12-18T10:50:18","date_gmt":"2023-12-18T09:50:18","guid":{"rendered":"https:\/\/www.izsler.it\/pinfoa\/?page_id=64"},"modified":"2023-12-19T08:14:47","modified_gmt":"2023-12-19T07:14:47","slug":"validatori","status":"publish","type":"page","link":"https:\/\/www.izsler.it\/pinfoa\/validatori\/","title":{"rendered":"VALIDATORI"},"content":{"rendered":"<p align=\"justify\"><strong><span style=\"font-size: medium\">Enti validatori<\/span><\/strong><span style=\"font-size: medium\"><strong>:<\/strong> Regioni e Province autonome che validano i programmi formativi attraverso il validatore incaricato;<\/span><\/p>\n<p align=\"justify\"><strong><span style=\"font-size: medium\">Validatori<\/span><\/strong><span style=\"font-size: medium\">: soggetti identificati e incaricati dalle Regioni e Province autonome abilitati alla validazione dei programmi formativi.<\/span><\/p>\n<p class=\"western\" align=\"justify\"><span style=\"font-size: medium\">Le Regioni e le Province autonome, attraverso i validatori incaricati e accreditati sulla piattaforma, validano, previa verifica della conformit\u00e0 alle disposizioni del DM, i programmi formativi inseriti in Piattaforma dagli Enti\/soggetti formatori accreditati entro 30 giorni dalla data di inserimento. A tal fine, il 20esimo giorno dall\u2019inserimento, il sistema invia un allert via mail alla\/e Regione\/i e Provincia\/e competente\/i alla validazione. Allo scadere del trentesimo giorno dall\u2019inserimento, il programma formativo si intende approvato, fatta salva la responsabilit\u00e0 del singolo Ente\/soggetto formatore in merito alla rispondenza ai requisiti previsti da DM, autocertificata all\u2019atto dell\u2019inserimento del programma in piattaforma.<\/span><\/p>\n<p class=\"western\" align=\"justify\"><span style=\"font-size: medium\">Qualora l\u2019evento formativo preveda l\u2019erogazione in presenza in pi\u00f9 sedi collocate in diverse Regioni o Province autonome o sia proposto in modalit\u00e0 FAD, la validazione effettuata da una Regione o Provincia autonoma competente \u00e8 da ritenersi valida per tutte le altre a meno che nei trenta giorni dall\u2019inserimento in Piattaforma non sia stata oggetto di esplicita opposizione o richiesta di integrazione ai fini della validazione.<\/span><\/p>\n<p align=\"justify\">\n","protected":false},"excerpt":{"rendered":"<p>Enti validatori: Regioni e Province autonome che validano i programmi formativi attraverso il validatore incaricato; Validatori: soggetti identificati e incaricati dalle Regioni e Province autonome abilitati alla validazione dei programmi formativi. Le Regioni e le Province autonome, attraverso i validatori incaricati e accreditati sulla piattaforma, validano, previa verifica della conformit\u00e0 alle disposizioni del DM, i [&hellip;]<\/p>\n","protected":false},"author":7,"featured_media":0,"parent":0,"menu_order":0,"comment_status":"closed","ping_status":"closed","template":"","meta":{"ip_address":"","user_agent":"","level":"","revision":"","cookie_id":"","page_referer":"","html_form":""},"_links":{"self":[{"href":"https:\/\/www.izsler.it\/pinfoa\/wp-json\/wp\/v2\/pages\/64"}],"collection":[{"href":"https:\/\/www.izsler.it\/pinfoa\/wp-json\/wp\/v2\/pages"}],"about":[{"href":"https:\/\/www.izsler.it\/pinfoa\/wp-json\/wp\/v2\/types\/page"}],"author":[{"embeddable":true,"href":"https:\/\/www.izsler.it\/pinfoa\/wp-json\/wp\/v2\/users\/7"}],"replies":[{"embeddable":true,"href":"https:\/\/www.izsler.it\/pinfoa\/wp-json\/wp\/v2\/comments?post=64"}],"version-history":[{"count":3,"href":"https:\/\/www.izsler.it\/pinfoa\/wp-json\/wp\/v2\/pages\/64\/revisions"}],"predecessor-version":[{"id":97,"href":"https:\/\/www.izsler.it\/pinfoa\/wp-json\/wp\/v2\/pages\/64\/revisions\/97"}],"wp:attachment":[{"href":"https:\/\/www.izsler.it\/pinfoa\/wp-json\/wp\/v2\/media?parent=64"}],"curies":[{"name":"wp","href":"https:\/\/api.w.org\/{rel}","templated":true}]}}