{"id":93,"date":"2023-12-18T16:25:05","date_gmt":"2023-12-18T15:25:05","guid":{"rendered":"https:\/\/www.izsler.it\/pinfoa\/?page_id=93"},"modified":"2024-01-23T20:11:18","modified_gmt":"2024-01-23T19:11:18","slug":"domande-frequenti","status":"publish","type":"page","link":"https:\/\/www.izsler.it\/pinfoa\/domande-frequenti\/","title":{"rendered":"Domande frequenti"},"content":{"rendered":"<p><strong>DESTINATARI DELLA FORMAZIONE (Operatori, Trasportatori, Professionisti degli animali)<\/strong><\/p>\n<p><strong>D. Sono destinatario della formazione quando posso cominciare a formarmi\u00a0 ai sensi del DM 6 settembre 2023?\u00a0<\/strong><\/p>\n<p>R. I corsi saranno attivi dal 1 gennaio 2025. E possibile che alcuni corsi vengano erogati prima, ma non cambier\u00e0 la loro validit\u00e0 che sar\u00e0 riferita al triennio 2025&#8211;2028.<\/p>\n<p><strong>D. Sono destinatario della formazione, ma ho gi\u00e0 fatto i corsi sul benessere previsti dalle norme sul benessere, sono esentato dalla formazione ai sensi del DM 6 settembre 2023?<\/strong><\/p>\n<p>R. No,\u00a0La formazione di cui al DM 6 settembre \u00e8 finalizzata all\u2019acquisizione, da parte degli operatori della sanit\u00e0 animale e dei professionisti degli animali, delle conoscenze di cui all\u2019articolo 11 del Reg. (UE) 2016\/429 sulla cui base sono stati declinati i contenuti dei programmi formativi obbligatori. Tali contenuti solo in minima parte fanno riferimento a materie trasversali che riguardano anche il benessere animale, ma in nessun modo possono ritenersi esaustivi di tutti i contenuti oggetto degli specifici obblighi formativi degli allevatori, trasportatori e operatori dei macelli introdotti dalla normativa di settore, come armonizzata nel Piano nazionale benessere animale (PNBA).<\/p>\n<p><strong>D. Sono un trasportatore gi\u00e0 abilitato come conducente\/guardiano ai sensi del reg. 1\/2005 devo formarmi anche ai sensi del DM 6\u00a0 settembre 2023?<\/strong><\/p>\n<p>R. Si. La formazione\u00a0 ai sensi del DM 6 settembre 2023 \u00e8 obbligatoria anche per conducenti\/guardiani gi\u00e0 abilitati ai sensi del reg. 1\/2055<\/p>\n<p>&nbsp;<\/p>\n<p><strong>ENTI FORMATORI<\/strong><\/p>\n<p><strong>D. Sono un ente formatore quando potr\u00f2 presentare i miei programmi a sensi del DM 6 Settembre 2023?<\/strong><\/p>\n<p>R.\u00a0 A partire da maggio 2024 e fino al 31 ottobre 2024 sar\u00e0 possibile presentare i corsi in piattaforma per farli approvare alle regioni<\/p>\n<p><strong>D. Sono un ente formatore ho gi\u00e0 organizzato corsi per allevatori e professionisti degli animali in genere per il 2024 saranno validi ai sensi del DM 6 settembre 2023?<\/strong><\/p>\n<p>R. No. I corsi organizzati senza seguire il percorso autorizzativo previsto dal DM\u00a0 non sono validi. Non\u00a0 \u00e8 prevista la validazione retroattiva dei corsi<\/p>\n<p><strong>D. Sono un ente formatore, ma non rientro nelle categorie previste dall&#8217;art. 4 del DM 6 settembre 2024 posso registrarmi sul portale?<\/strong><\/p>\n<p>R. No. Se al momento della registrazione viene a mancare il requisito di appartenenza all&#8217;elenco dell&#8217; art.4 del DM non sar\u00e0 possibile registrarsi n\u00e8 caricare corsi<\/p>\n<p><strong>D. Siamo una associazione di categoria possiamo svolgere attivit\u00e0 formativa ai sensi del DM 6 settembre 2023?<\/strong><\/p>\n<p>R. No. E&#8217; possibile che l&#8217;associazione commissioni il corso ad un ente formatore di cui all&#8217;art.4\u00a0 del DM oppure si doti di un ente che possa essere incluso nelle categorie dei formatori presenti al all&#8217;art.4 comma 1.<\/p>\n<p><strong>D. Le ASL sono enti formatori?<\/strong><\/p>\n<p>R. Si. All&#8217;art. 4 comma 1 punto e) sono espressamente indicate come enti formatori<\/p>\n<p>&nbsp;<\/p>\n<p>&nbsp;<\/p>\n<p>&nbsp;<\/p>\n<p>&nbsp;<\/p>\n","protected":false},"excerpt":{"rendered":"<p>DESTINATARI DELLA FORMAZIONE (Operatori, Trasportatori, Professionisti degli animali) D. Sono destinatario della formazione quando posso cominciare a formarmi\u00a0 ai sensi del DM 6 settembre 2023?\u00a0 R. I corsi saranno attivi dal 1 gennaio 2025. E possibile che alcuni corsi vengano erogati prima, ma non cambier\u00e0 la loro validit\u00e0 che sar\u00e0 riferita al triennio 2025&#8211;2028. D. [&hellip;]<\/p>\n","protected":false},"author":7,"featured_media":0,"parent":0,"menu_order":0,"comment_status":"closed","ping_status":"closed","template":"full-width-page.php","meta":{"ip_address":"","user_agent":"","level":"","revision":"","cookie_id":"","page_referer":"","html_form":""},"_links":{"self":[{"href":"https:\/\/www.izsler.it\/pinfoa\/wp-json\/wp\/v2\/pages\/93"}],"collection":[{"href":"https:\/\/www.izsler.it\/pinfoa\/wp-json\/wp\/v2\/pages"}],"about":[{"href":"https:\/\/www.izsler.it\/pinfoa\/wp-json\/wp\/v2\/types\/page"}],"author":[{"embeddable":true,"href":"https:\/\/www.izsler.it\/pinfoa\/wp-json\/wp\/v2\/users\/7"}],"replies":[{"embeddable":true,"href":"https:\/\/www.izsler.it\/pinfoa\/wp-json\/wp\/v2\/comments?post=93"}],"version-history":[{"count":8,"href":"https:\/\/www.izsler.it\/pinfoa\/wp-json\/wp\/v2\/pages\/93\/revisions"}],"predecessor-version":[{"id":99,"href":"https:\/\/www.izsler.it\/pinfoa\/wp-json\/wp\/v2\/pages\/93\/revisions\/99"}],"wp:attachment":[{"href":"https:\/\/www.izsler.it\/pinfoa\/wp-json\/wp\/v2\/media?parent=93"}],"curies":[{"name":"wp","href":"https:\/\/api.w.org\/{rel}","templated":true}]}}