{"id":5,"date":"2023-05-15T15:50:46","date_gmt":"2023-05-15T13:50:46","guid":{"rendered":"http:\/\/tbcentro.izsler-wp.glauco.it\/?page_id=5"},"modified":"2024-12-20T08:47:31","modified_gmt":"2024-12-20T07:47:31","slug":"centro-di-referenza-nazionale-per-la-tubercolosi-da-m-bovis","status":"publish","type":"page","link":"https:\/\/www.izsler.it\/tbcentro\/","title":{"rendered":"Centro di referenza nazionale per la tubercolosi da M. bovis"},"content":{"rendered":"<p><b>Introduzione<\/b><\/p>\n<p>Il centro di Referenza Nazionale per la tubercolosi da M. bovis (TBCentro) \u00e8 stato istituito presso l\u2019Istituto Zooprofilattico Sperimentale della Lombardia e dell\u2019Emilia-Romagna (IZSLER), sede centrale di Brescia, con il Decreto del Ministero della Salute del 4 Ottobre 1999 &#8220;Centri di referenza nazionali nel settore veterinario&#8221; che ne stabilisce anche i requisiti e i compiti istituzionali.<br \/>\nL\u2019attivit\u00e0 del TBCentro \u00e8 suddivisa tra 5 laboratori ed una unit\u00e0 epidemiologica (vedi organigramma) che si occupano di attivit\u00e0 diagnostica di base e specialistica, ricerca e consulenza.<br \/>\nA partire dal 2000 il TBCentro \u00e8 costantemente cresciuto in competenza ed attivit\u00e0 fornendo supporto ai servizi veterinari regionali e locali e al Ministero della Salute, partecipando a gruppi di lavoro nazionali ed internazionali, introducendo nuove tecniche diagnostiche, partecipando o gestendo attivit\u00e0 di ricerca e di formazione, partecipando a convegni nazionali ed internazionali, organizzando una rete di collaborazioni con gli IIZZSS.<br \/>\nNel 2016 ha ottenuto il riconoscimento di Laboratorio Nazionale di Riferimento (LNR ) per la tubercolosi bovina dal Ministero della Salute.<br \/>\nIl lavoro di ricerca e le collaborazioni costruite nel tempo con il Laboratorio Europeo di riferimento (VISAVET https:\/\/www.visavet.es\/bovinetuberculosis\/) e la rete nazionale dei referenti degli Istituti Zooprofilattici Sperimentali hanno permesso di:<br \/>\n&#8211; Aumentare il volume dell\u2019attivit\u00e0 diagnostica del TBCentro<br \/>\n&#8211; Ampliare ed aggiornare i metodi di isolamento ed identificazione dei micobatteri<br \/>\n&#8211; Raccogliere dati ed esperienze sulla presenza di micobatteri (del gruppo MtbC) nella fauna selvatica<br \/>\n&#8211; Organizzare e sviluppare una banca dati nazionale dei genotipi dei micobatteri del gruppo MtbC presente in Italia<br \/>\n&#8211; Sviluppare metodi sierologici ed immunologici basati sull\u2019utilizzo di antigeni ricombinanti<br \/>\n&#8211; Partecipare a progetti di ricerca multicentrici sia nazionali che internazionali.<\/p>\n<p><b>Organigramma<\/b><\/p>\n<p><img decoding=\"async\" loading=\"lazy\" class=\"alignnone  wp-image-2889\" src=\"https:\/\/www.izsler.it\/tbcentro\/wp-content\/uploads\/sites\/19\/2024\/12\/organigrammaTBCentro-1-300x144.jpg\" alt=\"\" width=\"780\" height=\"374\" srcset=\"https:\/\/www.izsler.it\/tbcentro\/wp-content\/uploads\/sites\/19\/2024\/12\/organigrammaTBCentro-1-300x144.jpg 300w, https:\/\/www.izsler.it\/tbcentro\/wp-content\/uploads\/sites\/19\/2024\/12\/organigrammaTBCentro-1-1024x491.jpg 1024w, https:\/\/www.izsler.it\/tbcentro\/wp-content\/uploads\/sites\/19\/2024\/12\/organigrammaTBCentro-1-768x368.jpg 768w, https:\/\/www.izsler.it\/tbcentro\/wp-content\/uploads\/sites\/19\/2024\/12\/organigrammaTBCentro-1.jpg 1204w\" sizes=\"(max-width: 780px) 100vw, 780px\" \/><\/p>\n<p>Aggiornato 18\/12\/2024<\/p>\n","protected":false},"excerpt":{"rendered":"<p>Introduzione Il centro di Referenza Nazionale per la tubercolosi da M. bovis (TBCentro) \u00e8 stato istituito presso l\u2019Istituto Zooprofilattico Sperimentale della Lombardia e dell\u2019Emilia-Romagna (IZSLER), sede centrale di Brescia, con il Decreto del Ministero della Salute del 4 Ottobre 1999 &#8220;Centri di referenza nazionali nel settore veterinario&#8221; che ne stabilisce anche i requisiti e i [&hellip;]<\/p>\n","protected":false},"author":18,"featured_media":0,"parent":0,"menu_order":0,"comment_status":"closed","ping_status":"closed","template":"","meta":{"ip_address":"","user_agent":"","level":"","revision":"","cookie_id":"","page_referer":"","html_form":""},"_links":{"self":[{"href":"https:\/\/www.izsler.it\/tbcentro\/wp-json\/wp\/v2\/pages\/5"}],"collection":[{"href":"https:\/\/www.izsler.it\/tbcentro\/wp-json\/wp\/v2\/pages"}],"about":[{"href":"https:\/\/www.izsler.it\/tbcentro\/wp-json\/wp\/v2\/types\/page"}],"author":[{"embeddable":true,"href":"https:\/\/www.izsler.it\/tbcentro\/wp-json\/wp\/v2\/users\/18"}],"replies":[{"embeddable":true,"href":"https:\/\/www.izsler.it\/tbcentro\/wp-json\/wp\/v2\/comments?post=5"}],"version-history":[{"count":5,"href":"https:\/\/www.izsler.it\/tbcentro\/wp-json\/wp\/v2\/pages\/5\/revisions"}],"predecessor-version":[{"id":2890,"href":"https:\/\/www.izsler.it\/tbcentro\/wp-json\/wp\/v2\/pages\/5\/revisions\/2890"}],"wp:attachment":[{"href":"https:\/\/www.izsler.it\/tbcentro\/wp-json\/wp\/v2\/media?parent=5"}],"curies":[{"name":"wp","href":"https:\/\/api.w.org\/{rel}","templated":true}]}}